{"id":20425,"date":"2026-03-01T16:49:02","date_gmt":"2026-03-01T14:49:02","guid":{"rendered":"https:\/\/elektrikas.ee\/p\/maaratlemata\/mechanical-brawl-robot-4001\/"},"modified":"2026-03-01T16:51:01","modified_gmt":"2026-03-01T14:51:01","slug":"mechanical-brawl-robot-4001","status":"publish","type":"product","link":"https:\/\/elektrikas.ee\/lv\/p\/klotsid\/komplektid\/mechanical-brawl-robot-4001\/","title":{"rendered":"Meh\u0101niskais kauti\u0146u robots 4001 570 gab."},"content":{"rendered":"<p>Nav piem\u0113rots \u0137ie\u0123e\u013cu kauj\u0101m. Jauks, vienk\u0101r\u0161s modelis Battlebots faniem, ko salikt, nedaudz izbraukt un apskat\u012bt plaukt\u0101.<\/p>\n<p>T\u0101lvad\u012bbas pults, labs akumulatora darb\u012bbas laiks, \u013coti l\u0113ns pistoles \u0101trums, t\u0101p\u0113c piem\u0113rots maziem b\u0113rniem sp\u0113l\u0113\u0161anai.<\/p>\n<p>Atsevi\u0161\u0137as da\u013cas (\u012bpa\u0161i <a href=\"https:\/\/rebrickable.com\/parts\/48989\/technic-pin-connector-hub-perpendicular-3l-with-4-pins\/\">48989<\/a>) ir nedaudz gr\u016bti salikt kop\u0101, un galus ir nedaudz j\u0101piespie\u017e kop\u0101, cit\u0101di komplekta kvalit\u0101te ir laba.<\/p>","protected":false},"excerpt":{"rendered":"<p>Ei sobi klotsilahingu v\u00f5itlusteks. Ilus lihtne mudel Battlebotsi f\u00e4nnidele, mida kokku panna, natuke s\u00f5ita ja kapi peal vaadata. Puldiga juhitav, aku eluiga hea, relva kiirus v\u00e4ga aeglane ja seega sobib ka v\u00e4ikestele lastele m\u00e4ngimiseks. \u00dcksikud jupid (ennek\u00f5ike 48989) k\u00e4ib natuke raskesti ja tuleb otsad natuke kokku vajutada, muidu komplekti kvaliteet hea.<\/p>","protected":false},"featured_media":20422,"template":"","meta":[],"product_brand":[],"product_cat":[270],"product_tag":[],"class_list":{"0":"post-20425","1":"product","2":"type-product","3":"status-publish","4":"has-post-thumbnail","6":"product_cat-komplektid","8":"first","9":"instock","10":"taxable","11":"shipping-taxable","12":"purchasable","13":"product-type-simple"},"_links":{"self":[{"href":"https:\/\/elektrikas.ee\/lv\/wp-json\/wp\/v2\/product\/20425","targetHints":{"allow":["GET"]}}],"collection":[{"href":"https:\/\/elektrikas.ee\/lv\/wp-json\/wp\/v2\/product"}],"about":[{"href":"https:\/\/elektrikas.ee\/lv\/wp-json\/wp\/v2\/types\/product"}],"wp:featuredmedia":[{"embeddable":true,"href":"https:\/\/elektrikas.ee\/lv\/wp-json\/wp\/v2\/media\/20422"}],"wp:attachment":[{"href":"https:\/\/elektrikas.ee\/lv\/wp-json\/wp\/v2\/media?parent=20425"}],"wp:term":[{"taxonomy":"product_brand","embeddable":true,"href":"https:\/\/elektrikas.ee\/lv\/wp-json\/wp\/v2\/product_brand?post=20425"},{"taxonomy":"product_cat","embeddable":true,"href":"https:\/\/elektrikas.ee\/lv\/wp-json\/wp\/v2\/product_cat?post=20425"},{"taxonomy":"product_tag","embeddable":true,"href":"https:\/\/elektrikas.ee\/lv\/wp-json\/wp\/v2\/product_tag?post=20425"}],"curies":[{"name":"wp","href":"https:\/\/api.w.org\/{rel}","templated":true}]}}