{"id":20057,"date":"2025-12-04T00:30:50","date_gmt":"2025-12-03T22:30:50","guid":{"rendered":"https:\/\/elektrikas.ee\/p\/maaratlemata\/tihvtid-liitmikud-erinevad\/"},"modified":"2026-02-13T19:23:40","modified_gmt":"2026-02-13T17:23:40","slug":"tihvtid-liitmikud-erinevad","status":"publish","type":"product","link":"https:\/\/elektrikas.ee\/lv\/p\/klotsid\/raamid\/tihvtid-liitmikud-erinevad\/","title":{"rendered":"100 gab. Tihvtid savienot\u0101ji, da\u017e\u0101di"},"content":{"rendered":"","protected":false},"excerpt":{"rendered":"","protected":false},"featured_media":20058,"template":"","meta":[],"product_brand":[],"product_cat":[272],"product_tag":[],"class_list":{"0":"post-20057","1":"product","2":"type-product","3":"status-publish","4":"has-post-thumbnail","6":"product_cat-raamid","8":"first","9":"instock","10":"taxable","11":"shipping-taxable","12":"purchasable","13":"product-type-variable","14":"wvs-archive-product-wrapper"},"_links":{"self":[{"href":"https:\/\/elektrikas.ee\/lv\/wp-json\/wp\/v2\/product\/20057","targetHints":{"allow":["GET"]}}],"collection":[{"href":"https:\/\/elektrikas.ee\/lv\/wp-json\/wp\/v2\/product"}],"about":[{"href":"https:\/\/elektrikas.ee\/lv\/wp-json\/wp\/v2\/types\/product"}],"wp:featuredmedia":[{"embeddable":true,"href":"https:\/\/elektrikas.ee\/lv\/wp-json\/wp\/v2\/media\/20058"}],"wp:attachment":[{"href":"https:\/\/elektrikas.ee\/lv\/wp-json\/wp\/v2\/media?parent=20057"}],"wp:term":[{"taxonomy":"product_brand","embeddable":true,"href":"https:\/\/elektrikas.ee\/lv\/wp-json\/wp\/v2\/product_brand?post=20057"},{"taxonomy":"product_cat","embeddable":true,"href":"https:\/\/elektrikas.ee\/lv\/wp-json\/wp\/v2\/product_cat?post=20057"},{"taxonomy":"product_tag","embeddable":true,"href":"https:\/\/elektrikas.ee\/lv\/wp-json\/wp\/v2\/product_tag?post=20057"}],"curies":[{"name":"wp","href":"https:\/\/api.w.org\/{rel}","templated":true}]}}