{"id":19643,"date":"2025-10-28T22:36:54","date_gmt":"2025-10-28T20:36:54","guid":{"rendered":"https:\/\/elektrikas.ee\/?post_type=product&#038;p=19643"},"modified":"2025-11-06T18:47:55","modified_gmt":"2025-11-06T16:47:55","slug":"rc-battle-bots-demon-vs-stormer","status":"publish","type":"product","link":"https:\/\/elektrikas.ee\/lv\/p\/rc\/robolahing\/rc-battle-bots-demon-vs-stormer\/","title":{"rendered":"RC kaujas roboti - Demon VS Stormer"},"content":{"rendered":"<h3 class=\"ng-star-inserted\"><span class=\"ng-star-inserted\">Re\u0101las robotu c\u012b\u0146as<\/span><\/h3>\n<p class=\"ng-star-inserted\"><span class=\"ng-star-inserted\">\u0160ie ar t\u0101lvad\u012bbas pulti vad\u0101mie roboti ir gatavi adrenal\u012bna piln\u0101m c\u012b\u0146\u0101m! Lai c\u012b\u0146a patie\u0161\u0101m atdz\u012bvin\u0101tos, viens pret otru ir novietoti \u0101murs un bungu lielgabals. Deta\u013cas, kas \u201catdal\u0101s\u201d no robota s\u0101niem, rada re\u0101listisku saj\u016btu, it k\u0101 notiktu \u012bsta c\u012b\u0146a. Tas padara c\u012b\u0146as \u012bpa\u0161i saisto\u0161as un sniedz b\u0113rniem \u012bstu sacens\u012bbu pieredzi.<\/span><\/p>\n<h3 class=\"ng-star-inserted\"><span class=\"ng-star-inserted\">Tr\u012bs dz\u012bves punkti un strat\u0113\u0123ija<\/span><\/h3>\n<p class=\"ng-star-inserted\"><span class=\"ng-star-inserted\">Katram robotam ir tr\u012bs dz\u012bv\u012bbas punkti un v\u0101ji punkti s\u0101nos. Kad tr\u0101pi pretinieka v\u0101jo punktu, tava vad\u012bbas pults s\u0101k vibr\u0113t, lai tevi par to inform\u0113tu. Tr\u012bs tr\u0101p\u012bjumi, un pretinieka robots ir izsl\u0113gts no sp\u0113les! B\u0113rni var att\u012bst\u012bt strat\u0113\u0123isko dom\u0101\u0161anu, lai p\u0101rsp\u0113tu pretiniekus un izc\u012bn\u012btu uzvaru. Sp\u0113le ar\u012b uzlabo b\u0113rnu dom\u0101\u0161anas prasmes.<\/span><\/p>\n<h3 class=\"ng-star-inserted\"><span class=\"ng-star-inserted\">Jaud\u012bgs un ilgsto\u0161s<\/span><\/h3>\n<p class=\"ng-star-inserted\"><span class=\"ng-star-inserted\">Jaud\u012bgs \u010detru rite\u0146u piedzi\u0146as meh\u0101nisms un 2,4 GHz t\u0101lvad\u012bbas pults nodro\u0161ina \u0101tru un prec\u012bzu vad\u012bbu \u012bpa\u0161i aizraujo\u0161\u0101s c\u012b\u0146\u0101s. Komplekt\u0101 ir iek\u013cautas divas uzl\u0101d\u0113jamas baterijas (3,7 V, 500 mAh*2), kas nodro\u0161ina robotiem pietiekamu jaudu ilg\u0101m un jautr\u0101m sp\u0113\u013cu sesij\u0101m.<\/span><\/p>\n<h3 class=\"ng-star-inserted\"><span class=\"ng-star-inserted\">Att\u012bst\u012b\u0161ana un iesaist\u012b\u0161ana<\/span><\/h3>\n<p class=\"ng-star-inserted\"><span class=\"ng-star-inserted\">M\u016bsu kaujas roboti ir lielisks veids, k\u0101 b\u0113rniem iejusties aizraujo\u0161aj\u0101 robotu pasaul\u0113. Tie ne tikai izklaid\u0113, bet ar\u012b pal\u012bdz b\u0113rniem att\u012bst\u012bt roku un acu koordin\u0101ciju un strat\u0113\u0123isko dom\u0101\u0161anu. T\u0101 ir lieliska iesp\u0113ja m\u0101c\u012bties, sp\u0113l\u0113joties, un nodro\u0161in\u0101t b\u0113rniem vesel\u012bgu un draudz\u012bgu sacens\u012bbu vidi. Ide\u0101li piem\u0113rots gan b\u0113rnu turn\u012briem, gan jautrai \u0123imenes kop\u0101 pavad\u012b\u0161anai!<\/span><\/p>","protected":false},"excerpt":{"rendered":"<p>T\u00f5elised robolahingud Need puldist juhitavad robotid on valmis adrenaliinirohketeks lahinguteks! Vastamisi on on haamer ja trummelrelv, mis paneb v\u00f5itluse t\u00f5eliselt elama. Roboti k\u00fcljest &#8220;purunevad&#8221; osad annavad realistliku tunnetuse, justkui k\u00e4iks p\u00e4ris v\u00f5itlus. See muudab lahingud eriti kaasahaaravaks ja pakub lastele t\u00f5elise v\u00f5istluse elamuse. Kolm elupunkti ja strateegia Igal robotil on kolm elupunkti ja omad n\u00f5rgad [&hellip;]<\/p>","protected":false},"featured_media":19644,"template":"","meta":[],"product_brand":[],"product_cat":[374],"product_tag":[],"class_list":{"0":"post-19643","1":"product","2":"type-product","3":"status-publish","4":"has-post-thumbnail","6":"product_cat-robolahing","8":"first","9":"instock","10":"taxable","11":"shipping-taxable","12":"purchasable","13":"product-type-simple"},"_links":{"self":[{"href":"https:\/\/elektrikas.ee\/lv\/wp-json\/wp\/v2\/product\/19643","targetHints":{"allow":["GET"]}}],"collection":[{"href":"https:\/\/elektrikas.ee\/lv\/wp-json\/wp\/v2\/product"}],"about":[{"href":"https:\/\/elektrikas.ee\/lv\/wp-json\/wp\/v2\/types\/product"}],"wp:featuredmedia":[{"embeddable":true,"href":"https:\/\/elektrikas.ee\/lv\/wp-json\/wp\/v2\/media\/19644"}],"wp:attachment":[{"href":"https:\/\/elektrikas.ee\/lv\/wp-json\/wp\/v2\/media?parent=19643"}],"wp:term":[{"taxonomy":"product_brand","embeddable":true,"href":"https:\/\/elektrikas.ee\/lv\/wp-json\/wp\/v2\/product_brand?post=19643"},{"taxonomy":"product_cat","embeddable":true,"href":"https:\/\/elektrikas.ee\/lv\/wp-json\/wp\/v2\/product_cat?post=19643"},{"taxonomy":"product_tag","embeddable":true,"href":"https:\/\/elektrikas.ee\/lv\/wp-json\/wp\/v2\/product_tag?post=19643"}],"curies":[{"name":"wp","href":"https:\/\/api.w.org\/{rel}","templated":true}]}}