{"id":19592,"date":"2025-10-27T23:01:46","date_gmt":"2025-10-27T21:01:46","guid":{"rendered":"https:\/\/elektrikas.ee\/p\/maaratlemata\/4-kanaliga-pult-aku-2\/"},"modified":"2026-04-19T13:28:27","modified_gmt":"2026-04-19T10:28:27","slug":"4-kanaliga-pult-aku-2","status":"publish","type":"product","link":"https:\/\/elektrikas.ee\/lv\/p\/klotsid\/puldid-ja-akud\/4-kanaliga-pult-aku-2\/","title":{"rendered":"4 kan\u0101lu konsole + akumulators"},"content":{"rendered":"<div class=\"product-specs-list-container\">\n<div class=\"product-specs-list-container\">\n<p>Darbi, 3\/5. Gr\u016bt\u0101k izmantot blo\u0137\u0113\u0161anas \u0161au\u0161anai, jo \u0161autenes poga nav \u0113rti novietota zem pirksta.<\/p>\n<p>Pogas ir tikai iesl\u0113g\u0161anas-izsl\u0113g\u0161anas pogas, t\u0101s nav adapt\u012bvas.<\/p>\n<p>Akumulatora darb\u012bbas laiks ar vienu uzl\u0101di ~40 min.<\/p>\n<p>Iepakojum\u0101 ir:<\/p>\n<ul>\n<li>1 x uzl\u0101d\u0113jama t\u0101lvad\u012bbas pults<\/li>\n<li>1 x uzl\u0101d\u0113jams akumulators<\/li>\n<li>1 x USB uzl\u0101des kabelis<\/li>\n<\/ul>\n<\/div>\n<\/div>","protected":false},"excerpt":{"rendered":"<p>T\u00f6\u00f6tab, 3\/5. Klotsilahingu jaoks raskem kasutada kuna relva nupp pole mugavalt s\u00f5rme all. Nupud ainult on-off, ei ole adaptiivne. Kasutusaeg \u00fche laadimisega ~40min. Pakend sisaldab: 1 x laetav kaugjuhtimispult 1 x laetav aku 1 x USB laadimiskaabel<\/p>","protected":false},"featured_media":19593,"template":"","meta":[],"product_brand":[],"product_cat":[271],"product_tag":[],"class_list":{"0":"post-19592","1":"product","2":"type-product","3":"status-publish","4":"has-post-thumbnail","6":"product_cat-puldid-ja-akud","8":"first","9":"instock","10":"taxable","11":"shipping-taxable","12":"purchasable","13":"product-type-simple"},"_links":{"self":[{"href":"https:\/\/elektrikas.ee\/lv\/wp-json\/wp\/v2\/product\/19592","targetHints":{"allow":["GET"]}}],"collection":[{"href":"https:\/\/elektrikas.ee\/lv\/wp-json\/wp\/v2\/product"}],"about":[{"href":"https:\/\/elektrikas.ee\/lv\/wp-json\/wp\/v2\/types\/product"}],"wp:featuredmedia":[{"embeddable":true,"href":"https:\/\/elektrikas.ee\/lv\/wp-json\/wp\/v2\/media\/19593"}],"wp:attachment":[{"href":"https:\/\/elektrikas.ee\/lv\/wp-json\/wp\/v2\/media?parent=19592"}],"wp:term":[{"taxonomy":"product_brand","embeddable":true,"href":"https:\/\/elektrikas.ee\/lv\/wp-json\/wp\/v2\/product_brand?post=19592"},{"taxonomy":"product_cat","embeddable":true,"href":"https:\/\/elektrikas.ee\/lv\/wp-json\/wp\/v2\/product_cat?post=19592"},{"taxonomy":"product_tag","embeddable":true,"href":"https:\/\/elektrikas.ee\/lv\/wp-json\/wp\/v2\/product_tag?post=19592"}],"curies":[{"name":"wp","href":"https:\/\/api.w.org\/{rel}","templated":true}]}}