{"id":19589,"date":"2025-10-27T22:58:59","date_gmt":"2025-10-27T20:58:59","guid":{"rendered":"https:\/\/elektrikas.ee\/p\/maaratlemata\/4-kanaliga-pult-aku-mould-king-m0006\/"},"modified":"2025-11-06T18:48:28","modified_gmt":"2025-11-06T16:48:28","slug":"4-kanaliga-pult-aku-mould-king-m0006","status":"publish","type":"product","link":"https:\/\/elektrikas.ee\/lv\/p\/klotsid\/puldid-ja-akud\/4-kanaliga-pult-aku-mould-king-m0006\/","title":{"rendered":"4 kan\u0101lu konsole + akumulators Mould King M0006"},"content":{"rendered":"<div class=\"product-specs-list-container\">\n<p>Augsta kvalit\u0101te, 4\/5. Gr\u016bt\u0101k lietojama blo\u0137\u0113\u0161anai, jo \u0161autenes poga nav \u0113rti novietota zem pirksta.<\/p>\n<p>Akumulatora darb\u012bbas laiks ar vienu uzl\u0101di ~ 60 min.<\/p>\n<p>Mould King M0006 4.0<\/p>\n<p>Pogas ir tikai iesl\u0113g\u0161anas-izsl\u0113g\u0161anas pogas, t\u0101s nav adapt\u012bvas.<br \/>\nBluetooth + lietotne<br \/>\nprogramm\u0113jams<\/p>\n<p>Iepakojum\u0101 ir:<\/p>\n<ul>\n<li>1 x uzl\u0101d\u0113jama t\u0101lvad\u012bbas pults<\/li>\n<li>1 x 6.0 uzl\u0101d\u0113jams akumulators<\/li>\n<li>1 x USB uzl\u0101des kabelis<\/li>\n<\/ul>\n<p>Lietojumprogramma:<\/p>\n<p>Apple App Store:<br \/>\nMK Basic: https:\/\/apps.apple.com\/us\/app\/%E5%AE%87%E6%98%9F%E7%A7%91%E6%8A%80\/id1457417598<br \/>\nMK Plus: https:\/\/apps.apple.com\/us\/app\/%E5%AE%87%E6%98%9F%E7%A7%AF%E6%9C%A8\/id6444075223<\/p>\n<p>Google Play veikals:<br \/>\nMK Basic: https:\/\/play.google.com\/store\/apps\/details?id=com.yxkj_main.building_block_robot<br \/>\nMK Plus: https:\/\/play.google.com\/store\/apps\/details?id=com.yxkj_main.yu_xing_long_connection<\/p>\n<\/div>","protected":false},"excerpt":{"rendered":"<p>Kvaliteetne, 4\/5. Klotsilahingu jaoks raskem kasutada kuna relva nupp pole mugavalt s\u00f5rme all. Kasutusaeg \u00fche laadimisega ~60min. Mould King M0006 4.0 Nupud ainult on-off, ei ole adaptiivne. Bluetooth + APP programmeeritav Pakend sisaldab: 1 x laetav kaugjuhtimispult 1 x 6.0 laetav aku 1 x USB laadimiskaabel \u00c4pp: Apple App Store: MK Basic: https:\/\/apps.apple.com\/us\/app\/%E5%AE%87%E6%98%9F%E7%A7%91%E6%8A%80\/id1457417598 MK Plus: [&hellip;]<\/p>","protected":false},"featured_media":19590,"template":"","meta":[],"product_brand":[],"product_cat":[271],"product_tag":[],"class_list":{"0":"post-19589","1":"product","2":"type-product","3":"status-publish","4":"has-post-thumbnail","6":"product_cat-puldid-ja-akud","8":"first","9":"instock","10":"taxable","11":"shipping-taxable","12":"purchasable","13":"product-type-simple"},"_links":{"self":[{"href":"https:\/\/elektrikas.ee\/lv\/wp-json\/wp\/v2\/product\/19589","targetHints":{"allow":["GET"]}}],"collection":[{"href":"https:\/\/elektrikas.ee\/lv\/wp-json\/wp\/v2\/product"}],"about":[{"href":"https:\/\/elektrikas.ee\/lv\/wp-json\/wp\/v2\/types\/product"}],"wp:featuredmedia":[{"embeddable":true,"href":"https:\/\/elektrikas.ee\/lv\/wp-json\/wp\/v2\/media\/19590"}],"wp:attachment":[{"href":"https:\/\/elektrikas.ee\/lv\/wp-json\/wp\/v2\/media?parent=19589"}],"wp:term":[{"taxonomy":"product_brand","embeddable":true,"href":"https:\/\/elektrikas.ee\/lv\/wp-json\/wp\/v2\/product_brand?post=19589"},{"taxonomy":"product_cat","embeddable":true,"href":"https:\/\/elektrikas.ee\/lv\/wp-json\/wp\/v2\/product_cat?post=19589"},{"taxonomy":"product_tag","embeddable":true,"href":"https:\/\/elektrikas.ee\/lv\/wp-json\/wp\/v2\/product_tag?post=19589"}],"curies":[{"name":"wp","href":"https:\/\/api.w.org\/{rel}","templated":true}]}}