{"id":19487,"date":"2025-10-27T21:53:53","date_gmt":"2025-10-27T19:53:53","guid":{"rendered":"https:\/\/elektrikas.ee\/p\/maaratlemata\/64178-technic-liftarm-5-x-11-open-center-frame-thick\/"},"modified":"2025-10-27T21:53:56","modified_gmt":"2025-10-27T19:53:56","slug":"64178-technic-liftarm-5-x-11-open-center-frame-thick","status":"publish","type":"product","link":"https:\/\/elektrikas.ee\/lv\/p\/klotsid\/raamid\/64178-technic-liftarm-5-x-11-open-center-frame-thick\/","title":{"rendered":"64178 Technic, pac\u0113l\u0101js 5 x 11 atv\u0113rta centra r\u0101mis, biezs"},"content":{"rendered":"","protected":false},"excerpt":{"rendered":"","protected":false},"featured_media":19488,"template":"","meta":[],"product_brand":[],"product_cat":[272],"product_tag":[],"class_list":{"0":"post-19487","1":"product","2":"type-product","3":"status-publish","4":"has-post-thumbnail","6":"product_cat-raamid","8":"first","9":"instock","10":"taxable","11":"shipping-taxable","12":"purchasable","13":"product-type-variable","14":"has-default-attributes","15":"wvs-archive-product-wrapper"},"_links":{"self":[{"href":"https:\/\/elektrikas.ee\/lv\/wp-json\/wp\/v2\/product\/19487","targetHints":{"allow":["GET"]}}],"collection":[{"href":"https:\/\/elektrikas.ee\/lv\/wp-json\/wp\/v2\/product"}],"about":[{"href":"https:\/\/elektrikas.ee\/lv\/wp-json\/wp\/v2\/types\/product"}],"wp:featuredmedia":[{"embeddable":true,"href":"https:\/\/elektrikas.ee\/lv\/wp-json\/wp\/v2\/media\/19488"}],"wp:attachment":[{"href":"https:\/\/elektrikas.ee\/lv\/wp-json\/wp\/v2\/media?parent=19487"}],"wp:term":[{"taxonomy":"product_brand","embeddable":true,"href":"https:\/\/elektrikas.ee\/lv\/wp-json\/wp\/v2\/product_brand?post=19487"},{"taxonomy":"product_cat","embeddable":true,"href":"https:\/\/elektrikas.ee\/lv\/wp-json\/wp\/v2\/product_cat?post=19487"},{"taxonomy":"product_tag","embeddable":true,"href":"https:\/\/elektrikas.ee\/lv\/wp-json\/wp\/v2\/product_tag?post=19487"}],"curies":[{"name":"wp","href":"https:\/\/api.w.org\/{rel}","templated":true}]}}