{"id":19221,"date":"2025-10-27T20:31:02","date_gmt":"2025-10-27T18:31:02","guid":{"rendered":"https:\/\/elektrikas.ee\/?post_type=product&#038;p=19221"},"modified":"2026-03-01T16:50:19","modified_gmt":"2026-03-01T14:50:19","slug":"klotsilahingu-robot-vegas","status":"publish","type":"product","link":"https:\/\/elektrikas.ee\/lv\/p\/klotsid\/komplektid\/klotsilahingu-robot-vegas\/","title":{"rendered":"\u0136ie\u0123e\u013cu kaujas robots Vegas 563 gab."},"content":{"rendered":"<p>Komplekt\u0101 ietilpst 3 motori, akumulators un konsole (Mould King).<\/p>\n<p>2 alternat\u012bvi iero\u010du izk\u0101rtojumi - horizont\u0101ls un vertik\u0101ls.<\/p>\n<p>Ra\u017eots un autoriz\u0113ts Technicalities BY kk. Robots darbojas ar 2 L motoriem un 1 XL motoru. \u0160is ir BattleBrickBot Combat s\u0101kuml\u012bme\u0146a modelis, kur\u0101 ietilpst no \u0137ie\u0123e\u013ciem b\u016bv\u0113ti roboti. Uzvaras nosac\u012bjums sp\u0113l\u0113 ir t\u0101ds, ka pretinieks vairs nevar p\u0101rvietoties.<\/p>","protected":false},"excerpt":{"rendered":"<p>Ra\u017eot\u0101js: LesDIY<br \/>\nDizainers: KK Technicalities<br \/>\nPCS: 563<br \/>\nIzm\u0113rs: 33 x 29 x 17 cm<\/p>\n<p>Pieg\u0101de: 1,5 m\u0113ne\u0161i - ra\u017eots Honkong\u0101 p\u0113c pas\u016bt\u012bjuma veik\u0161anas.<\/p>","protected":false},"featured_media":19222,"template":"","meta":[],"product_brand":[],"product_cat":[270],"product_tag":[],"class_list":{"0":"post-19221","1":"product","2":"type-product","3":"status-publish","4":"has-post-thumbnail","6":"product_cat-komplektid","8":"first","9":"instock","10":"taxable","11":"shipping-taxable","12":"purchasable","13":"product-type-simple"},"_links":{"self":[{"href":"https:\/\/elektrikas.ee\/lv\/wp-json\/wp\/v2\/product\/19221","targetHints":{"allow":["GET"]}}],"collection":[{"href":"https:\/\/elektrikas.ee\/lv\/wp-json\/wp\/v2\/product"}],"about":[{"href":"https:\/\/elektrikas.ee\/lv\/wp-json\/wp\/v2\/types\/product"}],"wp:featuredmedia":[{"embeddable":true,"href":"https:\/\/elektrikas.ee\/lv\/wp-json\/wp\/v2\/media\/19222"}],"wp:attachment":[{"href":"https:\/\/elektrikas.ee\/lv\/wp-json\/wp\/v2\/media?parent=19221"}],"wp:term":[{"taxonomy":"product_brand","embeddable":true,"href":"https:\/\/elektrikas.ee\/lv\/wp-json\/wp\/v2\/product_brand?post=19221"},{"taxonomy":"product_cat","embeddable":true,"href":"https:\/\/elektrikas.ee\/lv\/wp-json\/wp\/v2\/product_cat?post=19221"},{"taxonomy":"product_tag","embeddable":true,"href":"https:\/\/elektrikas.ee\/lv\/wp-json\/wp\/v2\/product_tag?post=19221"}],"curies":[{"name":"wp","href":"https:\/\/api.w.org\/{rel}","templated":true}]}}