{"id":19216,"date":"2025-10-27T20:27:05","date_gmt":"2025-10-27T18:27:05","guid":{"rendered":"https:\/\/elektrikas.ee\/?post_type=product&#038;p=19216"},"modified":"2026-03-01T16:49:53","modified_gmt":"2026-03-01T14:49:53","slug":"klotsilahingu-robot-denial","status":"publish","type":"product","link":"https:\/\/elektrikas.ee\/lv\/p\/klotsid\/komplektid\/klotsilahingu-robot-denial\/","title":{"rendered":"\u0136ie\u0123e\u013cu kaujas robota nolieg\u0161ana 677 gab."},"content":{"rendered":"<p>Komplekt\u0101 ietilpst 3 motori, akumulators un konsole (Mould King).<\/p>\n<p>Izstr\u0101d\u0101jumam ir iztur\u012bgs \u0101r\u0113jais r\u0101mis, kas palielina mobilit\u0101ti un stabilit\u0101ti c\u012b\u0146u laik\u0101. Ar kompakto strukt\u016bru, vair\u0101kiem atbalsta punktiem un asiem sarkaniem elementiem tas pied\u0101v\u0101 gan aizsardz\u012bbas funkcijas, gan agres\u012bvu dizainu, kas ir ide\u0101li piem\u0113rots intens\u012bv\u0101m c\u012b\u0146\u0101m. Galvenie melnie un violetie to\u0146i ar pievienotiem zilas un sarkanas kr\u0101sas akcentiem rada p\u0101rsteidzo\u0161u industri\u0101lu est\u0113tiku ar vizu\u0101li satrieco\u0161u efektu.<\/p>","protected":false},"excerpt":{"rendered":"<p>Ra\u017eot\u0101js: LesDIY<br \/>\nDizainers: KK Technicalities<br \/>\nPCS: 677<br \/>\nIzm\u0113rs: 28 x 33 x 30 cm<\/p>\n<p>Pieg\u0101de: 1,5 m\u0113ne\u0161i - ra\u017eots Honkong\u0101 p\u0113c pas\u016bt\u012bjuma veik\u0161anas.<\/p>","protected":false},"featured_media":19217,"template":"","meta":[],"product_brand":[],"product_cat":[270],"product_tag":[],"class_list":{"0":"post-19216","1":"product","2":"type-product","3":"status-publish","4":"has-post-thumbnail","6":"product_cat-komplektid","8":"first","9":"instock","10":"taxable","11":"shipping-taxable","12":"purchasable","13":"product-type-simple"},"_links":{"self":[{"href":"https:\/\/elektrikas.ee\/lv\/wp-json\/wp\/v2\/product\/19216","targetHints":{"allow":["GET"]}}],"collection":[{"href":"https:\/\/elektrikas.ee\/lv\/wp-json\/wp\/v2\/product"}],"about":[{"href":"https:\/\/elektrikas.ee\/lv\/wp-json\/wp\/v2\/types\/product"}],"wp:featuredmedia":[{"embeddable":true,"href":"https:\/\/elektrikas.ee\/lv\/wp-json\/wp\/v2\/media\/19217"}],"wp:attachment":[{"href":"https:\/\/elektrikas.ee\/lv\/wp-json\/wp\/v2\/media?parent=19216"}],"wp:term":[{"taxonomy":"product_brand","embeddable":true,"href":"https:\/\/elektrikas.ee\/lv\/wp-json\/wp\/v2\/product_brand?post=19216"},{"taxonomy":"product_cat","embeddable":true,"href":"https:\/\/elektrikas.ee\/lv\/wp-json\/wp\/v2\/product_cat?post=19216"},{"taxonomy":"product_tag","embeddable":true,"href":"https:\/\/elektrikas.ee\/lv\/wp-json\/wp\/v2\/product_tag?post=19216"}],"curies":[{"name":"wp","href":"https:\/\/api.w.org\/{rel}","templated":true}]}}