{"id":18951,"date":"2025-06-29T00:58:38","date_gmt":"2025-06-28T21:58:38","guid":{"rendered":"https:\/\/elektrikas.ee\/p\/maaratlemata\/technical-motor-high-tech-2-4g-bluetooth-app-module-rc-diy-building-blocks-moc-pf-power-function-upgrade-xl-m-servo-motor-diy-12\/"},"modified":"2026-01-15T13:11:46","modified_gmt":"2026-01-15T11:11:46","slug":"servo-mootor-88004","status":"publish","type":"product","link":"https:\/\/elektrikas.ee\/lv\/p\/klotsid\/mootorid\/servo-mootor-88004\/","title":{"rendered":"Servomotors PF 88004"},"content":{"rendered":"","protected":false},"excerpt":{"rendered":"<p>K\u0101 redzams att\u0113los, ir divu veidu servomotori. M\u0113s nos\u016bt\u012bsim produktu, kas ir noliktav\u0101.<\/p>","protected":false},"featured_media":18952,"template":"","meta":[],"product_brand":[],"product_cat":[267],"product_tag":[],"class_list":{"0":"post-18951","1":"product","2":"type-product","3":"status-publish","4":"has-post-thumbnail","6":"product_cat-mootorid","8":"first","9":"instock","10":"taxable","11":"shipping-taxable","12":"purchasable","13":"product-type-simple"},"_links":{"self":[{"href":"https:\/\/elektrikas.ee\/lv\/wp-json\/wp\/v2\/product\/18951","targetHints":{"allow":["GET"]}}],"collection":[{"href":"https:\/\/elektrikas.ee\/lv\/wp-json\/wp\/v2\/product"}],"about":[{"href":"https:\/\/elektrikas.ee\/lv\/wp-json\/wp\/v2\/types\/product"}],"wp:featuredmedia":[{"embeddable":true,"href":"https:\/\/elektrikas.ee\/lv\/wp-json\/wp\/v2\/media\/18952"}],"wp:attachment":[{"href":"https:\/\/elektrikas.ee\/lv\/wp-json\/wp\/v2\/media?parent=18951"}],"wp:term":[{"taxonomy":"product_brand","embeddable":true,"href":"https:\/\/elektrikas.ee\/lv\/wp-json\/wp\/v2\/product_brand?post=18951"},{"taxonomy":"product_cat","embeddable":true,"href":"https:\/\/elektrikas.ee\/lv\/wp-json\/wp\/v2\/product_cat?post=18951"},{"taxonomy":"product_tag","embeddable":true,"href":"https:\/\/elektrikas.ee\/lv\/wp-json\/wp\/v2\/product_tag?post=18951"}],"curies":[{"name":"wp","href":"https:\/\/api.w.org\/{rel}","templated":true}]}}