{"id":18769,"date":"2025-06-11T16:25:44","date_gmt":"2025-06-11T13:25:44","guid":{"rendered":"https:\/\/elektrikas.ee\/p\/maaratlemata\/wltoys-new-124017-v8-1-12-2-4g-racing-rc-cars-4wd-brushless-motor-75km-h-high-speed-remote-control-off-road-drift-toys-for-aduit\/"},"modified":"2025-10-28T23:35:55","modified_gmt":"2025-10-28T21:35:55","slug":"wltoys-124017-v8","status":"publish","type":"product","link":"https:\/\/elektrikas.ee\/lv\/p\/rc\/4x4\/wltoys-124017-v8\/","title":{"rendered":"Wltoys 124017-V8 1:12 75Km\/h 4WD t\u0101lvad\u012bbas automa\u0161\u012bna"},"content":{"rendered":"<p>Nosaukums: 124017 (V8 versija)<br \/>\nIzm\u0113rs: 45,6*22,7*14,1 \/ 1:12 m\u0113rogs.<br \/>\nMaksim\u0101lais \u0101trums: 75 km\/h<br \/>\nAkumulators: 7,4 V 2200 mAh \/ 3000 mAh \/ 3800 mAh<br \/>\nPiedzi\u0146as motors: bezsuku magn\u0113tiskais motors<br \/>\nSvars: 931 g<br \/>\nDarba laiks: 8 min<br \/>\nMet\u0101la apak\u0161da\u013ca: j\u0101<\/p>","protected":false},"excerpt":{"rendered":"<p>Nimi: 124017 (V8 versioon) Suurus: 45,6*22,7*14,1 \/ 1:12 Maksimaalne kiirus: 75 km\/h Aku: 7,4 V 2200 mAh \/ 3000 mAh \/ 3800 mAh S\u00f5idumootor: Harjadeta mootori magnetmootor Kaal: 931 g T\u00f6\u00f6aeg: 8 min Metallist p\u00f5hi: jah<\/p>","protected":false},"featured_media":18770,"template":"","meta":[],"product_brand":[],"product_cat":[166],"product_tag":[],"class_list":{"0":"post-18769","1":"product","2":"type-product","3":"status-publish","4":"has-post-thumbnail","6":"product_cat-4x4","8":"first","9":"instock","10":"taxable","11":"shipping-taxable","12":"purchasable","13":"product-type-variable","14":"wvs-archive-product-wrapper"},"_links":{"self":[{"href":"https:\/\/elektrikas.ee\/lv\/wp-json\/wp\/v2\/product\/18769","targetHints":{"allow":["GET"]}}],"collection":[{"href":"https:\/\/elektrikas.ee\/lv\/wp-json\/wp\/v2\/product"}],"about":[{"href":"https:\/\/elektrikas.ee\/lv\/wp-json\/wp\/v2\/types\/product"}],"wp:featuredmedia":[{"embeddable":true,"href":"https:\/\/elektrikas.ee\/lv\/wp-json\/wp\/v2\/media\/18770"}],"wp:attachment":[{"href":"https:\/\/elektrikas.ee\/lv\/wp-json\/wp\/v2\/media?parent=18769"}],"wp:term":[{"taxonomy":"product_brand","embeddable":true,"href":"https:\/\/elektrikas.ee\/lv\/wp-json\/wp\/v2\/product_brand?post=18769"},{"taxonomy":"product_cat","embeddable":true,"href":"https:\/\/elektrikas.ee\/lv\/wp-json\/wp\/v2\/product_cat?post=18769"},{"taxonomy":"product_tag","embeddable":true,"href":"https:\/\/elektrikas.ee\/lv\/wp-json\/wp\/v2\/product_tag?post=18769"}],"curies":[{"name":"wp","href":"https:\/\/api.w.org\/{rel}","templated":true}]}}