{"id":18749,"date":"2025-06-11T16:25:41","date_gmt":"2025-06-11T13:25:41","guid":{"rendered":"https:\/\/elektrikas.ee\/p\/maaratlemata\/wltoys-284131-128-4wd-2-4g-mini-rc-racing-car-high-speed-off-road-remote-control-led-light-drift-alloy-truck-boys-toy-kids-gift\/"},"modified":"2025-10-28T23:34:28","modified_gmt":"2025-10-28T21:34:28","slug":"wltoys-284131-rc-auto","status":"publish","type":"product","link":"https:\/\/elektrikas.ee\/lv\/p\/rc\/4x4\/wltoys-284131-rc-auto\/","title":{"rendered":"WLtoys 284131 1:28 4WD t\u0101lvad\u012bbas automa\u0161\u012bna"},"content":{"rendered":"<p style=\"margin-left: 25px;\">Modelis: WL 284131<br \/>\nZ\u012bmola nosaukums: WLtoys<br \/>\nM\u0113rogi: 1:28<br \/>\nIzstr\u0101d\u0101juma izm\u0113rs (CM): 17,5*8*5,5<br \/>\nIepakojuma izm\u0113rs (CM): 24*19*14,2<br \/>\nIepakojuma izm\u0113rs (CM): 26*17*15<br \/>\nIzstr\u0101d\u0101juma svars: 0,18 kg<br \/>\nIepakojuma svars: 0,45 kg<br \/>\nMaksim\u0101lais \u0101trums: 30 km\/h<br \/>\nBrauciena laiks: 18 min\u016btes<br \/>\nUzl\u0101des laiks: 1 stunda<br \/>\nT\u0101lvad\u012bbas pults: 2.4G t\u0101lvad\u012bbas pults<br \/>\nT\u0101lvad\u012bbas pults baterija: 4*AA baterijas (nav iek\u013cautas komplekt\u0101).<br \/>\nAtt\u0101lums (m): 100 metri +<br \/>\nDzin\u0113js: \u0101trgaitas 130 oglek\u013ca dzin\u0113js<br \/>\nStandarta inform\u0101cija par akumulatoru: 7,4 V 400 mAh<\/p>","protected":false},"excerpt":{"rendered":"<p>Mudel: WL 284131 Kaubam\u00e4rk: WLtoys M\u00f5\u00f5tkava: 1:28 Toote suurus (CM): 17,5*8*5,5 Pakendi suurus (CM): 24*19*14,2 Pakendi suurus (CM): 26*17*15 Toote kaal: 0,18 kg Pakendi kaal: 0,45 kg Maksimaalne kiirus: 30 km\/h S\u00f5iduaeg: 18 minutit Laadimisaeg: 1 tund Kaugjuhtimispult: 2,4G kaugjuhtimispult Kaugjuhtimispuldi patarei: 4 * AA patarei (ei kuulu komplekti) Kaugkaugus (m): 100 meetrit + Ajami [&hellip;]<\/p>","protected":false},"featured_media":18750,"template":"","meta":[],"product_brand":[],"product_cat":[166],"product_tag":[],"class_list":{"0":"post-18749","1":"product","2":"type-product","3":"status-publish","4":"has-post-thumbnail","6":"product_cat-4x4","8":"first","9":"instock","10":"taxable","11":"shipping-taxable","12":"purchasable","13":"product-type-variable","14":"wvs-archive-product-wrapper"},"_links":{"self":[{"href":"https:\/\/elektrikas.ee\/lv\/wp-json\/wp\/v2\/product\/18749","targetHints":{"allow":["GET"]}}],"collection":[{"href":"https:\/\/elektrikas.ee\/lv\/wp-json\/wp\/v2\/product"}],"about":[{"href":"https:\/\/elektrikas.ee\/lv\/wp-json\/wp\/v2\/types\/product"}],"wp:featuredmedia":[{"embeddable":true,"href":"https:\/\/elektrikas.ee\/lv\/wp-json\/wp\/v2\/media\/18750"}],"wp:attachment":[{"href":"https:\/\/elektrikas.ee\/lv\/wp-json\/wp\/v2\/media?parent=18749"}],"wp:term":[{"taxonomy":"product_brand","embeddable":true,"href":"https:\/\/elektrikas.ee\/lv\/wp-json\/wp\/v2\/product_brand?post=18749"},{"taxonomy":"product_cat","embeddable":true,"href":"https:\/\/elektrikas.ee\/lv\/wp-json\/wp\/v2\/product_cat?post=18749"},{"taxonomy":"product_tag","embeddable":true,"href":"https:\/\/elektrikas.ee\/lv\/wp-json\/wp\/v2\/product_tag?post=18749"}],"curies":[{"name":"wp","href":"https:\/\/api.w.org\/{rel}","templated":true}]}}