{"id":18736,"date":"2025-06-11T16:25:39","date_gmt":"2025-06-11T13:25:39","guid":{"rendered":"https:\/\/elektrikas.ee\/p\/maaratlemata\/wltoys-144016-144018-144018a-114-rc-racing-car-35km-h-electric-4wd-trunk-2-4g-remote-control-high-speed-vehicle-toys-kids-gift\/"},"modified":"2025-10-28T23:33:01","modified_gmt":"2025-10-28T21:33:01","slug":"wltoys-144016-144018","status":"publish","type":"product","link":"https:\/\/elektrikas.ee\/lv\/p\/rc\/4x4\/wltoys-144016-144018\/","title":{"rendered":"WLtoys 144018 1:14 35Km\/h 4WD t\u0101lvad\u012bbas automa\u0161\u012bna"},"content":{"rendered":"<p style=\"margin-left: 25px;\">Modelis: WL 144018<br \/>\nZ\u012bmola nosaukums: WLtoys<br \/>\nM\u0113rogi: 1:14<br \/>\nProdukta izm\u0113rs (CM): 31*24*14<br \/>\nIepakojuma izm\u0113rs (CM): 33 * 27 * 20<br \/>\nIepakojuma izm\u0113rs (CM): 34 * 28 * 22<br \/>\nIzstr\u0101d\u0101juma svars: 1,05 kg<br \/>\nIepakojuma svars: 1,69 kg<br \/>\nMaksim\u0101lais \u0101trums: 35 km\/h<br \/>\nLidojuma laiks: 15 min\u016btes +<br \/>\nUzl\u0101des laiks: 3 stundas<br \/>\nT\u0101lvad\u012bbas pults: 2.4G t\u0101lvad\u012bbas pults<br \/>\nT\u0101lvad\u012bbas pults baterija: 4*AA baterijas (nav iek\u013cautas komplekt\u0101).<br \/>\nAtt\u0101lums: 100 metri +<br \/>\nVilces motors: 390 oglek\u013ca suku motors<br \/>\nStandarta inform\u0101cija par akumulatoru: 7,4 V 1500 mAh litija akumulators<\/p>","protected":false},"excerpt":{"rendered":"<p>Mudel: WL 144018 Kaubam\u00e4rk: WLtoys M\u00f5\u00f5tkava: 1:14 Toote suurus (CM): 31*24*14 Pakendi suurus (CM): 33*27*20 Pakendi suurus (CM): 34*28*22 Toote kaal: 1,05 kg Pakendi kaal: 1,69 kg Maksimaalne kiirus: 35 km\/h Lennuaeg: 15 minutit + Laadimisaeg: 3 tundi Kaugjuhtimispult: 2,4G kaugjuhtimispult Kaugjuhtimispuldi patarei: 4 * AA patarei (ei kuulu komplekti) Kaugkaugus: 100 meetrit + Veomootor: [&hellip;]<\/p>","protected":false},"featured_media":18737,"template":"","meta":[],"product_brand":[],"product_cat":[166],"product_tag":[],"class_list":{"0":"post-18736","1":"product","2":"type-product","3":"status-publish","4":"has-post-thumbnail","6":"product_cat-4x4","8":"first","9":"instock","10":"taxable","11":"shipping-taxable","12":"purchasable","13":"product-type-variable","14":"wvs-archive-product-wrapper"},"_links":{"self":[{"href":"https:\/\/elektrikas.ee\/lv\/wp-json\/wp\/v2\/product\/18736","targetHints":{"allow":["GET"]}}],"collection":[{"href":"https:\/\/elektrikas.ee\/lv\/wp-json\/wp\/v2\/product"}],"about":[{"href":"https:\/\/elektrikas.ee\/lv\/wp-json\/wp\/v2\/types\/product"}],"wp:featuredmedia":[{"embeddable":true,"href":"https:\/\/elektrikas.ee\/lv\/wp-json\/wp\/v2\/media\/18737"}],"wp:attachment":[{"href":"https:\/\/elektrikas.ee\/lv\/wp-json\/wp\/v2\/media?parent=18736"}],"wp:term":[{"taxonomy":"product_brand","embeddable":true,"href":"https:\/\/elektrikas.ee\/lv\/wp-json\/wp\/v2\/product_brand?post=18736"},{"taxonomy":"product_cat","embeddable":true,"href":"https:\/\/elektrikas.ee\/lv\/wp-json\/wp\/v2\/product_cat?post=18736"},{"taxonomy":"product_tag","embeddable":true,"href":"https:\/\/elektrikas.ee\/lv\/wp-json\/wp\/v2\/product_tag?post=18736"}],"curies":[{"name":"wp","href":"https:\/\/api.w.org\/{rel}","templated":true}]}}