{"id":18726,"date":"2025-06-11T16:25:38","date_gmt":"2025-06-11T13:25:38","guid":{"rendered":"https:\/\/elektrikas.ee\/p\/maaratlemata\/new-wltoys-k989-284131-pro-128-mini-rc-racing-car-high-speed-offroad-remote-control-drift-toys-alloy-vehicle-children-kids-gift\/"},"modified":"2025-10-28T23:36:30","modified_gmt":"2025-10-28T21:36:30","slug":"wltoys-k989-pro-rc-car","status":"publish","type":"product","link":"https:\/\/elektrikas.ee\/lv\/p\/rc\/4x4\/wltoys-k989-pro-rc-car\/","title":{"rendered":"WLtoys K989 Pro 1:28 Mini 4WD drifta t\u0101lvad\u012bbas pults drifta auto"},"content":{"rendered":"<p>Modelis: WL K989<\/p>\n<p>Z\u012bmola nosaukums: WLtoys<\/p>\n<p>M\u0113rogi: 1:28<\/p>\n<p>Produkta izm\u0113rs (CM): 17*8*6<\/p>\n<p>Iepakojuma izm\u0113rs (CM): 28*17,5*15,5<\/p>\n<p>Iepakojuma izm\u0113rs (CM): 26*17*15<\/p>\n<p>Izstr\u0101d\u0101juma svars: 0,15 kg<\/p>\n<p>Iepakojuma svars: 0,48 kg<\/p>\n<p>Maksim\u0101lais \u0101trums: 30 km\/h<\/p>\n<p>Lidojuma laiks: 18 min\u016btes<\/p>\n<p>Uzl\u0101des laiks: 1 stunda<\/p>\n<p>T\u0101lvad\u012bbas pults: 2.4G t\u0101lvad\u012bbas pults<\/p>\n<p>T\u0101lvad\u012bbas pults baterija: 4*AA baterijas (nav iek\u013cautas komplekt\u0101).<\/p>\n<p>Att\u0101lums (m): 100 metri +<\/p>\n<p>Dzin\u0113js: \u0101trgaitas 130 oglek\u013ca dzin\u0113js<\/p>\n<p>Standarta akumulatora inform\u0101cija: 7,4 V 400 mAh*1<\/p>","protected":false},"excerpt":{"rendered":"<p>Mudel: WL K989 Kaubam\u00e4rk: WLtoys M\u00f5\u00f5tkava: 1:28 Toote suurus (CM): 17*8*6 Pakendi suurus (CM): 28*17,5*15,5 Pakendi suurus (CM): 26*17*15 Toote kaal: 0,15 kg Pakendi kaal: 0,48 kg Maksimaalne kiirus: 30 km\/h Lennuaeg: 18 minutit Laadimisaeg: 1 tund Kaugjuhtimispult: 2,4G kaugjuhtimispult Kaugjuhtimispuldi patarei: 4 * AA patarei (ei kuulu komplekti) Kaugkaugus (m): 100 meetrit + Ajami [&hellip;]<\/p>","protected":false},"featured_media":18727,"template":"","meta":[],"product_brand":[],"product_cat":[166],"product_tag":[],"class_list":{"0":"post-18726","1":"product","2":"type-product","3":"status-publish","4":"has-post-thumbnail","6":"product_cat-4x4","8":"first","9":"instock","10":"taxable","11":"shipping-taxable","12":"purchasable","13":"product-type-variable","14":"wvs-archive-product-wrapper"},"_links":{"self":[{"href":"https:\/\/elektrikas.ee\/lv\/wp-json\/wp\/v2\/product\/18726","targetHints":{"allow":["GET"]}}],"collection":[{"href":"https:\/\/elektrikas.ee\/lv\/wp-json\/wp\/v2\/product"}],"about":[{"href":"https:\/\/elektrikas.ee\/lv\/wp-json\/wp\/v2\/types\/product"}],"wp:featuredmedia":[{"embeddable":true,"href":"https:\/\/elektrikas.ee\/lv\/wp-json\/wp\/v2\/media\/18727"}],"wp:attachment":[{"href":"https:\/\/elektrikas.ee\/lv\/wp-json\/wp\/v2\/media?parent=18726"}],"wp:term":[{"taxonomy":"product_brand","embeddable":true,"href":"https:\/\/elektrikas.ee\/lv\/wp-json\/wp\/v2\/product_brand?post=18726"},{"taxonomy":"product_cat","embeddable":true,"href":"https:\/\/elektrikas.ee\/lv\/wp-json\/wp\/v2\/product_cat?post=18726"},{"taxonomy":"product_tag","embeddable":true,"href":"https:\/\/elektrikas.ee\/lv\/wp-json\/wp\/v2\/product_tag?post=18726"}],"curies":[{"name":"wp","href":"https:\/\/api.w.org\/{rel}","templated":true}]}}