{"id":18695,"date":"2025-06-11T16:25:34","date_gmt":"2025-06-11T13:25:34","guid":{"rendered":"https:\/\/elektrikas.ee\/p\/maaratlemata\/wltoys-a959a-a959b-1-18-4wd-rc-racing-car-35km-h-2-4g-remote-control-drift-high-speed-off-road-vehicle-adult-boys-toys-kids-gift\/"},"modified":"2025-10-28T23:37:11","modified_gmt":"2025-10-28T21:37:11","slug":"wltos-a959a-rc-car","status":"publish","type":"product","link":"https:\/\/elektrikas.ee\/lv\/p\/rc\/4x4\/wltos-a959a-rc-car\/","title":{"rendered":"WLtoys WLtoys A959A 1\/18 4WD 35KM\/H drifta manekena auto"},"content":{"rendered":"<p>Modelis: WL A959-A<br \/>\nZ\u012bmola nosaukums: WLtoys<br \/>\nM\u0113rogi: 1:18<br \/>\nIzstr\u0101d\u0101juma izm\u0113rs (CM): 24,5*17,5*9,4<br \/>\nIepakojuma izm\u0113rs (CM): 32*21*22,5<br \/>\nIepakojuma izm\u0113rs (CM): 32,5*21,5*23<br \/>\nIzstr\u0101d\u0101juma svars: 0,58 kg<br \/>\nIepakojuma svars: 1,08 kg<br \/>\nMaksim\u0101lais \u0101trums: 35 km\/h<br \/>\nLidojuma laiks: 10 min\u016btes<br \/>\nUzl\u0101des laiks: 3 stundas<br \/>\nT\u0101lvad\u012bbas pults: 2.4G t\u0101lvad\u012bbas pults<br \/>\nT\u0101lvad\u012bbas pults baterija: 4*AA baterijas (nav iek\u013cautas komplekt\u0101).<br \/>\nAtt\u0101lums: 100 metri +<br \/>\nVilces dzin\u0113js: 390 birstes dzin\u0113js<br \/>\nStandarta inform\u0101cija par akumulatoru: 6,4 V 750 mAh<\/p>\n<p>&nbsp;<\/p>\n<p>Modelis: WL A959-B<\/p>\n<p>Z\u012bmola nosaukums: WLtoys<\/p>\n<p>M\u0113rogi: 1:18<\/p>\n<p>Izstr\u0101d\u0101juma izm\u0113rs (CM): 24,5*17,5*9,4<\/p>\n<p>Iepakojuma izm\u0113rs (CM): 32*21*23<\/p>\n<p>Izstr\u0101d\u0101juma svars: 0,935 kg<\/p>\n<p>Iepakojuma svars: 1,20 kg<\/p>\n<p>Maksim\u0101lais \u0101trums: 70 km\/h<\/p>\n<p>Lidojuma laiks: vair\u0101k nek\u0101 6 min\u016btes<\/p>\n<p>Uzl\u0101des laiks: 120 min\u016btes<\/p>\n<p>T\u0101lvad\u012bbas pults: 2,4 GHz t\u0101lvad\u012bbas panelis<\/p>\n<p>T\u0101lvad\u012bbas pults baterija: 4*AA baterijas (nav iek\u013cautas komplekt\u0101).<\/p>\n<p>Att\u0101lums: 100 metri +<\/p>\n<p>Vilces dzin\u0113js: 540 birstes dzin\u0113js<\/p>\n<p>Standarta inform\u0101cija par akumulatoru: 7,4 V 1500 mAh<\/p>","protected":false},"excerpt":{"rendered":"<p>Mudel: WL A959-A Kaubam\u00e4rk: WLtoys M\u00f5\u00f5tkava: 1:18 Toote suurus (CM): 24,5*17,5*9,4 Pakendi suurus (CM): 32*21*22,5 Pakendi suurus (CM): 32,5*21,5*23 Toote kaal: 0,58 kg Pakendi kaal: 1,08 kg Maksimaalne kiirus: 35 km\/h Lennuaeg: 10 minutit Laadimisaeg: 3 tundi Kaugjuhtimispult: 2,4G kaugjuhtimispult Kaugjuhtimispuldi patarei: 4 * AA patarei (ei kuulu komplekti) Kaugkaugus: 100 meetrit + Veomootor: 390 [&hellip;]<\/p>","protected":false},"featured_media":18697,"template":"","meta":[],"product_brand":[],"product_cat":[166],"product_tag":[],"class_list":{"0":"post-18695","1":"product","2":"type-product","3":"status-publish","4":"has-post-thumbnail","6":"product_cat-4x4","8":"first","9":"instock","10":"taxable","11":"shipping-taxable","12":"purchasable","13":"product-type-variable","14":"wvs-archive-product-wrapper"},"_links":{"self":[{"href":"https:\/\/elektrikas.ee\/lv\/wp-json\/wp\/v2\/product\/18695","targetHints":{"allow":["GET"]}}],"collection":[{"href":"https:\/\/elektrikas.ee\/lv\/wp-json\/wp\/v2\/product"}],"about":[{"href":"https:\/\/elektrikas.ee\/lv\/wp-json\/wp\/v2\/types\/product"}],"wp:featuredmedia":[{"embeddable":true,"href":"https:\/\/elektrikas.ee\/lv\/wp-json\/wp\/v2\/media\/18697"}],"wp:attachment":[{"href":"https:\/\/elektrikas.ee\/lv\/wp-json\/wp\/v2\/media?parent=18695"}],"wp:term":[{"taxonomy":"product_brand","embeddable":true,"href":"https:\/\/elektrikas.ee\/lv\/wp-json\/wp\/v2\/product_brand?post=18695"},{"taxonomy":"product_cat","embeddable":true,"href":"https:\/\/elektrikas.ee\/lv\/wp-json\/wp\/v2\/product_cat?post=18695"},{"taxonomy":"product_tag","embeddable":true,"href":"https:\/\/elektrikas.ee\/lv\/wp-json\/wp\/v2\/product_tag?post=18695"}],"curies":[{"name":"wp","href":"https:\/\/api.w.org\/{rel}","templated":true}]}}