{"id":17030,"date":"2025-02-21T19:37:23","date_gmt":"2025-02-21T17:37:23","guid":{"rendered":"https:\/\/puidunurk.ee\/?page_id=17030"},"modified":"2025-06-03T21:29:13","modified_gmt":"2025-06-03T18:29:13","slug":"privaatsuspoliitika","status":"publish","type":"page","link":"https:\/\/elektrikas.ee\/lv\/privaatsuspoliitika\/","title":{"rendered":"Konfidencialit\u0101tes politika"},"content":{"rendered":"<div data-elementor-type=\"wp-page\" data-elementor-id=\"17030\" class=\"elementor elementor-17030\" data-elementor-post-type=\"page\">\n\t\t\t\t\t\t<section class=\"elementor-section elementor-top-section elementor-element elementor-element-2ac8af9 elementor-section-boxed elementor-section-height-default elementor-section-height-default\" data-id=\"2ac8af9\" data-element_type=\"section\">\n\t\t\t\t\t\t<div class=\"elementor-container elementor-column-gap-default\">\n\t\t\t\t\t<div class=\"elementor-column elementor-col-100 elementor-top-column elementor-element elementor-element-7555644\" data-id=\"7555644\" data-element_type=\"column\">\n\t\t\t<div class=\"elementor-widget-wrap elementor-element-populated\">\n\t\t\t\t\t\t<div class=\"elementor-element elementor-element-89b2d1a elementor-widget elementor-widget-heading\" data-id=\"89b2d1a\" data-element_type=\"widget\" data-widget_type=\"heading.default\">\n\t\t\t\t<div class=\"elementor-widget-container\">\n\t\t\t\t\t<h2 class=\"elementor-heading-title elementor-size-default\">Konfidencialit\u0101tes politika<\/h2>\t\t\t\t<\/div>\n\t\t\t\t<\/div>\n\t\t\t\t<div class=\"elementor-element elementor-element-2818d7a elementor-widget elementor-widget-text-editor\" data-id=\"2818d7a\" data-element_type=\"widget\" data-widget_type=\"text-editor.default\">\n\t\t\t\t<div class=\"elementor-widget-container\">\n\t\t\t\t\t\t\t\t\t<p><span style=\"font-weight: 400;\">\u0160\u012bs priv\u0101tuma politikas noteikumi un nosac\u012bjumi attiecas uz STRAT O\u00dc t\u012bmek\u013ca vietni\/e-pirceni. Priv\u0101tuma politika attiecas uz klientu personas datu v\u0101k\u0161anu, izmanto\u0161anu, izpau\u0161anu, p\u0101rs\u016bt\u012b\u0161anu un uzglab\u0101\u0161anu (turpm\u0101k kop\u0101 saukti \u201eapstr\u0101de\u201c). Personas dati tiks apstr\u0101d\u0101ti tikai saska\u0146\u0101 ar ties\u012bbu aktos noteiktaj\u0101m pras\u012bb\u0101m un veicot visus piesardz\u012bbas pas\u0101kumus, lai aizsarg\u0101tu personas datus. Izmantojot t\u012bmek\u013ca vietni, klients apliecina, ka piekr\u012bt \u0161ai priv\u0101tuma politikai.<\/span><\/p><p><span style=\"font-weight: 400;\">STRAT O\u00dc ir personas datu p\u0101rzinis, STRAT O\u00dc nodod apstr\u0101d\u0101t\u0101jam personas datus, kas nepiecie\u0161ami maks\u0101jumu veik\u0161anai. <a href=\"https:\/\/modena.ee\/et\">Modenale<\/a>.\u00a0<\/span><\/p><p><span style=\"font-weight: 400;\">Personas dati, kas attiecas uz identific\u0113tu vai identific\u0113jamu fizisku personu:<\/span><\/p><ul><li style=\"font-weight: 400;\" aria-level=\"1\"><span style=\"font-weight: 400;\">v\u0101rds un uzv\u0101rds<\/span><\/li><li style=\"font-weight: 400;\" aria-level=\"1\"><span style=\"font-weight: 400;\">adrese<\/span><\/li><li style=\"font-weight: 400;\" aria-level=\"1\"><span style=\"font-weight: 400;\">t\u0101lru\u0146a numurs<\/span><\/li><li style=\"font-weight: 400;\" aria-level=\"1\"><span style=\"font-weight: 400;\">e-pasta adrese<\/span><\/li><li style=\"font-weight: 400;\" aria-level=\"1\"><span style=\"font-weight: 400;\">personas identifik\u0101cijas numurs<\/span><\/li><li style=\"font-weight: 400;\" aria-level=\"1\"><span style=\"font-weight: 400;\">inform\u0101ciju par pirkumiem, ko klients veicis e-veikalos.<\/span><\/li><li style=\"font-weight: 400;\" aria-level=\"1\"><span style=\"font-weight: 400;\">IP adrese<\/span><\/li><\/ul><p><span style=\"font-weight: 400;\">STRAT O\u00dc nos\u016bt\u012bs jaunumus un pied\u0101v\u0101jumus saviem klientiem tikai tad, ja klients b\u016bs devis savu piekri\u0161anu. Klientam ir ties\u012bbas jebkur\u0101 laik\u0101 atsaukt \u0161o piekri\u0161anu.<\/span><\/p><p><span style=\"font-weight: 400;\">STRAT O\u00dc ir ties\u012bbas p\u0101rs\u016bt\u012bt personas datus:<\/span><\/p><ul><li style=\"font-weight: 400;\" aria-level=\"1\"><span style=\"font-weight: 400;\">transporta uz\u0146\u0113mumiem, ja tas ir nepiecie\u0161ams, lai klientam pieg\u0101d\u0101tu pirkumu, kas veikts no klienta interneta veikala.<\/span><\/li><li style=\"font-weight: 400;\" aria-level=\"1\"><span style=\"font-weight: 400;\">piekri\u0161ana pamatam, uz kura balst\u0101s maks\u0101jumu veik\u0161ana pakalpojumu sniedz\u0113jiem pa da\u013c\u0101m.<\/span><\/li><li style=\"font-weight: 400;\" aria-level=\"1\"><span style=\"font-weight: 400;\">likum\u0101 paredz\u0113tajos gad\u012bjumos - uzraudz\u012bbas un izmekl\u0113\u0161anas iest\u0101d\u0113m.<\/span><\/li><li style=\"font-weight: 400;\" aria-level=\"1\"><span style=\"font-weight: 400;\">tiesas, \u0101rpustiesas str\u012bdu risin\u0101\u0161anas iest\u0101des, par\u0101du piedzi\u0146as uz\u0146\u0113mumi.<\/span><\/li><li style=\"font-weight: 400;\" aria-level=\"1\"><span style=\"font-weight: 400;\">tie\u0161\u0101s tirgved\u012bbas pakalpojumu sniedz\u0113jiem, pamatojoties uz piekri\u0161anu.<\/span><\/li><li style=\"font-weight: 400;\" aria-level=\"1\"><span style=\"font-weight: 400;\">gr\u0101matved\u012bbas pakalpojumu sniedz\u0113ja likum\u0101 noteikto pien\u0101kumu izpildei.<\/span><\/li><\/ul><p><span style=\"font-weight: 400;\">Klientam ir ties\u012bbas jebkur\u0101 laik\u0101 piek\u013c\u016bt par vi\u0146u apkopotajiem datiem, piepras\u012bt savu personas datu labo\u0161anu vai personas datu apstr\u0101des p\u0101rtrauk\u0161anu.<\/span><\/p><p><span style=\"font-weight: 400;\">M\u0113s apkopojam ar\u012b inform\u0101ciju, kas nav personiski identific\u0113jama (piem\u0113ram, dzimums, vecums, atra\u0161an\u0101s vieta).<\/span><\/p><p><span style=\"font-weight: 400;\">Personas un nepersonas datus var v\u0101kt \u0161\u0101dos veidos:<\/span><\/p><ul><li style=\"font-weight: 400;\" aria-level=\"1\"><span style=\"font-weight: 400;\">sniedzot kontaktinform\u0101ciju tie\u0161saistes veikal\u0101.<\/span><\/li><li style=\"font-weight: 400;\" aria-level=\"1\"><span style=\"font-weight: 400;\">izmantojot t\u012bmek\u013ca vietni, izmantojot lietot\u0101ja konta inform\u0101ciju vai s\u012bkfailus.<\/span><\/li><li style=\"font-weight: 400;\" aria-level=\"1\"><span style=\"font-weight: 400;\">kad veicat pirkumu, piepras\u0101t pied\u0101v\u0101jumu vai veicat pas\u016bt\u012bjumu tie\u0161saistes veikal\u0101.<\/span><\/li><\/ul><p><span style=\"font-weight: 400;\">Visi no klientiem sa\u0146emtie personas dati tiks uzskat\u012bti par konfidenci\u0101lu inform\u0101ciju. Piek\u013cuve personas datu apstr\u0101dei un modific\u0113\u0161anai ir at\u013cauta tikai pilnvarot\u0101m person\u0101m, un STRAT Ltd veic visus piesardz\u012bbas pas\u0101kumus (tostarp administrat\u012bvus, tehniskus un fiziskus pas\u0101kumus), lai aizsarg\u0101tu klienta personas datus.<\/span><\/p><p><span style=\"font-weight: 400;\">M\u0113s paturam ties\u012bbas main\u012bt \u0161\u012bs konfidencialit\u0101tes politikas noteikumus un nosac\u012bjumus, public\u0113jot p\u0101rskat\u012bto konfidencialit\u0101tes politiku m\u016bsu t\u012bmek\u013ca vietn\u0113.<\/span><\/p>\t\t\t\t\t\t\t\t<\/div>\n\t\t\t\t<\/div>\n\t\t\t\t\t<\/div>\n\t\t<\/div>\n\t\t\t\t\t<\/div>\n\t\t<\/section>\n\t\t\t\t<\/div>","protected":false},"excerpt":{"rendered":"<p>Privaatsuspoliitika K\u00e4esoleva privaatsuspoliitika tingimused kehtivad STRAT O\u00dc kodulehel\/e-poes. Privaatsuspoliitika p\u00f5him\u00f5tted k\u00e4sitlevad klientide isikuandmete kogumist, kasutamist, avaldamist, edastamist ja talletamist (edaspidi koos nimetatud \u201et\u00f6\u00f6tlemine\u201c). Isikuandmeid t\u00f6\u00f6deldakse vaid koosk\u00f5las \u00f5igusaktides kehtestatud n\u00f5uetega ning rakendades k\u00f5iki ettevaatusabin\u00f5usid isikuandmete kaitsmiseks. Veebilehe kasutamisega kinnitab klient oma n\u00f5ustumist k\u00e4esoleva privaatsuspoliitikaga. STRAT O\u00dc on isikuandmete vastutav t\u00f6\u00f6tleja, STRAT O\u00dc edastab maksete teostamiseks [&hellip;]<\/p>","protected":false},"author":4,"featured_media":0,"parent":0,"menu_order":0,"comment_status":"closed","ping_status":"closed","template":"","meta":{"footnotes":""},"categories":[],"tags":[],"class_list":["post-17030","page","type-page","status-publish","hentry"],"_links":{"self":[{"href":"https:\/\/elektrikas.ee\/lv\/wp-json\/wp\/v2\/pages\/17030","targetHints":{"allow":["GET"]}}],"collection":[{"href":"https:\/\/elektrikas.ee\/lv\/wp-json\/wp\/v2\/pages"}],"about":[{"href":"https:\/\/elektrikas.ee\/lv\/wp-json\/wp\/v2\/types\/page"}],"author":[{"embeddable":true,"href":"https:\/\/elektrikas.ee\/lv\/wp-json\/wp\/v2\/users\/4"}],"replies":[{"embeddable":true,"href":"https:\/\/elektrikas.ee\/lv\/wp-json\/wp\/v2\/comments?post=17030"}],"version-history":[{"count":5,"href":"https:\/\/elektrikas.ee\/lv\/wp-json\/wp\/v2\/pages\/17030\/revisions"}],"predecessor-version":[{"id":18132,"href":"https:\/\/elektrikas.ee\/lv\/wp-json\/wp\/v2\/pages\/17030\/revisions\/18132"}],"wp:attachment":[{"href":"https:\/\/elektrikas.ee\/lv\/wp-json\/wp\/v2\/media?parent=17030"}],"wp:term":[{"taxonomy":"category","embeddable":true,"href":"https:\/\/elektrikas.ee\/lv\/wp-json\/wp\/v2\/categories?post=17030"},{"taxonomy":"post_tag","embeddable":true,"href":"https:\/\/elektrikas.ee\/lv\/wp-json\/wp\/v2\/tags?post=17030"}],"curies":[{"name":"wp","href":"https:\/\/api.w.org\/{rel}","templated":true}]}}