{"id":17018,"date":"2025-02-21T19:26:01","date_gmt":"2025-02-21T17:26:01","guid":{"rendered":"https:\/\/puidunurk.ee\/?page_id=17018"},"modified":"2025-10-30T18:30:12","modified_gmt":"2025-10-30T16:30:12","slug":"tingimused","status":"publish","type":"page","link":"https:\/\/elektrikas.ee\/lv\/tingimused\/","title":{"rendered":"P\u0101rdo\u0161anas nosac\u012bjumi"},"content":{"rendered":"<div data-elementor-type=\"wp-page\" data-elementor-id=\"17018\" class=\"elementor elementor-17018\" data-elementor-post-type=\"page\">\n\t\t\t\t\t\t<section class=\"elementor-section elementor-top-section elementor-element elementor-element-5f5980f elementor-section-boxed elementor-section-height-default elementor-section-height-default\" data-id=\"5f5980f\" data-element_type=\"section\">\n\t\t\t\t\t\t<div class=\"elementor-container elementor-column-gap-default\">\n\t\t\t\t\t<div class=\"elementor-column elementor-col-100 elementor-top-column elementor-element elementor-element-acc15b8\" data-id=\"acc15b8\" data-element_type=\"column\">\n\t\t\t<div class=\"elementor-widget-wrap elementor-element-populated\">\n\t\t\t\t\t\t<div class=\"elementor-element elementor-element-6627e16 elementor-widget elementor-widget-heading\" data-id=\"6627e16\" data-element_type=\"widget\" data-widget_type=\"heading.default\">\n\t\t\t\t<div class=\"elementor-widget-container\">\n\t\t\t\t\t<h2 class=\"elementor-heading-title elementor-size-default\">Pas\u016bt\u012b\u0161anas un pieg\u0101des nosac\u012bjumi<\/h2>\t\t\t\t<\/div>\n\t\t\t\t<\/div>\n\t\t\t\t<div class=\"elementor-element elementor-element-2fccf54 elementor-widget elementor-widget-text-editor\" data-id=\"2fccf54\" data-element_type=\"widget\" data-widget_type=\"text-editor.default\">\n\t\t\t\t<div class=\"elementor-widget-container\">\n\t\t\t\t\t\t\t\t\t<p>Interneta veikala elektikas.ee (turpm\u0101k \u2013 Interneta veikals) \u012bpa\u0161nieks ir STRAT O\u00dc (re\u0123istr\u0101cijas numurs 14627694), kas atrodas M\u00f5isavahe tn 46-116, 50708 Tartu, Tartu apgabals.<\/p><h3><strong>P\u0101rdo\u0161anas l\u012bguma, produkta un cenas inform\u0101cijas sp\u0113k\u0101 esam\u012bba<\/strong><\/h3><p>P\u0101rdo\u0161anas noteikumi un nosac\u012bjumi attiecas uz pirkumiem, kas veikti internetveikal\u0101.<\/p><p>Interneta veikal\u0101 p\u0101rdot\u0101s preces cenas ir nor\u0101d\u012btas blakus prec\u0113m. Cenai tiks pieskait\u012bta pieg\u0101des maksa. Visas interneta veikal\u0101 p\u0101rdot\u0101s preces cenas ir nor\u0101d\u012btas eiro.<\/p><p>Pieg\u0101des maksa ir atkar\u012bga no pirc\u0113ja atra\u0161an\u0101s vietas un pieg\u0101des veida. Pieg\u0101des maksa tiek par\u0101d\u012bta pirc\u0113jam, veicot pas\u016bt\u012bjumu.<\/p><p>Inform\u0101cija par prec\u0113m ir sniegta tie\u0161saistes veikal\u0101 tie\u0161i blakus prec\u0113m.<\/p><h3><strong>Pas\u016bt\u012bjuma veik\u0161ana<\/strong><\/h3><p>Lai pas\u016bt\u012btu preces, pievienojiet v\u0113lam\u0101s preces savam iepirkumu grozam. Lai pabeigtu pas\u016bt\u012bjumu, aizpildiet nepiecie\u0161amos laukus un izv\u0113lieties atbilsto\u0161o pieg\u0101des veidu. Ekr\u0101n\u0101 tiks par\u0101d\u012bta kop\u0113j\u0101 summa, kuru var dro\u0161i samaks\u0101t, izmantojot \u0161\u0101dus maks\u0101jumu veidus:<\/p><ul><li>Igaunijas banku maks\u0101jumi<\/li><li>Visa\/Mastercard kar\u0161u maks\u0101jumi<\/li><li>Apple Pay un Google Pay<\/li><li>Maks\u0101jiet v\u0113l\u0101k risin\u0101jumi<\/li><\/ul><p>NB! Veicot maks\u0101jumu ar bankas saiti, noteikti nospiediet pogu \u201eAtgriezties pie tirgot\u0101ja\u201c bankas lap\u0101.<\/p><p>Maks\u0101jumus apstr\u0101d\u0101 LHV. Maks\u0101jumi tiek veikti \u0101rpus internetveikala dro\u0161\u0101 vid\u0113 \u2013 maks\u0101jot ar bankas saiti, attiec\u012bg\u0101s bankas dro\u0161\u0101 vid\u0113, un maks\u0101jot ar kred\u012btkarti, dro\u0161\u0101 vid\u0113. P\u0101rdev\u0113jam nav piek\u013cuves klienta bankas un kred\u012btkartes datiem. L\u012bgums st\u0101jas sp\u0113k\u0101 p\u0113c maks\u0101jamo summu sa\u0146em\u0161anas internetveikala nor\u0113\u0137inu kont\u0101.<\/p><p>Interneta veikala \u012bpa\u0161nieks ir personas datu p\u0101rzi\u0146\u0161 un nos\u016bta maks\u0101jumu veik\u0161anai nepiecie\u0161amos personas datus pilnvarotajam apstr\u0101d\u0101t\u0101jam.<\/p><p>Ja pas\u016bt\u012bt\u0101s preces nevar pieg\u0101d\u0101t kr\u0101jumu izs\u012bk\u0161anas vai citu iemeslu d\u0113\u013c, pirc\u0113js tiks inform\u0113ts p\u0113c iesp\u0113jas \u0101tr\u0101k un samaks\u0101t\u0101 nauda (ieskaitot pieg\u0101des izmaksas) tiks atmaks\u0101ta nekav\u0113joties, bet ne v\u0113l\u0101k k\u0101 14 dienas p\u0113c pazi\u0146ojuma nos\u016bt\u012b\u0161anas.<\/p><h3><strong>Pieg\u0101de<\/strong><\/h3><p>Preces tiek pieg\u0101d\u0101tas uz \u0161\u0101d\u0101m valst\u012bm: Igaunija<\/p><p>Pirc\u0113jam ir \u0161\u0101das pre\u010du sa\u0146em\u0161anas iesp\u0113jas:<\/p><ul><li>Tartu gaid\u0101mais pas\u0101kums<\/li><li>Omniva s\u016bt\u012bjumu autom\u0101ts<\/li><li>Smartpost s\u016bt\u012bjumu termin\u0101ls<\/li><\/ul><p>Pirc\u0113js sedz pieg\u0101des izmaksas, un atbilsto\u0161\u0101 inform\u0101cija par cenu tiek par\u0101d\u012bta blakus pieg\u0101des veidam.<\/p><p>STRAT O\u00dc nos\u016bt\u012bs pas\u016bt\u012bt\u0101s preces 2\u20135 darba dienu laik\u0101 p\u0113c maks\u0101juma sa\u0146em\u0161anas STRAT O\u00dc bankas kont\u0101. Ja pas\u016bt\u012bt\u0101s preces nav pieejamas noliktav\u0101 Igaunij\u0101 vai pas\u016bt\u012bjumu nevar izpild\u012bt 2\u20135 darba dienu laik\u0101 k\u0101da cita iemesla d\u0113\u013c, veikals par to inform\u0113s pirc\u0113ju. Veikals nav atbild\u012bgs par pre\u010du pieg\u0101des kav\u0113jumiem pirc\u0113jam, kas radu\u0161ies pasta pakalpojumu sniedz\u0113ja vainas d\u0113\u013c.<\/p><p>\u0100rk\u0101rt\u0113jos gad\u012bjumos preces var tikt pieg\u0101d\u0101tas l\u012bdz 45 kalend\u0101raj\u0101m dien\u0101m.<\/p><h3><strong>Atteikuma ties\u012bbas<\/strong><\/h3><p>P\u0113c pas\u016bt\u012bjuma sa\u0146em\u0161anas pirc\u0113jam ir ties\u012bbas 14 dienu laik\u0101 atteikties no internetveikal\u0101 nosl\u0113gt\u0101 l\u012bguma.<\/p><p>Atteikuma ties\u012bbas neattiecas, ja pirc\u0113js ir juridiska persona.<\/p><p>Lai izmantotu 14 dienu atgrie\u0161anas ties\u012bbas, pas\u016bt\u012bt\u0101s preces nedr\u012bkst izmantot cit\u0101di, k\u0101 vien\u012bgi t\u0101d\u0101 veid\u0101, kas nepiecie\u0161ams, lai p\u0101rliecin\u0101tos par pre\u010du veidu, \u012bpa\u0161\u012bb\u0101m un darb\u012bbu, k\u0101 tas ir at\u013cauts, p\u0101rbaudot preces fizisk\u0101 veikal\u0101.<\/p><p>Ja preces ir izmantotas m\u0113r\u0137iem, kas nav nepiecie\u0161ami, lai p\u0101rliecin\u0101tos par pre\u010du veidu, \u012bpa\u0161\u012bb\u0101m un darb\u012bbu, vai ja t\u0101m ir redzamas lieto\u0161anas vai nolietojuma paz\u012bmes, internetveikalam ir ties\u012bbas samazin\u0101t atl\u012bdz\u012bbas summu atbilsto\u0161i pre\u010du v\u0113rt\u012bbas samazin\u0101jumam.<\/p><p>Lai atgrieztu preces, jums ir j\u0101iesniedz pazi\u0146ojums par atteik\u0161anos no pre\u010du ieg\u0101des, kuras veidlapu var atrast <a href=\"https:\/\/cdn.prod.website-files.com\/606d887c84f615f26e673155\/609e7331448746e9bbfb7e0d_JM_m41_lisa1.pdf\">no \u0161ejienes <\/a>un nos\u016btiet to uz e-pasta adresi shop@elektrikas.ee ne v\u0113l\u0101k k\u0101 14 dienas p\u0113c pre\u010du sa\u0146em\u0161anas.<\/p><p>Pre\u010du atgrie\u0161anas izmaksas sedz pirc\u0113js, iz\u0146emot gad\u012bjumus, kad preces atgrie\u0161anas iemesls ir tas, ka atgrie\u017eam\u0101 prece neatbilst pas\u016bt\u012bjumam (piem\u0113ram, nepareiza vai boj\u0101ta prece).<\/p><p>Pirc\u0113jam preces j\u0101atgrie\u017e 14 dienu laik\u0101 no pieteikuma iesnieg\u0161anas vai j\u0101iesniedz pier\u0101d\u012bjums, ka preces ir nodotas p\u0101rvad\u0101t\u0101jam min\u0113taj\u0101 termi\u0146\u0101.<\/p><p>Interneta veikals atmaks\u0101 pirc\u0113jam visas saska\u0146\u0101 ar l\u012bgumu no pirc\u0113ja sa\u0146emt\u0101s maksas nekav\u0113joties p\u0113c atgriezto pre\u010du sa\u0146em\u0161anas, bet ne v\u0113l\u0101k k\u0101 14 dienu laik\u0101 p\u0113c atteikuma pazi\u0146ojuma sa\u0146em\u0161anas.<\/p><p>Interneta veikals var atteikties veikt atmaksu, kam\u0113r tas nav sa\u0146\u0113mis l\u012bguma priek\u0161metu vai kam\u0113r pirc\u0113js nav iesniedzis pier\u0101d\u012bjumus, ka ir atgriezis preci, atkar\u012bb\u0101 no t\u0101, kas notiek vispirms.<\/p><p>Ja pirc\u0113js ir skaidri izv\u0113l\u0113jies pieg\u0101des veidu, kas nav l\u0113t\u0101kais standarta pieg\u0101des veids, ko pied\u0101v\u0101 internetveikals, internetveikalam nav j\u0101atl\u012bdzina pat\u0113r\u0113t\u0101jam izmaksas, kas p\u0101rsniedz standarta pieg\u0101des veida izmaksas.<\/p><p>Interneta veikalam ir ties\u012bbas atteikties no p\u0101rdo\u0161anas un piepras\u012bt pirc\u0113jam atgriezt preci, ja k\u013c\u016bdas d\u0113\u013c preces cena interneta veikal\u0101 ir iev\u0113rojami zem\u0101ka par tirgus cenu.<\/p><h3><strong>Ties\u012bbas iesniegt pras\u012bbu<\/strong><\/h3><p>Interneta veikals ir atbild\u012bgs par jebk\u0101du l\u012bguma noteikumu neiev\u0113ro\u0161anu vai defektiem prec\u0113s, kas p\u0101rdotas pirc\u0113jam un kas jau past\u0101v\u0113ja pieg\u0101des br\u012bd\u012b un k\u013cuva redzami divu gadu laik\u0101 p\u0113c pieg\u0101des pirc\u0113jam.\u00a0Gada laik\u0101 p\u0113c pieg\u0101des pirc\u0113jam tiek pie\u0146emts, ka defekts jau past\u0101v\u0113ja pieg\u0101des br\u012bd\u012b. Interneta veikala pien\u0101kums ir atsp\u0113kot \u0161o pie\u0146\u0113mumu.<\/p><p>Defekta gad\u012bjum\u0101 pirc\u0113jam ir ties\u012bbas v\u0113l\u0101kais divu m\u0113ne\u0161u laik\u0101 sazin\u0101ties ar internetveikalu, nos\u016btot e-pastu uz shop@elektrikas.ee.<\/p><p>Interneta veikals nav atbild\u012bgs par defektiem, kas radu\u0161ies p\u0113c pre\u010du pieg\u0101des pirc\u0113jam.<\/p><p>Ja internetveikal\u0101 ieg\u0101d\u0101taj\u0101m prec\u0113m ir defekti, par kuriem atbild internetveikals, internetveikals defekt\u012bv\u0101s preces salabos vai aizst\u0101s. Ja preces nav iesp\u0113jams salabot vai aizst\u0101t, internetveikals pirc\u0113jam atmaks\u0101s visas ar pirkuma l\u012bgumu saist\u012bt\u0101s izmaksas.<\/p><p>Interneta veikals atbild uz pat\u0113r\u0113t\u0101ja s\u016bdz\u012bbu rakstiski vai form\u0101, ko var reproduc\u0113t rakstiski, 15 dienu laik\u0101.<\/p><h3><strong>Tie\u0161ais m\u0101rketings un personas datu apstr\u0101de<\/strong><\/h3><p>Interneta veikals izmanto pirc\u0113ja ievad\u012btos personas datus tikai pas\u016bt\u012bjuma apstr\u0101dei un pre\u010du nos\u016bt\u012b\u0161anai pirc\u0113jam. Interneta veikals nos\u016bta personas datus transporta pakalpojumu sniedz\u0113jiem, lai pieg\u0101d\u0101tu preces.<\/p><p>Interneta veikals nos\u016bt\u012bs jaunumus un pied\u0101v\u0101jumus uz pirc\u0113ja e-pasta adresi tikai tad, ja pirc\u0113js ir izteicis \u0161\u0101du v\u0113lmi, ievadot savu e-pasta adresi t\u012bmek\u013ca vietn\u0113, atz\u012bm\u0113jot lodzi\u0146u un nor\u0101dot savu v\u0113lmi sa\u0146emt tie\u0161\u0101s pasta pazi\u0146ojumus.<\/p><p>Pirc\u0113js var jebkur\u0101 br\u012bd\u012b atteikties no pied\u0101v\u0101jumu un jaunumu sa\u0146em\u0161anas pa e-pastu, par to pazi\u0146ojot mums pa e-pastu vai izpildot nor\u0101d\u012bjumus, kas sniegti e-past\u0101, kur\u0101 ir pied\u0101v\u0101jumi.<\/p><h3><strong>Str\u012bdu iz\u0161\u0137ir\u0161ana<\/strong><\/h3><p>Ja pirc\u0113jam ir k\u0101das s\u016bdz\u012bbas par internetveikalu, t\u0101s j\u0101nos\u016bta pa e-pastu uz shop@elektrikas.ee.<\/p><p>Ja pirc\u0113js un internetveikals nesp\u0113j atrisin\u0101t str\u012bdu savstarp\u0113j\u0101 vieno\u0161an\u0101s ce\u013c\u0101, pirc\u0113js var v\u0113rsties Pat\u0113r\u0113t\u0101ju str\u012bdu izskat\u012b\u0161anas komisij\u0101. Proced\u016bras noteikumus var atrast un pieteikumu var iesniegt\u00a0<a href=\"https:\/\/komisjon.ee\/et\/avalduse-esitamine\" target=\"_blank\" rel=\"noopener noreferrer\">\u0161eit<\/a>. Pat\u0113r\u0113t\u0101ju str\u012bdu izskat\u012b\u0161anas komiteja ir kompetenta izskat\u012bt str\u012bdus, kas izriet no l\u012bgumiem, kuri nosl\u0113gti starp pirc\u0113ju un internetveikalu. Komiteja izskata pirc\u0113ja s\u016bdz\u012bbu bez maksas.<\/p><p>Pirc\u0113js var sazin\u0101ties ar Eiropas Savien\u012bbas pat\u0113r\u0113t\u0101ju str\u012bdu iz\u0161\u0137ir\u0161anas platformu.\u00a0<a href=\"https:\/\/ec.europa.eu\/consumers\/odr\/main\/index.cfm?event=main.home2.show&amp;lng=ET\" target=\"_blank\" rel=\"noopener noreferrer\">puse<\/a>.<\/p>\t\t\t\t\t\t\t\t<\/div>\n\t\t\t\t<\/div>\n\t\t\t\t\t<\/div>\n\t\t<\/div>\n\t\t\t\t\t<\/div>\n\t\t<\/section>\n\t\t\t\t<\/div>","protected":false},"excerpt":{"rendered":"<p>Tellimis- ja tarnetingimused Veebipoe elektikas.ee (edaspidi Veebipood) omanik on STRAT O\u00dc (registrikood 14627694 ), asukohaga M\u00f5isavahe tn 46-116, 50708 Tartu linn, Tartu maakond. M\u00fc\u00fcgilepingu kehtivus, kauba- ja hinnainfo M\u00fc\u00fcgitingimused kehtivad Veebipoest kaupade ostmisel. Veebipoes m\u00fc\u00fcdavate toodete hinnad on m\u00e4rgitud toodete juurde. Hinnale lisandub tasu kauba k\u00e4ttetoimetamise eest. K\u00f5ik veebipoes m\u00fc\u00fcdavate kaupade hinnad on eurodes. Kauba [&hellip;]<\/p>","protected":false},"author":4,"featured_media":0,"parent":0,"menu_order":0,"comment_status":"closed","ping_status":"closed","template":"","meta":{"footnotes":""},"categories":[],"tags":[],"class_list":["post-17018","page","type-page","status-publish","hentry"],"_links":{"self":[{"href":"https:\/\/elektrikas.ee\/lv\/wp-json\/wp\/v2\/pages\/17018","targetHints":{"allow":["GET"]}}],"collection":[{"href":"https:\/\/elektrikas.ee\/lv\/wp-json\/wp\/v2\/pages"}],"about":[{"href":"https:\/\/elektrikas.ee\/lv\/wp-json\/wp\/v2\/types\/page"}],"author":[{"embeddable":true,"href":"https:\/\/elektrikas.ee\/lv\/wp-json\/wp\/v2\/users\/4"}],"replies":[{"embeddable":true,"href":"https:\/\/elektrikas.ee\/lv\/wp-json\/wp\/v2\/comments?post=17018"}],"version-history":[{"count":5,"href":"https:\/\/elektrikas.ee\/lv\/wp-json\/wp\/v2\/pages\/17018\/revisions"}],"predecessor-version":[{"id":19726,"href":"https:\/\/elektrikas.ee\/lv\/wp-json\/wp\/v2\/pages\/17018\/revisions\/19726"}],"wp:attachment":[{"href":"https:\/\/elektrikas.ee\/lv\/wp-json\/wp\/v2\/media?parent=17018"}],"wp:term":[{"taxonomy":"category","embeddable":true,"href":"https:\/\/elektrikas.ee\/lv\/wp-json\/wp\/v2\/categories?post=17018"},{"taxonomy":"post_tag","embeddable":true,"href":"https:\/\/elektrikas.ee\/lv\/wp-json\/wp\/v2\/tags?post=17018"}],"curies":[{"name":"wp","href":"https:\/\/api.w.org\/{rel}","templated":true}]}}