{"id":16746,"date":"2025-02-20T16:23:08","date_gmt":"2025-02-20T14:23:08","guid":{"rendered":"https:\/\/puidunurk.ee\/ostukorv\/"},"modified":"2025-10-30T18:47:20","modified_gmt":"2025-10-30T16:47:20","slug":"ostukorv","status":"publish","type":"page","link":"https:\/\/elektrikas.ee\/lv\/ostukorv\/","title":{"rendered":"Iepirkumu grozs"},"content":{"rendered":"<div data-block-name=\"woocommerce\/cart\" class=\"wp-block-woocommerce-cart alignwide is-loading\">\n<div data-block-name=\"woocommerce\/filled-cart-block\" class=\"wp-block-woocommerce-filled-cart-block\">\n<div data-block-name=\"woocommerce\/cart-items-block\" class=\"wp-block-woocommerce-cart-items-block\">\n<div data-block-name=\"woocommerce\/cart-line-items-block\" class=\"wp-block-woocommerce-cart-line-items-block\"><\/div>\n\n\n\n<div data-block-name=\"woocommerce\/cart-cross-sells-block\" class=\"wp-block-woocommerce-cart-cross-sells-block\">\n<h2 class=\"wp-block-heading has-large-font-size\">J\u016bs var\u0113tu ar\u012b interes\u0113t...<\/h2>\n\n\n\n<div data-block-name=\"woocommerce\/cart-cross-sells-products-block\" class=\"wp-block-woocommerce-cart-cross-sells-products-block\"><\/div>\n<\/div>\n<\/div>\n\n\n\n<div data-block-name=\"woocommerce\/cart-totals-block\" class=\"wp-block-woocommerce-cart-totals-block\">\n<div data-block-name=\"woocommerce\/cart-order-summary-block\" class=\"wp-block-woocommerce-cart-order-summary-block\">\n<div data-block-name=\"woocommerce\/cart-order-summary-heading-block\" data-content=\"Ostukorvi summad\" class=\"wp-block-woocommerce-cart-order-summary-heading-block\"><\/div>\n\n\n\n<div data-block-name=\"woocommerce\/cart-order-summary-coupon-form-block\" class=\"wp-block-woocommerce-cart-order-summary-coupon-form-block\"><\/div>\n\n\n\n<div data-block-name=\"woocommerce\/cart-order-summary-totals-block\" class=\"wp-block-woocommerce-cart-order-summary-totals-block\">\n<div data-block-name=\"woocommerce\/cart-order-summary-subtotal-block\" class=\"wp-block-woocommerce-cart-order-summary-subtotal-block\"><\/div>\n\n\n\n<div data-block-name=\"woocommerce\/cart-order-summary-fee-block\" class=\"wp-block-woocommerce-cart-order-summary-fee-block\"><\/div>\n\n\n\n<div data-block-name=\"woocommerce\/cart-order-summary-discount-block\" class=\"wp-block-woocommerce-cart-order-summary-discount-block\"><\/div>\n\n\n\n<div data-block-name=\"woocommerce\/cart-order-summary-shipping-block\" class=\"wp-block-woocommerce-cart-order-summary-shipping-block\"><\/div>\n\n\n\n<div data-block-name=\"woocommerce\/cart-order-summary-taxes-block\" class=\"wp-block-woocommerce-cart-order-summary-taxes-block\"><\/div>\n<\/div>\n<\/div>\n\n\n\n<div data-block-name=\"woocommerce\/cart-express-payment-block\" class=\"wp-block-woocommerce-cart-express-payment-block\"><\/div>\n\n\n\n<div data-block-name=\"woocommerce\/proceed-to-checkout-block\" data-button-label=\"Mine maksma\" class=\"wp-block-woocommerce-proceed-to-checkout-block\"><\/div>\n\n\n\n<div data-block-name=\"woocommerce\/cart-accepted-payment-methods-block\" class=\"wp-block-woocommerce-cart-accepted-payment-methods-block\"><\/div>\n<\/div>\n<\/div>\n\n\n\n<div data-block-name=\"woocommerce\/empty-cart-block\" class=\"wp-block-woocommerce-empty-cart-block\">\n<h2 class=\"wp-block-heading has-text-align-center with-empty-cart-icon wc-block-cart__empty-cart__title\">J\u016bsu grozs \u0161obr\u012bd ir tuk\u0161s!<\/h2>\n\n\n\n<hr class=\"wp-block-separator has-alpha-channel-opacity is-style-dots\"\/>\n\n\n\n<h2 class=\"wp-block-heading has-text-align-center\">Jaunums veikal\u0101<\/h2>\n\n\n<div data-block-name=\"woocommerce\/product-new\" data-columns=\"4\" data-rows=\"1\" class=\"wc-block-grid wp-block-product-new wp-block-woocommerce-product-new wc-block-product-new has-4-columns\"><ul class=\"wc-block-grid__products\"><li class=\"wc-block-grid__product\">\n\t\t\t\t<a href=\"https:\/\/elektrikas.ee\/lv\/p\/klotsid\/raamid\/100tk-kinnitusdetailid\/\" class=\"wc-block-grid__product-link\">\n\t\t\t\t\t\n\t\t\t\t\t<div class=\"wc-block-grid__product-image\"><img fetchpriority=\"high\" decoding=\"async\" width=\"300\" height=\"300\" src=\"https:\/\/www.elektrikas.ee\/wp-content\/uploads\/2026\/04\/8afa02a5-3071-4544-97f3-bb26f4d323dd-300x300.jpg\" class=\"attachment-woocommerce_thumbnail size-woocommerce_thumbnail wvs-archive-product-image\" alt=\"100 gab. stiprin\u0101jumi\" srcset=\"https:\/\/www.elektrikas.ee\/wp-content\/uploads\/2026\/04\/8afa02a5-3071-4544-97f3-bb26f4d323dd-300x300.jpg 300w, https:\/\/www.elektrikas.ee\/wp-content\/uploads\/2026\/04\/8afa02a5-3071-4544-97f3-bb26f4d323dd-150x150.jpg 150w, https:\/\/www.elektrikas.ee\/wp-content\/uploads\/2026\/04\/8afa02a5-3071-4544-97f3-bb26f4d323dd-768x768.jpg 768w, https:\/\/www.elektrikas.ee\/wp-content\/uploads\/2026\/04\/8afa02a5-3071-4544-97f3-bb26f4d323dd-12x12.jpg 12w, https:\/\/www.elektrikas.ee\/wp-content\/uploads\/2026\/04\/8afa02a5-3071-4544-97f3-bb26f4d323dd-600x600.jpg 600w, https:\/\/www.elektrikas.ee\/wp-content\/uploads\/2026\/04\/8afa02a5-3071-4544-97f3-bb26f4d323dd-100x100.jpg 100w, https:\/\/www.elektrikas.ee\/wp-content\/uploads\/2026\/04\/8afa02a5-3071-4544-97f3-bb26f4d323dd-50x50.jpg 50w, https:\/\/www.elektrikas.ee\/wp-content\/uploads\/2026\/04\/8afa02a5-3071-4544-97f3-bb26f4d323dd.jpg 1000w\" sizes=\"(max-width: 300px) 100vw, 300px\" \/><\/div>\n\t\t\t\t\t<div class=\"wc-block-grid__product-title\">100 gab. stiprin\u0101jumi<\/div>\n\t\t\t\t<\/a>\n\t\t\t\t<div class=\"wc-block-grid__product-price price\"><span class=\"woocommerce-Price-amount amount\"><bdi>5,30&nbsp;<span class=\"woocommerce-Price-currencySymbol\">\u20ac<\/span><\/bdi><\/span><\/div>\n\t\t\t\t\n\t\t\t\t<div class=\"wp-block-button wc-block-grid__product-add-to-cart\"><a href=\"\/lv\/wp-json\/wp\/v2\/pages\/16746?add-to-cart=20501\" aria-label=\"Pievienot grozam: \u201c100tk kinnitusdetailid\u201d\" data-quantity=\"1\" data-product_id=\"20501\" data-product_sku=\"\" data-price=\"5.3\" rel=\"nofollow\" class=\"wp-block-button__link  add_to_cart_button ajax_add_to_cart\" data-no-translation=\"\" data-trp-gettext=\"\" data-no-translation-aria-label=\"\">Pievienot grozam<\/a><\/div>\n\t\t\t<\/li><li class=\"wc-block-grid__product\">\n\t\t\t\t<a href=\"https:\/\/elektrikas.ee\/lv\/p\/klotsid\/raamid\/120tk-kinnituste-komplekt\/\" class=\"wc-block-grid__product-link\">\n\t\t\t\t\t\n\t\t\t\t\t<div class=\"wc-block-grid__product-image\"><img decoding=\"async\" width=\"300\" height=\"300\" src=\"https:\/\/www.elektrikas.ee\/wp-content\/uploads\/2026\/04\/VERT_2bcdf3c95deeed50605357d5d408b4fc-300x300.png\" class=\"attachment-woocommerce_thumbnail size-woocommerce_thumbnail wvs-archive-product-image\" alt=\"120 gabalu stiprin\u0101jumu komplekts\" srcset=\"https:\/\/www.elektrikas.ee\/wp-content\/uploads\/2026\/04\/VERT_2bcdf3c95deeed50605357d5d408b4fc-300x300.png 300w, https:\/\/www.elektrikas.ee\/wp-content\/uploads\/2026\/04\/VERT_2bcdf3c95deeed50605357d5d408b4fc-150x150.png 150w, https:\/\/www.elektrikas.ee\/wp-content\/uploads\/2026\/04\/VERT_2bcdf3c95deeed50605357d5d408b4fc-768x768.png 768w, https:\/\/www.elektrikas.ee\/wp-content\/uploads\/2026\/04\/VERT_2bcdf3c95deeed50605357d5d408b4fc-12x12.png 12w, https:\/\/www.elektrikas.ee\/wp-content\/uploads\/2026\/04\/VERT_2bcdf3c95deeed50605357d5d408b4fc-600x600.png 600w, https:\/\/www.elektrikas.ee\/wp-content\/uploads\/2026\/04\/VERT_2bcdf3c95deeed50605357d5d408b4fc-100x100.png 100w, https:\/\/www.elektrikas.ee\/wp-content\/uploads\/2026\/04\/VERT_2bcdf3c95deeed50605357d5d408b4fc-50x50.png 50w, https:\/\/www.elektrikas.ee\/wp-content\/uploads\/2026\/04\/VERT_2bcdf3c95deeed50605357d5d408b4fc.png 800w\" sizes=\"(max-width: 300px) 100vw, 300px\" \/><\/div>\n\t\t\t\t\t<div class=\"wc-block-grid__product-title\">120 gabalu stiprin\u0101jumu komplekts<\/div>\n\t\t\t\t<\/a>\n\t\t\t\t<div class=\"wc-block-grid__product-price price\"><span class=\"woocommerce-Price-amount amount\"><bdi>6,20&nbsp;<span class=\"woocommerce-Price-currencySymbol\">\u20ac<\/span><\/bdi><\/span><\/div>\n\t\t\t\t\n\t\t\t\t<div class=\"wp-block-button wc-block-grid__product-add-to-cart\"><a href=\"\/lv\/wp-json\/wp\/v2\/pages\/16746?add-to-cart=20493\" aria-label=\"Pievienot grozam: \u201c120tk kinnituste komplekt\u201d\" data-quantity=\"1\" data-product_id=\"20493\" data-product_sku=\"\" data-price=\"6.2\" rel=\"nofollow\" class=\"wp-block-button__link  add_to_cart_button ajax_add_to_cart\" data-no-translation=\"\" data-trp-gettext=\"\" data-no-translation-aria-label=\"\">Pievienot grozam<\/a><\/div>\n\t\t\t<\/li><li class=\"wc-block-grid__product\">\n\t\t\t\t<a href=\"https:\/\/elektrikas.ee\/lv\/p\/klotsid\/raamid\/98585\/\" class=\"wc-block-grid__product-link\">\n\t\t\t\t\t\n\t\t\t\t\t<div class=\"wc-block-grid__product-image\"><img decoding=\"async\" width=\"300\" height=\"300\" src=\"https:\/\/www.elektrikas.ee\/wp-content\/uploads\/2026\/04\/kf-S96d2d279203e4964b0294063ae652e3cb-300x300.webp\" class=\"attachment-woocommerce_thumbnail size-woocommerce_thumbnail wvs-archive-product-image\" alt=\"98585, 31520 Ass savienot\u0101js, apa\u013c\u0161, 10 gab.\" srcset=\"https:\/\/www.elektrikas.ee\/wp-content\/uploads\/2026\/04\/kf-S96d2d279203e4964b0294063ae652e3cb-300x300.webp 300w, https:\/\/www.elektrikas.ee\/wp-content\/uploads\/2026\/04\/kf-S96d2d279203e4964b0294063ae652e3cb-150x150.webp 150w, https:\/\/www.elektrikas.ee\/wp-content\/uploads\/2026\/04\/kf-S96d2d279203e4964b0294063ae652e3cb-768x768.webp 768w, https:\/\/www.elektrikas.ee\/wp-content\/uploads\/2026\/04\/kf-S96d2d279203e4964b0294063ae652e3cb-12x12.webp 12w, https:\/\/www.elektrikas.ee\/wp-content\/uploads\/2026\/04\/kf-S96d2d279203e4964b0294063ae652e3cb-600x600.webp 600w, https:\/\/www.elektrikas.ee\/wp-content\/uploads\/2026\/04\/kf-S96d2d279203e4964b0294063ae652e3cb-100x100.webp 100w, https:\/\/www.elektrikas.ee\/wp-content\/uploads\/2026\/04\/kf-S96d2d279203e4964b0294063ae652e3cb-50x50.webp 50w, https:\/\/www.elektrikas.ee\/wp-content\/uploads\/2026\/04\/kf-S96d2d279203e4964b0294063ae652e3cb.webp 800w\" sizes=\"(max-width: 300px) 100vw, 300px\" \/><\/div>\n\t\t\t\t\t<div class=\"wc-block-grid__product-title\">98585, 31520 Ass savienot\u0101js, apa\u013c\u0161, 10 gab.<\/div>\n\t\t\t\t<\/a>\n\t\t\t\t<div class=\"wc-block-grid__product-price price\"><span class=\"woocommerce-Price-amount amount\"><bdi>2,15&nbsp;<span class=\"woocommerce-Price-currencySymbol\">\u20ac<\/span><\/bdi><\/span><\/div>\n\t\t\t\t\n\t\t\t\t<div class=\"wp-block-button wc-block-grid__product-add-to-cart\"><a href=\"\/lv\/wp-json\/wp\/v2\/pages\/16746?add-to-cart=20491\" aria-label=\"Pievienot grozam: \u201c98585, 31520 Axle Connector Round 10tk\u201d\" data-quantity=\"1\" data-product_id=\"20491\" data-product_sku=\"1005010778436230\" data-price=\"2.15\" rel=\"nofollow\" class=\"wp-block-button__link  add_to_cart_button ajax_add_to_cart\" data-no-translation=\"\" data-trp-gettext=\"\" data-no-translation-aria-label=\"\">Pievienot grozam<\/a><\/div>\n\t\t\t<\/li><li class=\"wc-block-grid__product\">\n\t\t\t\t<a href=\"https:\/\/elektrikas.ee\/lv\/p\/klotsid\/komplektid\/brickfight-kit-mould\/\" class=\"wc-block-grid__product-link\">\n\t\t\t\t\t\n\t\t\t\t\t<div class=\"wc-block-grid__product-image\"><img loading=\"lazy\" decoding=\"async\" width=\"300\" height=\"300\" src=\"https:\/\/www.elektrikas.ee\/wp-content\/uploads\/2026\/03\/IMG_20260301_170144-300x300.jpg\" class=\"attachment-woocommerce_thumbnail size-woocommerce_thumbnail wvs-archive-product-image\" alt=\"Brickfight konstruktora komplekts 1200 gab. Mould King\" srcset=\"https:\/\/www.elektrikas.ee\/wp-content\/uploads\/2026\/03\/IMG_20260301_170144-300x300.jpg 300w, https:\/\/www.elektrikas.ee\/wp-content\/uploads\/2026\/03\/IMG_20260301_170144-150x150.jpg 150w, https:\/\/www.elektrikas.ee\/wp-content\/uploads\/2026\/03\/IMG_20260301_170144-100x100.jpg 100w, https:\/\/www.elektrikas.ee\/wp-content\/uploads\/2026\/03\/IMG_20260301_170144-50x50.jpg 50w\" sizes=\"(max-width: 300px) 100vw, 300px\" \/><\/div>\n\t\t\t\t\t<div class=\"wc-block-grid__product-title\">Brickfight konstruktora komplekts 1200 gab. Mould King<\/div>\n\t\t\t\t<\/a>\n\t\t\t\t<div class=\"wc-block-grid__product-price price\"><span class=\"woocommerce-Price-amount amount\"><bdi>175,00&nbsp;<span class=\"woocommerce-Price-currencySymbol\">\u20ac<\/span><\/bdi><\/span><\/div>\n\t\t\t\t\n\t\t\t\t<div class=\"wp-block-button wc-block-grid__product-add-to-cart\"><a href=\"https:\/\/elektrikas.ee\/lv\/p\/klotsid\/komplektid\/brickfight-kit-mould\/\" aria-label=\"Izv\u0113lieties opcijas priek\u0161 \u201cBrickfight ehituskomplekt 1200pcs Mould King\u201d\" data-quantity=\"1\" data-product_id=\"20458\" data-product_sku=\"\" data-price=\"175\" rel=\"nofollow\" class=\"wp-block-button__link  add_to_cart_button\" data-no-translation=\"\" data-trp-gettext=\"\" data-no-translation-aria-label=\"\">Izv\u0113lieties<\/a><\/div>\n\t\t\t<\/li><\/ul><\/div><\/div>\n<\/div>","protected":false},"excerpt":{"rendered":"","protected":false},"author":1,"featured_media":0,"parent":0,"menu_order":0,"comment_status":"closed","ping_status":"closed","template":"","meta":{"footnotes":""},"categories":[],"tags":[],"class_list":["post-16746","page","type-page","status-publish","hentry"],"_links":{"self":[{"href":"https:\/\/elektrikas.ee\/lv\/wp-json\/wp\/v2\/pages\/16746","targetHints":{"allow":["GET"]}}],"collection":[{"href":"https:\/\/elektrikas.ee\/lv\/wp-json\/wp\/v2\/pages"}],"about":[{"href":"https:\/\/elektrikas.ee\/lv\/wp-json\/wp\/v2\/types\/page"}],"author":[{"embeddable":true,"href":"https:\/\/elektrikas.ee\/lv\/wp-json\/wp\/v2\/users\/1"}],"replies":[{"embeddable":true,"href":"https:\/\/elektrikas.ee\/lv\/wp-json\/wp\/v2\/comments?post=16746"}],"version-history":[{"count":2,"href":"https:\/\/elektrikas.ee\/lv\/wp-json\/wp\/v2\/pages\/16746\/revisions"}],"predecessor-version":[{"id":19740,"href":"https:\/\/elektrikas.ee\/lv\/wp-json\/wp\/v2\/pages\/16746\/revisions\/19740"}],"wp:attachment":[{"href":"https:\/\/elektrikas.ee\/lv\/wp-json\/wp\/v2\/media?parent=16746"}],"wp:term":[{"taxonomy":"category","embeddable":true,"href":"https:\/\/elektrikas.ee\/lv\/wp-json\/wp\/v2\/categories?post=16746"},{"taxonomy":"post_tag","embeddable":true,"href":"https:\/\/elektrikas.ee\/lv\/wp-json\/wp\/v2\/tags?post=16746"}],"curies":[{"name":"wp","href":"https:\/\/api.w.org\/{rel}","templated":true}]}}