{"id":20420,"date":"2026-03-01T16:48:20","date_gmt":"2026-03-01T14:48:20","guid":{"rendered":"https:\/\/elektrikas.ee\/p\/maaratlemata\/mechanical-brawl-robot-4002\/"},"modified":"2026-03-01T16:51:05","modified_gmt":"2026-03-01T14:51:05","slug":"mechanical-brawl-robot-4002","status":"publish","type":"product","link":"https:\/\/elektrikas.ee\/lt\/p\/klotsid\/komplektid\/mechanical-brawl-robot-4002\/","title":{"rendered":"Mechaninis mu\u0161tyni\u0173 robotas 4002 680 vnt."},"content":{"rendered":"<div class=\"product-specs-list-container\">\n<p>Netinka m\u016b\u0161iams i\u0161 plyt\u0173. Gra\u017eus, paprastas modelis \u201eBattlebots\u201c gerb\u0117jams surinkti, \u0161iek tiek pava\u017eiuoti ir ap\u017ei\u016br\u0117ti lentynoje.<\/p>\n<p>Valdomas nuotoliniu b\u016bdu, gerai veikia baterija, labai l\u0117tas pistoleto greitis, tod\u0117l tinka ma\u017eiems vaikams \u017eaisti.<\/p>\n<p>Atskiros dalys (ypa\u010d <a href=\"https:\/\/rebrickable.com\/parts\/48989\/technic-pin-connector-hub-perpendicular-3l-with-4-pins\/\">48989<\/a>) yra \u0161iek tiek sunku surinkti ir reikia \u0161iek tiek suspausti galus, \u0161iaip komplekto kokyb\u0117 gera.<\/p>\n<\/div>","protected":false},"excerpt":{"rendered":"<p>Ei sobi klotsilahingu v\u00f5itlusteks. Ilus lihtne mudel Battlebotsi f\u00e4nnidele, mida kokku panna, natuke s\u00f5ita ja kapi peal vaadata. Puldiga juhitav, aku eluiga hea, relva kiirus v\u00e4ga aeglane ja seega sobib ka v\u00e4ikestele lastele m\u00e4ngimiseks. \u00dcksikud jupid (ennek\u00f5ike 48989) k\u00e4ib natuke raskesti ja tuleb otsad natuke kokku vajutada, muidu komplekti kvaliteet hea.<\/p>","protected":false},"featured_media":20421,"template":"","meta":[],"product_brand":[],"product_cat":[270],"product_tag":[],"class_list":{"0":"post-20420","1":"product","2":"type-product","3":"status-publish","4":"has-post-thumbnail","6":"product_cat-komplektid","8":"first","9":"instock","10":"taxable","11":"shipping-taxable","12":"purchasable","13":"product-type-simple"},"_links":{"self":[{"href":"https:\/\/elektrikas.ee\/lt\/wp-json\/wp\/v2\/product\/20420","targetHints":{"allow":["GET"]}}],"collection":[{"href":"https:\/\/elektrikas.ee\/lt\/wp-json\/wp\/v2\/product"}],"about":[{"href":"https:\/\/elektrikas.ee\/lt\/wp-json\/wp\/v2\/types\/product"}],"wp:featuredmedia":[{"embeddable":true,"href":"https:\/\/elektrikas.ee\/lt\/wp-json\/wp\/v2\/media\/20421"}],"wp:attachment":[{"href":"https:\/\/elektrikas.ee\/lt\/wp-json\/wp\/v2\/media?parent=20420"}],"wp:term":[{"taxonomy":"product_brand","embeddable":true,"href":"https:\/\/elektrikas.ee\/lt\/wp-json\/wp\/v2\/product_brand?post=20420"},{"taxonomy":"product_cat","embeddable":true,"href":"https:\/\/elektrikas.ee\/lt\/wp-json\/wp\/v2\/product_cat?post=20420"},{"taxonomy":"product_tag","embeddable":true,"href":"https:\/\/elektrikas.ee\/lt\/wp-json\/wp\/v2\/product_tag?post=20420"}],"curies":[{"name":"wp","href":"https:\/\/api.w.org\/{rel}","templated":true}]}}