{"id":19648,"date":"2025-10-28T22:42:02","date_gmt":"2025-10-28T20:42:02","guid":{"rendered":"https:\/\/elektrikas.ee\/?post_type=product&#038;p=19648"},"modified":"2025-11-11T19:09:19","modified_gmt":"2025-11-11T17:09:19","slug":"rc-battle-bots-warrior-vs-storm-fury","status":"publish","type":"product","link":"https:\/\/elektrikas.ee\/lt\/p\/rc\/robolahing\/rc-battle-bots-warrior-vs-storm-fury\/","title":{"rendered":"RC koviniai robotai \u2013 Kar\u017eygys prie\u0161 Audros \u012fnir\u0161\u012f"},"content":{"rendered":"<h3 class=\"ng-star-inserted\"><span class=\"ng-star-inserted\">Tikri robot\u0173 m\u016b\u0161iai<\/span><\/h3>\n<p class=\"ng-star-inserted\"><span class=\"ng-star-inserted\">\u0160ie nuotoliniu b\u016bdu valdomi robotai pasireng\u0119 adrenalino kupinoms kovoms! Yra suktuvas ir keltuvas, kurie tikrai atgaivins kov\u0105. Nuo roboto \u0161ono \u201cnul\u016b\u017etan\u010dios\u201d dalys suteikia tikrovi\u0161kumo, tarsi vykt\u0173 tikra kova. D\u0117l to m\u016b\u0161iai tampa ypa\u010d \u012ftraukiantys ir suteikia vaikams tikros var\u017eyb\u0173 patirties.<\/span><\/p>\n<h3 class=\"ng-star-inserted\"><span class=\"ng-star-inserted\">Trys gyvyb\u0117s ta\u0161kai ir strategija<\/span><\/h3>\n<p class=\"ng-star-inserted\"><span class=\"ng-star-inserted\">Kiekvienas robotas turi tris gyvybi\u0161kai svarbius ta\u0161kus ir savo silpn\u0105sias vietas \u0161onuose. Jei pataikysite \u012f silpn\u0105j\u0105 prie\u0161ininko viet\u0105, j\u016bs\u0173 lazda suvibruos ir prane\u0161 jums apie tai. Trys pataikymai ir prie\u0161ininko robotas i\u0161krenta i\u0161 \u017eaidimo! Vaikai gali lavinti savo strategin\u012f m\u0105stym\u0105, kad pergudraut\u0173 prie\u0161inink\u0105 ir parsive\u017et\u0173 namo pergal\u0119. \u017daisdami vaikai taip pat tobulina m\u0105stymo \u012fg\u016bd\u017eius.<\/span><\/p>\n<h3 class=\"ng-star-inserted\"><span class=\"ng-star-inserted\">Galingas ir ilgaam\u017eis<\/span><\/h3>\n<p class=\"ng-star-inserted\"><span class=\"ng-star-inserted\">Galinga keturi\u0173 varan\u010di\u0173j\u0173 rat\u0173 pavara ir 2,4 GHz da\u017enio pultelis u\u017etikrina greit\u0105 ir tiksl\u0173 valdym\u0105, kad m\u016b\u0161is b\u016bt\u0173 jaudinantis. Komplekte yra dvi \u012fkraunamos baterijos (3,7 V 500 mAh*2), tod\u0117l robotams u\u017etenka energijos ilgiems ir smagiems \u017eaidimams.<\/span><\/p>\n<h3 class=\"ng-star-inserted\"><span class=\"ng-star-inserted\">Kuriant ir \u012ftraukiant<\/span><\/h3>\n<p class=\"ng-star-inserted\"><span class=\"ng-star-inserted\">M\u016bs\u0173 koviniai robotai - puiki prad\u017eia vaikams pasinerti \u012f \u012fdom\u0173 robot\u0173 pasaul\u012f. Jie ne tik suteikia pramog\u0105, bet ir padeda vaikams lavinti rank\u0173 ir aki\u0173 koordinacij\u0105 bei strategin\u012f m\u0105stym\u0105. Tai puikus b\u016bdas mokytis \u017eaid\u017eiant ir suteikti vaikams sveik\u0105 ir draugi\u0161k\u0105 konkurencin\u0119 aplink\u0105. Puikus \u017eaidimas turnyrams tarp vaik\u0173, taip pat smagus \u0161eimos u\u017esi\u0117mimas!<\/span><\/p>","protected":false},"excerpt":{"rendered":"<p>T\u00f5elised robolahingud Need puldist juhitavad robotid on valmis adrenaliinirohketeks lahinguteks! Vastamisi on on spinner ja t\u00f5stja, mis paneb v\u00f5itluse t\u00f5eliselt elama. Roboti k\u00fcljest &#8220;purunevad&#8221; osad annavad realistliku tunnetuse, justkui k\u00e4iks p\u00e4ris v\u00f5itlus. See muudab lahingud eriti kaasahaaravaks ja pakub lastele t\u00f5elise v\u00f5istluse elamuse. Kolm elupunkti ja strateegia Igal robotil on kolm elupunkti ja omad n\u00f5rgad [&hellip;]<\/p>","protected":false},"featured_media":19654,"template":"","meta":[],"product_brand":[],"product_cat":[374],"product_tag":[],"class_list":{"0":"post-19648","1":"product","2":"type-product","3":"status-publish","4":"has-post-thumbnail","6":"product_cat-robolahing","8":"first","9":"instock","10":"taxable","11":"shipping-taxable","12":"purchasable","13":"product-type-simple"},"_links":{"self":[{"href":"https:\/\/elektrikas.ee\/lt\/wp-json\/wp\/v2\/product\/19648","targetHints":{"allow":["GET"]}}],"collection":[{"href":"https:\/\/elektrikas.ee\/lt\/wp-json\/wp\/v2\/product"}],"about":[{"href":"https:\/\/elektrikas.ee\/lt\/wp-json\/wp\/v2\/types\/product"}],"wp:featuredmedia":[{"embeddable":true,"href":"https:\/\/elektrikas.ee\/lt\/wp-json\/wp\/v2\/media\/19654"}],"wp:attachment":[{"href":"https:\/\/elektrikas.ee\/lt\/wp-json\/wp\/v2\/media?parent=19648"}],"wp:term":[{"taxonomy":"product_brand","embeddable":true,"href":"https:\/\/elektrikas.ee\/lt\/wp-json\/wp\/v2\/product_brand?post=19648"},{"taxonomy":"product_cat","embeddable":true,"href":"https:\/\/elektrikas.ee\/lt\/wp-json\/wp\/v2\/product_cat?post=19648"},{"taxonomy":"product_tag","embeddable":true,"href":"https:\/\/elektrikas.ee\/lt\/wp-json\/wp\/v2\/product_tag?post=19648"}],"curies":[{"name":"wp","href":"https:\/\/api.w.org\/{rel}","templated":true}]}}