{"id":19594,"date":"2025-10-27T23:08:07","date_gmt":"2025-10-27T21:08:07","guid":{"rendered":"https:\/\/elektrikas.ee\/p\/maaratlemata\/4-kanaliga-pult-aku-cada\/"},"modified":"2025-11-08T15:08:52","modified_gmt":"2025-11-08T13:08:52","slug":"4-kanaliga-pult-aku-cada","status":"publish","type":"product","link":"https:\/\/elektrikas.ee\/lt\/p\/klotsid\/puldid-ja-akud\/4-kanaliga-pult-aku-cada\/","title":{"rendered":"4 kanal\u0173 nuotolinio valdymo pultas + baterija CADA"},"content":{"rendered":"<div class=\"product-specs-list-container\">\n<div class=\"product-specs-list-container\">\n<div class=\"product-specs-list-container\">\n<p>K\u016briniai, CADA prek\u0117s \u017eenklas, 3\/5.\u00a0<\/p>\n<p>Problemos su baterija ir nuotolinio valdymo pultu, kurie i\u0161sijungia patys. Nuotolinio valdymo pulto baterijos gnybtai yra silpni, tod\u0117l rekomenduojama po jais pad\u0117ti gumos\/put\u0173 gabal\u0117l\u012f, kad b\u016bt\u0173 i\u0161vengta kontakto su baterija praradimo, o tai i\u0161 dalies i\u0161spr\u0119s problem\u0105.<\/p>\n<p>Mygtukai yra tik \u012fjungimo-i\u0161jungimo, neprisitaikantys.<\/p>\n<p>Veikimo laikas su vienu \u012fkrovimu ~50 min.<\/p>\n<p>Pakuot\u0117je yra:<\/p>\n<ul>\n<li>1 x \u012fkraunamas nuotolinio valdymo pultas<\/li>\n<li>1 x \u012fkraunama baterija<\/li>\n<li>1 x USB \u012fkrovimo kabelis<\/li>\n<\/ul>\n<\/div>\n<\/div>\n<\/div>","protected":false},"excerpt":{"rendered":"<p>T\u00f6\u00f6tab, CADA br\u00e4nd, 3\/5.\u00a0 Probleemid aku ja puldi ise v\u00e4lja l\u00fclitumisega. Puldi patareiklemmid on n\u00f5rgad ning soovituslik sinna kummi\/vahut\u00fckk alla panna, et kontakt patareiga ei kaoks ja see lahendab probleemi osaliselt. Nupud ainult on-off, ei ole adaptiivne. Kasutusaeg \u00fche laadimisega ~50min. Pakend sisaldab: 1 x laetav kaugjuhtimispult 1 x laetav aku 1 x USB laadimiskaabel<\/p>","protected":false},"featured_media":19595,"template":"","meta":[],"product_brand":[],"product_cat":[271],"product_tag":[],"class_list":{"0":"post-19594","1":"product","2":"type-product","3":"status-publish","4":"has-post-thumbnail","6":"product_cat-puldid-ja-akud","8":"first","9":"instock","10":"taxable","11":"shipping-taxable","12":"purchasable","13":"product-type-simple"},"_links":{"self":[{"href":"https:\/\/elektrikas.ee\/lt\/wp-json\/wp\/v2\/product\/19594","targetHints":{"allow":["GET"]}}],"collection":[{"href":"https:\/\/elektrikas.ee\/lt\/wp-json\/wp\/v2\/product"}],"about":[{"href":"https:\/\/elektrikas.ee\/lt\/wp-json\/wp\/v2\/types\/product"}],"wp:featuredmedia":[{"embeddable":true,"href":"https:\/\/elektrikas.ee\/lt\/wp-json\/wp\/v2\/media\/19595"}],"wp:attachment":[{"href":"https:\/\/elektrikas.ee\/lt\/wp-json\/wp\/v2\/media?parent=19594"}],"wp:term":[{"taxonomy":"product_brand","embeddable":true,"href":"https:\/\/elektrikas.ee\/lt\/wp-json\/wp\/v2\/product_brand?post=19594"},{"taxonomy":"product_cat","embeddable":true,"href":"https:\/\/elektrikas.ee\/lt\/wp-json\/wp\/v2\/product_cat?post=19594"},{"taxonomy":"product_tag","embeddable":true,"href":"https:\/\/elektrikas.ee\/lt\/wp-json\/wp\/v2\/product_tag?post=19594"}],"curies":[{"name":"wp","href":"https:\/\/api.w.org\/{rel}","templated":true}]}}