{"id":19589,"date":"2025-10-27T22:58:59","date_gmt":"2025-10-27T20:58:59","guid":{"rendered":"https:\/\/elektrikas.ee\/p\/maaratlemata\/4-kanaliga-pult-aku-mould-king-m0006\/"},"modified":"2025-11-06T18:48:28","modified_gmt":"2025-11-06T16:48:28","slug":"4-kanaliga-pult-aku-mould-king-m0006","status":"publish","type":"product","link":"https:\/\/elektrikas.ee\/lt\/p\/klotsid\/puldid-ja-akud\/4-kanaliga-pult-aku-mould-king-m0006\/","title":{"rendered":"4 kanal\u0173 nuotolinio valdymo pultas + baterija Mould King M0006"},"content":{"rendered":"<div class=\"product-specs-list-container\">\n<p>Auk\u0161ta kokyb\u0117, 4\/5. Sunkiau naudoti \u0161audant blokais, nes pistoleto mygtukas n\u0117ra patogus po pir\u0161tu.<\/p>\n<p>Akumuliatoriaus veikimo laikas vienu \u012fkrovimu ~60 min.<\/p>\n<p>Formos karalius M0006 4.0<\/p>\n<p>Mygtukai yra tik \u012fjungimo-i\u0161jungimo, neprisitaikantys.<br \/>\n\"Bluetooth\" + program\u0117l\u0117<br \/>\nprogramuojamas<\/p>\n<p>Pakuot\u0117je yra:<\/p>\n<ul>\n<li>1 x \u012fkraunamas nuotolinio valdymo pultas<\/li>\n<li>1 x 6,0 \u012fkraunamas akumuliatorius<\/li>\n<li>1 x USB \u012fkrovimo kabelis<\/li>\n<\/ul>\n<p>Pritaikykite:<\/p>\n<p>\"Apple App Store\":<br \/>\nMK Basic: https:\/\/apps.apple.com\/us\/app\/%E5%AE%87%E6%98%9F%E7%A7%91%E6%8A%80\/id1457417598<br \/>\nMK Plus: https:\/\/apps.apple.com\/us\/app\/%E5%AE%87%E6%98%9F%E7%A7%AF%E6%9C%A8\/id6444075223<\/p>\n<p>\"Google Play\" parduotuv\u0117:<br \/>\nMK Basic: https:\/\/play.google.com\/store\/apps\/details?id=com.yxkj_main.building_block_robot<br \/>\nMK Plus: https:\/\/play.google.com\/store\/apps\/details?id=com.yxkj_main.yu_xing_long_connection<\/p>\n<\/div>","protected":false},"excerpt":{"rendered":"<p>Kvaliteetne, 4\/5. Klotsilahingu jaoks raskem kasutada kuna relva nupp pole mugavalt s\u00f5rme all. Kasutusaeg \u00fche laadimisega ~60min. Mould King M0006 4.0 Nupud ainult on-off, ei ole adaptiivne. Bluetooth + APP programmeeritav Pakend sisaldab: 1 x laetav kaugjuhtimispult 1 x 6.0 laetav aku 1 x USB laadimiskaabel \u00c4pp: Apple App Store: MK Basic: https:\/\/apps.apple.com\/us\/app\/%E5%AE%87%E6%98%9F%E7%A7%91%E6%8A%80\/id1457417598 MK Plus: [&hellip;]<\/p>","protected":false},"featured_media":19590,"template":"","meta":[],"product_brand":[],"product_cat":[271],"product_tag":[],"class_list":{"0":"post-19589","1":"product","2":"type-product","3":"status-publish","4":"has-post-thumbnail","6":"product_cat-puldid-ja-akud","8":"first","9":"instock","10":"taxable","11":"shipping-taxable","12":"purchasable","13":"product-type-simple"},"_links":{"self":[{"href":"https:\/\/elektrikas.ee\/lt\/wp-json\/wp\/v2\/product\/19589","targetHints":{"allow":["GET"]}}],"collection":[{"href":"https:\/\/elektrikas.ee\/lt\/wp-json\/wp\/v2\/product"}],"about":[{"href":"https:\/\/elektrikas.ee\/lt\/wp-json\/wp\/v2\/types\/product"}],"wp:featuredmedia":[{"embeddable":true,"href":"https:\/\/elektrikas.ee\/lt\/wp-json\/wp\/v2\/media\/19590"}],"wp:attachment":[{"href":"https:\/\/elektrikas.ee\/lt\/wp-json\/wp\/v2\/media?parent=19589"}],"wp:term":[{"taxonomy":"product_brand","embeddable":true,"href":"https:\/\/elektrikas.ee\/lt\/wp-json\/wp\/v2\/product_brand?post=19589"},{"taxonomy":"product_cat","embeddable":true,"href":"https:\/\/elektrikas.ee\/lt\/wp-json\/wp\/v2\/product_cat?post=19589"},{"taxonomy":"product_tag","embeddable":true,"href":"https:\/\/elektrikas.ee\/lt\/wp-json\/wp\/v2\/product_tag?post=19589"}],"curies":[{"name":"wp","href":"https:\/\/api.w.org\/{rel}","templated":true}]}}