{"id":19221,"date":"2025-10-27T20:31:02","date_gmt":"2025-10-27T18:31:02","guid":{"rendered":"https:\/\/elektrikas.ee\/?post_type=product&#038;p=19221"},"modified":"2026-03-01T16:50:19","modified_gmt":"2026-03-01T14:50:19","slug":"klotsilahingu-robot-vegas","status":"publish","type":"product","link":"https:\/\/elektrikas.ee\/lt\/p\/klotsid\/komplektid\/klotsilahingu-robot-vegas\/","title":{"rendered":"Plyt\u0173 m\u016b\u0161io robotas Vegas 563 vnt."},"content":{"rendered":"<p>Rinkin\u012f sudaro 3 varikliai, akumuliatorius ir pultelis (Mould King).<\/p>\n<p>2 alternatyv\u016bs ginkl\u0173 i\u0161d\u0117stymo variantai - horizontalus ir vertikalus.<\/p>\n<p>Pagaminta ir autorizuota Technicalities BY kk. Robotas veikia su 2 L varikliais ir 1 XL varikliu. Tai pradinio lygio \"BattleBrickBot Combat\" modelis, kur\u012f sudaro i\u0161 plyt\u0173 sukonstruoti robotai. Rungtyni\u0173 pergal\u0117s s\u0105lyga - prie\u0161as nebegali jud\u0117ti.<\/p>","protected":false},"excerpt":{"rendered":"<p>Gamintojas: LesDIY<br \/>\nDizaineris: KK Technicalities<br \/>\nPCS: 563<br \/>\nDydis: 33 x 29 x 17 cm<\/p>\n<p>Pristatymas: 1,5 m\u0117nesio - gaminama Honkonge po u\u017esakymo pateikimo.<\/p>","protected":false},"featured_media":19222,"template":"","meta":[],"product_brand":[],"product_cat":[270],"product_tag":[],"class_list":{"0":"post-19221","1":"product","2":"type-product","3":"status-publish","4":"has-post-thumbnail","6":"product_cat-komplektid","8":"first","9":"instock","10":"taxable","11":"shipping-taxable","12":"purchasable","13":"product-type-simple"},"_links":{"self":[{"href":"https:\/\/elektrikas.ee\/lt\/wp-json\/wp\/v2\/product\/19221","targetHints":{"allow":["GET"]}}],"collection":[{"href":"https:\/\/elektrikas.ee\/lt\/wp-json\/wp\/v2\/product"}],"about":[{"href":"https:\/\/elektrikas.ee\/lt\/wp-json\/wp\/v2\/types\/product"}],"wp:featuredmedia":[{"embeddable":true,"href":"https:\/\/elektrikas.ee\/lt\/wp-json\/wp\/v2\/media\/19222"}],"wp:attachment":[{"href":"https:\/\/elektrikas.ee\/lt\/wp-json\/wp\/v2\/media?parent=19221"}],"wp:term":[{"taxonomy":"product_brand","embeddable":true,"href":"https:\/\/elektrikas.ee\/lt\/wp-json\/wp\/v2\/product_brand?post=19221"},{"taxonomy":"product_cat","embeddable":true,"href":"https:\/\/elektrikas.ee\/lt\/wp-json\/wp\/v2\/product_cat?post=19221"},{"taxonomy":"product_tag","embeddable":true,"href":"https:\/\/elektrikas.ee\/lt\/wp-json\/wp\/v2\/product_tag?post=19221"}],"curies":[{"name":"wp","href":"https:\/\/api.w.org\/{rel}","templated":true}]}}