{"id":19216,"date":"2025-10-27T20:27:05","date_gmt":"2025-10-27T18:27:05","guid":{"rendered":"https:\/\/elektrikas.ee\/?post_type=product&#038;p=19216"},"modified":"2026-03-01T16:49:53","modified_gmt":"2026-03-01T14:49:53","slug":"klotsilahingu-robot-denial","status":"publish","type":"product","link":"https:\/\/elektrikas.ee\/lt\/p\/klotsid\/komplektid\/klotsilahingu-robot-denial\/","title":{"rendered":"Plyt\u0173 m\u016b\u0161io roboto neigimas 677 vnt."},"content":{"rendered":"<p>Rinkin\u012f sudaro 3 varikliai, akumuliatorius ir pultelis (Mould King).<\/p>\n<p>\"Technicalities by KK\" sukurtas ir autorizuotas gaminys turi tvirt\u0105 i\u0161orin\u012f r\u0117m\u0105, kuris padidina mobilum\u0105 ir stabilum\u0105 m\u016b\u0161io metu. Kompakti\u0161ka konstrukcija, daugyb\u0117 atramos ta\u0161k\u0173 ir a\u0161tr\u016bs raudoni elementai suteikia ir apsaugini\u0173 savybi\u0173, ir agresyv\u0173 dizain\u0105, puikiai tinkant\u012f intensyviems m\u016b\u0161iams. Pagrindiniai juodos ir violetin\u0117s spalvos tonai su papildomais m\u0117lynos ir raudonos spalvos akcentais sukuria \u012fsp\u016bding\u0105 pramonin\u0119 estetik\u0105, kuri vizualiai priblo\u0161kia.<\/p>","protected":false},"excerpt":{"rendered":"<p>Gamintojas: LesDIY<br \/>\nDizaineris: KK Technicalities<br \/>\nPCS: 677<br \/>\nDydis: 28 x 33 x 30 cm<\/p>\n<p>Pristatymas: 1,5 m\u0117nesio - gaminama Honkonge po u\u017esakymo pateikimo.<\/p>","protected":false},"featured_media":19217,"template":"","meta":[],"product_brand":[],"product_cat":[270],"product_tag":[],"class_list":{"0":"post-19216","1":"product","2":"type-product","3":"status-publish","4":"has-post-thumbnail","6":"product_cat-komplektid","8":"first","9":"instock","10":"taxable","11":"shipping-taxable","12":"purchasable","13":"product-type-simple"},"_links":{"self":[{"href":"https:\/\/elektrikas.ee\/lt\/wp-json\/wp\/v2\/product\/19216","targetHints":{"allow":["GET"]}}],"collection":[{"href":"https:\/\/elektrikas.ee\/lt\/wp-json\/wp\/v2\/product"}],"about":[{"href":"https:\/\/elektrikas.ee\/lt\/wp-json\/wp\/v2\/types\/product"}],"wp:featuredmedia":[{"embeddable":true,"href":"https:\/\/elektrikas.ee\/lt\/wp-json\/wp\/v2\/media\/19217"}],"wp:attachment":[{"href":"https:\/\/elektrikas.ee\/lt\/wp-json\/wp\/v2\/media?parent=19216"}],"wp:term":[{"taxonomy":"product_brand","embeddable":true,"href":"https:\/\/elektrikas.ee\/lt\/wp-json\/wp\/v2\/product_brand?post=19216"},{"taxonomy":"product_cat","embeddable":true,"href":"https:\/\/elektrikas.ee\/lt\/wp-json\/wp\/v2\/product_cat?post=19216"},{"taxonomy":"product_tag","embeddable":true,"href":"https:\/\/elektrikas.ee\/lt\/wp-json\/wp\/v2\/product_tag?post=19216"}],"curies":[{"name":"wp","href":"https:\/\/api.w.org\/{rel}","templated":true}]}}