{"id":18755,"date":"2025-06-11T16:25:43","date_gmt":"2025-06-11T13:25:43","guid":{"rendered":"https:\/\/elektrikas.ee\/p\/maaratlemata\/wltoys-144001-144016-v8-pro-1-14-4wd-remote-control-drift-rc-racing-car-high-speed-trunk-off-road-vehicle-toys-boys-kids-gift\/"},"modified":"2025-10-28T23:35:05","modified_gmt":"2025-10-28T21:35:05","slug":"wltoys-144001-v8pro","status":"publish","type":"product","link":"https:\/\/elektrikas.ee\/lt\/p\/rc\/4x4\/wltoys-144001-v8pro\/","title":{"rendered":"WLtoys 144001 V8 Pro 1\/14 nuotolinio valdymo automobilis"},"content":{"rendered":"<p style=\"font-family: 'Microsoft YaHei'; font-size: medium; font-weight: 400; letter-spacing: normal; text-align: start; white-space: normal; color: #000000; margin-left: 25px;\" align=\"start\">Modelis: WL 144001 \/ 144001 Pro<br \/>\nPrek\u0117s \u017eenklas: WLtoys<br \/>\nMastelis: 1:14<br \/>\nProdukto dydis (CM): 31*20,5*11<br \/>\nPakuot\u0117s dydis (CM): 41,5 * 23 * 15<br \/>\npakuot\u0117s dydis (CM): 48*44*48<br \/>\nGaminio svoris: 0,92 kg<br \/>\npakuot\u0117s svoris: 1,8 kg<br \/>\nDid\u017eiausias greitis: 60 km\/h<br \/>\nkelion\u0117s trukm\u0117: 7 minut\u0117s<br \/>\n\u012ekrovimo laikas: 3 valandos<br \/>\nNuotolinis valdymas: 2,4 G nuotolinis valdymas<br \/>\nAtstumas (m): 100 metr\u0173<br \/>\nVariklis: 550 anglies \u0161epet\u0117li\u0173 variklis su stipriu magnetiniu varikliu<br \/>\nStandartin\u0117s baterijos duomenys: 7,4 V 1500 mAh<\/p>","protected":false},"excerpt":{"rendered":"<p>Mudel: WL 144001 \/ 144001 Pro Kaubam\u00e4rk: WLtoys M\u00f5\u00f5tkava: 1:14 Toote suurus (CM): 31*20,5*11 Pakendi suurus (CM): 41,5*23*15 pakendi suurus (CM): 48*44*48 Toote kaal: 0,92 kg pakendi kaal: 1,8 kg Maksimaalne kiirus: 60 km\/h s\u00f5iduaeg: 7 minutit Laadimisaeg: 3 tundi Kaugjuhtimispult: 2,4G kaugjuhtimispult Kaugus (m): 100 meetrit Ajami mootor: 550 s\u00fcsinikuharjaga tugeva magnetiga mootor Standardaku [&hellip;]<\/p>","protected":false},"featured_media":18756,"template":"","meta":[],"product_brand":[],"product_cat":[166],"product_tag":[],"class_list":{"0":"post-18755","1":"product","2":"type-product","3":"status-publish","4":"has-post-thumbnail","6":"product_cat-4x4","8":"first","9":"instock","10":"taxable","11":"shipping-taxable","12":"purchasable","13":"product-type-variable","14":"wvs-archive-product-wrapper"},"_links":{"self":[{"href":"https:\/\/elektrikas.ee\/lt\/wp-json\/wp\/v2\/product\/18755","targetHints":{"allow":["GET"]}}],"collection":[{"href":"https:\/\/elektrikas.ee\/lt\/wp-json\/wp\/v2\/product"}],"about":[{"href":"https:\/\/elektrikas.ee\/lt\/wp-json\/wp\/v2\/types\/product"}],"wp:featuredmedia":[{"embeddable":true,"href":"https:\/\/elektrikas.ee\/lt\/wp-json\/wp\/v2\/media\/18756"}],"wp:attachment":[{"href":"https:\/\/elektrikas.ee\/lt\/wp-json\/wp\/v2\/media?parent=18755"}],"wp:term":[{"taxonomy":"product_brand","embeddable":true,"href":"https:\/\/elektrikas.ee\/lt\/wp-json\/wp\/v2\/product_brand?post=18755"},{"taxonomy":"product_cat","embeddable":true,"href":"https:\/\/elektrikas.ee\/lt\/wp-json\/wp\/v2\/product_cat?post=18755"},{"taxonomy":"product_tag","embeddable":true,"href":"https:\/\/elektrikas.ee\/lt\/wp-json\/wp\/v2\/product_tag?post=18755"}],"curies":[{"name":"wp","href":"https:\/\/api.w.org\/{rel}","templated":true}]}}