{"id":18736,"date":"2025-06-11T16:25:39","date_gmt":"2025-06-11T13:25:39","guid":{"rendered":"https:\/\/elektrikas.ee\/p\/maaratlemata\/wltoys-144016-144018-144018a-114-rc-racing-car-35km-h-electric-4wd-trunk-2-4g-remote-control-high-speed-vehicle-toys-kids-gift\/"},"modified":"2025-10-28T23:33:01","modified_gmt":"2025-10-28T21:33:01","slug":"wltoys-144016-144018","status":"publish","type":"product","link":"https:\/\/elektrikas.ee\/lt\/p\/rc\/4x4\/wltoys-144016-144018\/","title":{"rendered":"WLtoys 144018 1:14 35 km\/h 4WD nuotolinio valdymo automobilis"},"content":{"rendered":"<p style=\"margin-left: 25px;\">Modelis: WL 144018<br \/>\nPrek\u0117s \u017eenklas: WLtoys<br \/>\nMastelis: 1:14<br \/>\nProdukto dydis (CM): 31*24*14<br \/>\nPakuot\u0117s dydis (cm): 33*27*20<br \/>\nPakuot\u0117s dydis (cm): 34*28*22<br \/>\nProdukto svoris: 1,05 kg<br \/>\nPakuot\u0117s svoris: 1,69 kg<br \/>\nMaksimalus greitis: 35 km\/h<br \/>\nSkryd\u017eio trukm\u0117: 15 minu\u010di\u0173 +<br \/>\n\u012ekrovimo laikas: 3 valandos<br \/>\nNuotolinis valdymas: 2,4 G nuotolinis valdymas<br \/>\nNuotolinio valdymo pultelio baterijos: 4 * AA baterijos (\u012f komplekt\u0105 ne\u012feina)<br \/>\nNuotolis: 100 metr\u0173 +<br \/>\nVariklis: 390 anglies \u0161epet\u0117li\u0173 variklis<br \/>\nStandartin\u0117s baterijos duomenys: 7,4 V 1500 mAh li\u010dio baterija<\/p>","protected":false},"excerpt":{"rendered":"<p>Mudel: WL 144018 Kaubam\u00e4rk: WLtoys M\u00f5\u00f5tkava: 1:14 Toote suurus (CM): 31*24*14 Pakendi suurus (CM): 33*27*20 Pakendi suurus (CM): 34*28*22 Toote kaal: 1,05 kg Pakendi kaal: 1,69 kg Maksimaalne kiirus: 35 km\/h Lennuaeg: 15 minutit + Laadimisaeg: 3 tundi Kaugjuhtimispult: 2,4G kaugjuhtimispult Kaugjuhtimispuldi patarei: 4 * AA patarei (ei kuulu komplekti) Kaugkaugus: 100 meetrit + Veomootor: [&hellip;]<\/p>","protected":false},"featured_media":18737,"template":"","meta":[],"product_brand":[],"product_cat":[166],"product_tag":[],"class_list":{"0":"post-18736","1":"product","2":"type-product","3":"status-publish","4":"has-post-thumbnail","6":"product_cat-4x4","8":"first","9":"instock","10":"taxable","11":"shipping-taxable","12":"purchasable","13":"product-type-variable","14":"wvs-archive-product-wrapper"},"_links":{"self":[{"href":"https:\/\/elektrikas.ee\/lt\/wp-json\/wp\/v2\/product\/18736","targetHints":{"allow":["GET"]}}],"collection":[{"href":"https:\/\/elektrikas.ee\/lt\/wp-json\/wp\/v2\/product"}],"about":[{"href":"https:\/\/elektrikas.ee\/lt\/wp-json\/wp\/v2\/types\/product"}],"wp:featuredmedia":[{"embeddable":true,"href":"https:\/\/elektrikas.ee\/lt\/wp-json\/wp\/v2\/media\/18737"}],"wp:attachment":[{"href":"https:\/\/elektrikas.ee\/lt\/wp-json\/wp\/v2\/media?parent=18736"}],"wp:term":[{"taxonomy":"product_brand","embeddable":true,"href":"https:\/\/elektrikas.ee\/lt\/wp-json\/wp\/v2\/product_brand?post=18736"},{"taxonomy":"product_cat","embeddable":true,"href":"https:\/\/elektrikas.ee\/lt\/wp-json\/wp\/v2\/product_cat?post=18736"},{"taxonomy":"product_tag","embeddable":true,"href":"https:\/\/elektrikas.ee\/lt\/wp-json\/wp\/v2\/product_tag?post=18736"}],"curies":[{"name":"wp","href":"https:\/\/api.w.org\/{rel}","templated":true}]}}