{"id":18726,"date":"2025-06-11T16:25:38","date_gmt":"2025-06-11T13:25:38","guid":{"rendered":"https:\/\/elektrikas.ee\/p\/maaratlemata\/new-wltoys-k989-284131-pro-128-mini-rc-racing-car-high-speed-offroad-remote-control-drift-toys-alloy-vehicle-children-kids-gift\/"},"modified":"2025-10-28T23:36:30","modified_gmt":"2025-10-28T21:36:30","slug":"wltoys-k989-pro-rc-car","status":"publish","type":"product","link":"https:\/\/elektrikas.ee\/lt\/p\/rc\/4x4\/wltoys-k989-pro-rc-car\/","title":{"rendered":"WLtoys K989 Pro 1:28 Mini 4WD Drift nuotolinio valdymo automobilis"},"content":{"rendered":"<p>Modelis: WL K989<\/p>\n<p>Prek\u0117s \u017eenklas: WLtoys<\/p>\n<p>Mastelis: 1:28<\/p>\n<p>Produkto dydis (CM): 17*8*6<\/p>\n<p>Pakuot\u0117s dydis (CM): 28 * 17,5 * 15,5<\/p>\n<p>Pakuot\u0117s dydis (cm): 26*17*15<\/p>\n<p>Gaminio svoris: 0,15 kg<\/p>\n<p>Pakuot\u0117s svoris: 0,48 kg<\/p>\n<p>Maksimalus greitis: 30 km\/h<\/p>\n<p>Skryd\u017eio trukm\u0117: 18 minu\u010di\u0173<\/p>\n<p>\u012ekrovimo laikas: 1 valanda<\/p>\n<p>Nuotolinis valdymas: 2,4 G nuotolinis valdymas<\/p>\n<p>Nuotolinio valdymo pultelio baterijos: 4 * AA baterijos (\u012f komplekt\u0105 ne\u012feina)<\/p>\n<p>Nuotolis (m): 100 metr\u0173 +<\/p>\n<p>Variklis: 130 anglies \u0161epet\u0117li\u0173 greitaeigis variklis<\/p>\n<p>Standartin\u0117s baterijos duomenys: 7,4 V 400 mAh*1<\/p>","protected":false},"excerpt":{"rendered":"<p>Mudel: WL K989 Kaubam\u00e4rk: WLtoys M\u00f5\u00f5tkava: 1:28 Toote suurus (CM): 17*8*6 Pakendi suurus (CM): 28*17,5*15,5 Pakendi suurus (CM): 26*17*15 Toote kaal: 0,15 kg Pakendi kaal: 0,48 kg Maksimaalne kiirus: 30 km\/h Lennuaeg: 18 minutit Laadimisaeg: 1 tund Kaugjuhtimispult: 2,4G kaugjuhtimispult Kaugjuhtimispuldi patarei: 4 * AA patarei (ei kuulu komplekti) Kaugkaugus (m): 100 meetrit + Ajami [&hellip;]<\/p>","protected":false},"featured_media":18727,"template":"","meta":[],"product_brand":[],"product_cat":[166],"product_tag":[],"class_list":{"0":"post-18726","1":"product","2":"type-product","3":"status-publish","4":"has-post-thumbnail","6":"product_cat-4x4","8":"first","9":"instock","10":"taxable","11":"shipping-taxable","12":"purchasable","13":"product-type-variable","14":"wvs-archive-product-wrapper"},"_links":{"self":[{"href":"https:\/\/elektrikas.ee\/lt\/wp-json\/wp\/v2\/product\/18726","targetHints":{"allow":["GET"]}}],"collection":[{"href":"https:\/\/elektrikas.ee\/lt\/wp-json\/wp\/v2\/product"}],"about":[{"href":"https:\/\/elektrikas.ee\/lt\/wp-json\/wp\/v2\/types\/product"}],"wp:featuredmedia":[{"embeddable":true,"href":"https:\/\/elektrikas.ee\/lt\/wp-json\/wp\/v2\/media\/18727"}],"wp:attachment":[{"href":"https:\/\/elektrikas.ee\/lt\/wp-json\/wp\/v2\/media?parent=18726"}],"wp:term":[{"taxonomy":"product_brand","embeddable":true,"href":"https:\/\/elektrikas.ee\/lt\/wp-json\/wp\/v2\/product_brand?post=18726"},{"taxonomy":"product_cat","embeddable":true,"href":"https:\/\/elektrikas.ee\/lt\/wp-json\/wp\/v2\/product_cat?post=18726"},{"taxonomy":"product_tag","embeddable":true,"href":"https:\/\/elektrikas.ee\/lt\/wp-json\/wp\/v2\/product_tag?post=18726"}],"curies":[{"name":"wp","href":"https:\/\/api.w.org\/{rel}","templated":true}]}}