{"id":18661,"date":"2025-06-11T16:25:30","date_gmt":"2025-06-11T13:25:30","guid":{"rendered":"https:\/\/elektrikas.ee\/p\/maaratlemata\/wltoys-144010-v8-144001-led-2-4g-racing-114-rc-car-70-km-h-brushless-motor-4wd-high-speed-off-road-vehicle-drift-toys-kids-gift\/"},"modified":"2025-10-28T23:38:21","modified_gmt":"2025-10-28T21:38:21","slug":"wltoys-144010-v8","status":"publish","type":"product","link":"https:\/\/elektrikas.ee\/lt\/p\/rc\/4x4\/wltoys-144010-v8\/","title":{"rendered":"WLtoys 144010-V8 1:14 70 km\/h 4WD nuotolinio valdymo automobilis"},"content":{"rendered":"<p>Modelis: WL 144010<\/p>\n<p>Prek\u0117s \u017eenklas: WLtoys<\/p>\n<p>Mastelis: 1:14<\/p>\n<p>Produkto dydis (CM): 31*20,5*11<\/p>\n<p>Pakuot\u0117s dydis (cm): 41,5*22,7*14<\/p>\n<p>Pakuot\u0117s dydis (cm): 41*25*14<\/p>\n<p>Produkto svoris: 0,89 kg<\/p>\n<p>Pakuot\u0117s svoris: 1,54 kg<\/p>\n<p>Maksimalus greitis: 75 km\/h<\/p>\n<p>Kelion\u0117s trukm\u0117: 8 minut\u0117s<\/p>\n<p>\u012ekrovimo laikas: 3 valandos<\/p>\n<p>Nuotolinis valdymas: 2,4 G nuotolinis valdymas<\/p>\n<p>Nuotolinio valdymo pultelio baterijos: 4 * AA baterijos (\u012f komplekt\u0105 ne\u012feina)<\/p>\n<p>Nuotolis: 100 metr\u0173 +<\/p>\n<p>Variklis: be\u0161epetis variklis<\/p>\n<p>Standartin\u0117s baterijos duomenys: 7,4 V, 1500 mAh<\/p>","protected":false},"excerpt":{"rendered":"<p>Mudel: WL 144010 Kaubam\u00e4rk: WLtoys M\u00f5\u00f5tkava: 1:14 Toote suurus (CM): 31*20,5*11 Pakendi suurus (CM): 41,5*22,7*14 Pakendi suurus (CM): 41*25*14 Toote kaal: 0,89 kg Pakendi kaal: 1,54 kg Maksimaalne kiirus: 75 km\/h S\u00f5iduaeg: 8 minutit Laadimisaeg: 3 tundi Kaugjuhtimispult: 2,4G kaugjuhtimispult Kaugjuhtimispuldi patarei: 4 * AA patarei (ei kuulu komplekti) Kaugkaugus: 100 meetrit + Ajami mootor: [&hellip;]<\/p>","protected":false},"featured_media":18662,"template":"","meta":[],"product_brand":[],"product_cat":[166],"product_tag":[],"class_list":{"0":"post-18661","1":"product","2":"type-product","3":"status-publish","4":"has-post-thumbnail","6":"product_cat-4x4","8":"first","9":"instock","10":"taxable","11":"shipping-taxable","12":"purchasable","13":"product-type-variable","14":"wvs-archive-product-wrapper"},"_links":{"self":[{"href":"https:\/\/elektrikas.ee\/lt\/wp-json\/wp\/v2\/product\/18661","targetHints":{"allow":["GET"]}}],"collection":[{"href":"https:\/\/elektrikas.ee\/lt\/wp-json\/wp\/v2\/product"}],"about":[{"href":"https:\/\/elektrikas.ee\/lt\/wp-json\/wp\/v2\/types\/product"}],"wp:featuredmedia":[{"embeddable":true,"href":"https:\/\/elektrikas.ee\/lt\/wp-json\/wp\/v2\/media\/18662"}],"wp:attachment":[{"href":"https:\/\/elektrikas.ee\/lt\/wp-json\/wp\/v2\/media?parent=18661"}],"wp:term":[{"taxonomy":"product_brand","embeddable":true,"href":"https:\/\/elektrikas.ee\/lt\/wp-json\/wp\/v2\/product_brand?post=18661"},{"taxonomy":"product_cat","embeddable":true,"href":"https:\/\/elektrikas.ee\/lt\/wp-json\/wp\/v2\/product_cat?post=18661"},{"taxonomy":"product_tag","embeddable":true,"href":"https:\/\/elektrikas.ee\/lt\/wp-json\/wp\/v2\/product_tag?post=18661"}],"curies":[{"name":"wp","href":"https:\/\/api.w.org\/{rel}","templated":true}]}}