{"id":19087,"date":"2025-09-11T20:59:23","date_gmt":"2025-09-11T17:59:23","guid":{"rendered":"https:\/\/elektrikas.ee\/?page_id=19087"},"modified":"2025-09-11T20:59:42","modified_gmt":"2025-09-11T17:59:42","slug":"laste-sunnipaeva-seiklus","status":"publish","type":"page","link":"https:\/\/elektrikas.ee\/lt\/laste-sunnipaeva-seiklus\/","title":{"rendered":"Vaik\u0173 gimtadienio nuotykis"},"content":{"rendered":"<div data-elementor-type=\"wp-page\" data-elementor-id=\"19087\" class=\"elementor elementor-19087\" data-elementor-post-type=\"page\">\n\t\t\t\t\t\t<section class=\"elementor-section elementor-top-section elementor-element elementor-element-dc34983 elementor-section-boxed elementor-section-height-default elementor-section-height-default\" data-id=\"dc34983\" data-element_type=\"section\">\n\t\t\t\t\t\t<div class=\"elementor-container elementor-column-gap-default\">\n\t\t\t\t\t<div class=\"elementor-column elementor-col-100 elementor-top-column elementor-element elementor-element-2c2f320\" data-id=\"2c2f320\" data-element_type=\"column\">\n\t\t\t<div class=\"elementor-widget-wrap elementor-element-populated\">\n\t\t\t\t\t\t<div class=\"elementor-element elementor-element-6820661 elementor-widget elementor-widget-text-editor\" data-id=\"6820661\" data-element_type=\"widget\" data-widget_type=\"text-editor.default\">\n\t\t\t\t<div class=\"elementor-widget-container\">\n\t\t\t\t\t\t\t\t\t<p class=\"ng-star-inserted\"><span class=\"ng-star-inserted\">Ie\u0161kote ka\u017eko tikrai unikalaus ir \u012fsimintino savo vaiko gimtadienio \u0161ventei ar kitam renginiui? Si\u016blome \u201eKlotsilahing\u201c \u2013 pirm\u0105j\u0105 Estijoje \u201eLego Battlebots\u201c patirt\u012f, kuri \u012f j\u016bs\u0173 \u0161vent\u0119 atne\u0161 robot\u0173 ir statybos meno jaudul\u012f! Tai adrenalino kupina patirtis, kai galingais \u201eTechnic\u201c varikliais apr\u016bpinti \u201eLego\u201c robotai kovoja specialiai pastatytoje arenoje. Pamir\u0161kite \u012fprastas \u0161ventes \u2013 surenkite savo vaikui ir jo draugams dien\u0105, kupin\u0105 strategijos, konstravimo ir \u012fdomi\u0173 kov\u0173!<\/span><\/p><h2 class=\"ng-star-inserted\"><span class=\"ng-star-inserted\">Blok\u0173 m\u016b\u0161is \u2013 kas tai yra?<\/span><\/h2><p class=\"ng-star-inserted\"><span class=\"ng-star-inserted\">Blok\u0173 m\u016b\u0161is \u2013 tai unikali ir interaktyvi pramoga, kuri sujungia vaik\u0173 m\u0117gstamus dalykus \u2013 \u201eLego\u201c ir \u012fdomius robot\u0173 m\u016b\u0161ius. Ji \u012fkv\u0117pta garsi\u0173 \u201eBattlebots\u201c var\u017eyb\u0173, ta\u010diau pritaikyta vaikams ir sukurta i\u0161skirtinai i\u0161 \u201eLego Technic\u201c blok\u0173. Kiekvienas robotas turi galingus variklius ir pavojingus ginklus, kurie \u0161vilpia kar\u0161tos kovos metu. Vaikai gali rinktis i\u0161 \u0161e\u0161i\u0173 skirting\u0173 robot\u0173, kuri\u0173 kiekvienas turi savo unikalias savybes ir ginklus. M\u016b\u0161iai vyksta saugioje 1,5 x 1,5 metro arenoje, kur kiekvienas manevras ir ataka yra kriti\u0161kai svarb\u016bs!<\/span><\/p><h2 class=\"ng-star-inserted\"><span class=\"ng-star-inserted\">Kod\u0117l rinktis Klotsilahing gimtadieniui ar renginiui?<\/span><\/h2><p class=\"ng-star-inserted\"><span class=\"ng-star-inserted\">Blok\u0173 statyba yra idealus pasirinkimas, jei norite vaikams pasi\u016blyti daugiau nei tik \u017eaidimus:<\/span><\/p><ul class=\"ng-star-inserted\"><li class=\"ng-star-inserted\"><p class=\"ng-star-inserted\"><strong class=\"ng-star-inserted\"><span class=\"ng-star-inserted\">Adrenalinas ir jaudulys:<\/span><\/strong><span class=\"ng-star-inserted\">\u00a0Greiti manevrai, galingi ginklai ir netik\u0117ti pos\u016bkiai prikausto vaik\u0173 d\u0117mes\u012f.<\/span><\/p><\/li><li class=\"ng-star-inserted\"><p class=\"ng-star-inserted\"><strong class=\"ng-star-inserted\"><span class=\"ng-star-inserted\">Veiklos pl\u0117tojimas:<\/span><\/strong><span class=\"ng-star-inserted\">\u00a0Nors tai yra pramoga, ji taip pat ugdo strategin\u012f m\u0105stym\u0105, k\u016brybi\u0161kum\u0105 ir problem\u0173 sprendimo \u012fg\u016bd\u017eius. Vaikai gali \u017eaismingai dalyvauti robotikos pasaulyje.<\/span><\/p><\/li><li class=\"ng-star-inserted\"><p class=\"ng-star-inserted\"><strong class=\"ng-star-inserted\"><span class=\"ng-star-inserted\">Unikali patirtis:<\/span><\/strong><span class=\"ng-star-inserted\">\u00a0Tai unikali \u201eLego\u201c robot\u0173 kovos koncepcija Estijoje, kuri i\u0161siskiria i\u0161 kit\u0173 gimtadienio veikl\u0173.<\/span><\/p><\/li><li class=\"ng-star-inserted\"><p class=\"ng-star-inserted\"><strong class=\"ng-star-inserted\"><span class=\"ng-star-inserted\">Tinka daugeliui prog\u0173:<\/span><\/strong><span class=\"ng-star-inserted\">\u00a0Be gimtadieni\u0173, \u201eKlotsilahing\u201c taip pat puikiai tinka mokyklos renginiams, stovykloms, \u0161eimos dienoms, festivaliams arba tiesiog kaip smagi veikla draug\u0173 kompanijai.<\/span><\/p><\/li><\/ul><h2 class=\"ng-star-inserted\"><span class=\"ng-star-inserted\">Kaip veikia Klotsilahing?<\/span><\/h2><p class=\"ng-star-inserted\"><span class=\"ng-star-inserted\">M\u016bs\u0173 instruktorius vis\u0105 reikiam\u0105 \u012frang\u0105 \u2013 aren\u0105, robotus ir nuotolinio valdymo pultus \u2013 atve\u0161 tiesiai \u012f j\u016bs\u0173 pasirinkt\u0105 viet\u0105. Prie\u0161 prasidedant kovoms, vaikai tur\u0117s galimyb\u0119 susipa\u017einti su robotais, i\u0161mokti juos valdyti ir parengti kovos strategijas. Tada prasid\u0117s \u012fdom\u016bs dvikovos ir turnyrai, kuri\u0173 metu bus i\u0161rinktas geriausias robot\u0173 pilotas! M\u016bs\u0173 instruktorius u\u017etikrins, kad visas renginys vykt\u0173 skland\u017eiai ir saugiai, tuo pa\u010diu aktyviai pad\u0117damas vaikams ir juos pramogindamas. Viskas yra prieinama vietoje, kad j\u016bs\u0173 vaikas ir jo draugai gal\u0117t\u0173 m\u0117gautis visapusi\u0161ka ir ner\u016bpestinga kovos patirtimi.<\/span><\/p><h2 class=\"ng-star-inserted\"><span class=\"ng-star-inserted\">Patogi ir lanksti paslauga Tartu ir jo apylink\u0117se<\/span><\/h2><p class=\"ng-star-inserted\"><span class=\"ng-star-inserted\">Si\u016blome \u201eKlotsilahing\u201c nuomos paslaug\u0105, kuri yra idealus sprendimas j\u016bs\u0173 renginiui. Paslaugos kaina yra\u00a0<\/span><strong class=\"ng-star-inserted\"><span class=\"ng-star-inserted\">70 eur\u0173 u\u017e valand\u0105<\/span><\/strong><span class=\"ng-star-inserted\">, \u012fskaitant vis\u0105 \u012frang\u0105 ir instrukcijas. Bus prid\u0117tos transporto i\u0161laidos.\u00a0<\/span><strong class=\"ng-star-inserted\"><span class=\"ng-star-inserted\">0,6 euro u\u017e kilometr\u0105 nuo Tartu miesto rib\u0173<\/span><\/strong><span class=\"ng-star-inserted\">. Mes pasireng\u0119 atvykti \u012f J\u016bs\u0173 pasirinkt\u0105 viet\u0105, nesvarbu, ar tai b\u016bt\u0173 J\u016bs\u0173 namai, nuomojama sal\u0117, ar kita tinkama vieta. U\u017esisakykite \u201eKlotsilahing\u201c jau \u0161iandien ir padovanokite savo vaikui nepamir\u0161tamus \u012fsp\u016bd\u017eius ir adrenalino doz\u0119!<\/span><\/p><p class=\"ng-star-inserted\"><strong class=\"ng-star-inserted\"><span class=\"ng-star-inserted\">Susisiekite su mumis, kad aptartume j\u016bs\u0173 renginio detales ir u\u017esisakytum\u0117te \u201eKlotsilahingu\u201c patirt\u012f!<\/span><\/strong><\/p>\t\t\t\t\t\t\t\t<\/div>\n\t\t\t\t<\/div>\n\t\t\t\t\t<\/div>\n\t\t<\/div>\n\t\t\t\t\t<\/div>\n\t\t<\/section>\n\t\t\t\t<\/div>","protected":false},"excerpt":{"rendered":"<p>Kas otsid oma lapse s\u00fcnnip\u00e4evapeole v\u00f5i muule \u00fcritusele midagi t\u00f5eliselt ainulaadset ja meeldej\u00e4\u00e4vat? Pakume Klotsilahingut \u2013 Eesti esimese Lego Battlebots\u2019i elamust, mis toob robootika ja ehituskunsti p\u00f5nevuse otse teie peole! See on adrenaliinirohke kogemus, kus v\u00f5imsate Technic mootoritega varustatud Lego robotid astuvad lahingusse spetsiaalselt ehitatud areenil. Unusta tavalised peod \u2013 korralda oma lapsele ja tema [&hellip;]<\/p>","protected":false},"author":4,"featured_media":0,"parent":0,"menu_order":0,"comment_status":"closed","ping_status":"closed","template":"","meta":{"footnotes":""},"categories":[],"tags":[],"class_list":["post-19087","page","type-page","status-publish","hentry"],"_links":{"self":[{"href":"https:\/\/elektrikas.ee\/lt\/wp-json\/wp\/v2\/pages\/19087","targetHints":{"allow":["GET"]}}],"collection":[{"href":"https:\/\/elektrikas.ee\/lt\/wp-json\/wp\/v2\/pages"}],"about":[{"href":"https:\/\/elektrikas.ee\/lt\/wp-json\/wp\/v2\/types\/page"}],"author":[{"embeddable":true,"href":"https:\/\/elektrikas.ee\/lt\/wp-json\/wp\/v2\/users\/4"}],"replies":[{"embeddable":true,"href":"https:\/\/elektrikas.ee\/lt\/wp-json\/wp\/v2\/comments?post=19087"}],"version-history":[{"count":4,"href":"https:\/\/elektrikas.ee\/lt\/wp-json\/wp\/v2\/pages\/19087\/revisions"}],"predecessor-version":[{"id":19091,"href":"https:\/\/elektrikas.ee\/lt\/wp-json\/wp\/v2\/pages\/19087\/revisions\/19091"}],"wp:attachment":[{"href":"https:\/\/elektrikas.ee\/lt\/wp-json\/wp\/v2\/media?parent=19087"}],"wp:term":[{"taxonomy":"category","embeddable":true,"href":"https:\/\/elektrikas.ee\/lt\/wp-json\/wp\/v2\/categories?post=19087"},{"taxonomy":"post_tag","embeddable":true,"href":"https:\/\/elektrikas.ee\/lt\/wp-json\/wp\/v2\/tags?post=19087"}],"curies":[{"name":"wp","href":"https:\/\/api.w.org\/{rel}","templated":true}]}}