{"id":19216,"date":"2025-10-27T20:27:05","date_gmt":"2025-10-27T18:27:05","guid":{"rendered":"https:\/\/elektrikas.ee\/?post_type=product&#038;p=19216"},"modified":"2026-03-01T16:49:53","modified_gmt":"2026-03-01T14:49:53","slug":"klotsilahingu-robot-denial","status":"publish","type":"product","link":"https:\/\/elektrikas.ee\/fi\/p\/klotsid\/komplektid\/klotsilahingu-robot-denial\/","title":{"rendered":"Tiilitaistelurobotin kielt\u00e4minen 677 kpl"},"content":{"rendered":"<p>Sarja sis\u00e4lt\u00e4\u00e4 3 moottoria, akun ja konsolin (Mould King).<\/p>\n<p>Technicalities by KK:n kehitt\u00e4m\u00e4ss\u00e4 ja hyv\u00e4ksym\u00e4ss\u00e4 tuotteessa on vankka ulkokehys, joka lis\u00e4\u00e4 liikkuvuutta ja vakautta taisteluissa. Kompaktin rakenteensa, useiden tukipisteiden ja ter\u00e4vien punaisten elementtien ansiosta se tarjoaa sek\u00e4 suojaavia ominaisuuksia ett\u00e4 aggressiivisen muotoilun, joka sopii t\u00e4ydellisesti kiihkeisiin taisteluihin. Mustan ja violetin p\u00e4\u00e4s\u00e4vyt, joihin on lis\u00e4tty sinisi\u00e4 ja punaisia korostuksia, luovat silmiinpist\u00e4v\u00e4n teollisen estetiikan, jolla on visuaalisesti upea vaikutus.<\/p>","protected":false},"excerpt":{"rendered":"<p>Valmistaja: LesDIY<br \/>\nSuunnittelija: Technicalities by KK<br \/>\nPCS: 677<br \/>\nKoko: 28 x 33 x 30 cm<\/p>\n<p>Toimitus: 1,5 kuukautta - valmistettu Hongkongissa tilauksen tekemisen j\u00e4lkeen.<\/p>","protected":false},"featured_media":19217,"template":"","meta":[],"product_brand":[],"product_cat":[270],"product_tag":[],"class_list":{"0":"post-19216","1":"product","2":"type-product","3":"status-publish","4":"has-post-thumbnail","6":"product_cat-komplektid","8":"first","9":"instock","10":"taxable","11":"shipping-taxable","12":"purchasable","13":"product-type-simple"},"_links":{"self":[{"href":"https:\/\/elektrikas.ee\/fi\/wp-json\/wp\/v2\/product\/19216","targetHints":{"allow":["GET"]}}],"collection":[{"href":"https:\/\/elektrikas.ee\/fi\/wp-json\/wp\/v2\/product"}],"about":[{"href":"https:\/\/elektrikas.ee\/fi\/wp-json\/wp\/v2\/types\/product"}],"wp:featuredmedia":[{"embeddable":true,"href":"https:\/\/elektrikas.ee\/fi\/wp-json\/wp\/v2\/media\/19217"}],"wp:attachment":[{"href":"https:\/\/elektrikas.ee\/fi\/wp-json\/wp\/v2\/media?parent=19216"}],"wp:term":[{"taxonomy":"product_brand","embeddable":true,"href":"https:\/\/elektrikas.ee\/fi\/wp-json\/wp\/v2\/product_brand?post=19216"},{"taxonomy":"product_cat","embeddable":true,"href":"https:\/\/elektrikas.ee\/fi\/wp-json\/wp\/v2\/product_cat?post=19216"},{"taxonomy":"product_tag","embeddable":true,"href":"https:\/\/elektrikas.ee\/fi\/wp-json\/wp\/v2\/product_tag?post=19216"}],"curies":[{"name":"wp","href":"https:\/\/api.w.org\/{rel}","templated":true}]}}