{"id":18695,"date":"2025-06-11T16:25:34","date_gmt":"2025-06-11T13:25:34","guid":{"rendered":"https:\/\/elektrikas.ee\/p\/maaratlemata\/wltoys-a959a-a959b-1-18-4wd-rc-racing-car-35km-h-2-4g-remote-control-drift-high-speed-off-road-vehicle-adult-boys-toys-kids-gift\/"},"modified":"2025-10-28T23:37:11","modified_gmt":"2025-10-28T21:37:11","slug":"wltos-a959a-rc-car","status":"publish","type":"product","link":"https:\/\/elektrikas.ee\/fi\/p\/rc\/4x4\/wltos-a959a-rc-car\/","title":{"rendered":"WLtoys A959A 1\/18 4WD 35 km\/h drift-kauko-ohjattava auto"},"content":{"rendered":"<p>Malli: WL A959-A<br \/>\nTuotemerkki: WLtoys<br \/>\nMittakaava: 1:18<br \/>\nTuotteen koko (CM): 24,5*17,5*9,4<br \/>\nPakkauksen koko (CM): 32*21*22,5<br \/>\nPakkauskoko (CM): 32,5*21,5*23<br \/>\nTuotteen paino: 0,58 kg<br \/>\nPakkauksen paino: 1,08 kg<br \/>\nSuurin nopeus: 35 km\/h<br \/>\nLentoaika: 10 minuuttia<br \/>\nLatausaika: 3 tuntia<br \/>\nKaukos\u00e4\u00e4din: 2,4 GHz:n kaukos\u00e4\u00e4din<br \/>\nKaukos\u00e4\u00e4timen paristo: 4*AA-paristoa (ei sis\u00e4lly).<br \/>\nEt\u00e4isyys: 100 metri\u00e4 +<br \/>\nVetomoottori: 390-harjainen moottori<br \/>\nVakioakun tiedot: 6.4 V 750 mAh<\/p>\n<p>&nbsp;<\/p>\n<p>Malli: WL A959-B<\/p>\n<p>Tuotemerkki: WLtoys<\/p>\n<p>Mittakaava: 1:18<\/p>\n<p>Tuotteen koko (CM): 24,5*17,5*9,4<\/p>\n<p>Pakkauksen koko (CM): 32*21*23<\/p>\n<p>Tuotteen paino: 0,935 kg<\/p>\n<p>Pakkauksen paino: 1,20 kg<\/p>\n<p>Suurin nopeus: 70 km\/h<\/p>\n<p>Lentoaika: 6 minuuttia+<\/p>\n<p>Latausaika: 120 minuuttia<\/p>\n<p>Kauko-ohjaus: 2,4 GHz:n kauko-ohjauspaneeli<\/p>\n<p>Kaukos\u00e4\u00e4timen paristo: 4*AA-paristoa (ei sis\u00e4lly).<\/p>\n<p>Et\u00e4isyys: 100 metri\u00e4 +<\/p>\n<p>Vetomoottori: 540-harjainen moottori<\/p>\n<p>Vakioakun tiedot: 7.4 V 1500 mAh<\/p>","protected":false},"excerpt":{"rendered":"<p>Mudel: WL A959-A Kaubam\u00e4rk: WLtoys M\u00f5\u00f5tkava: 1:18 Toote suurus (CM): 24,5*17,5*9,4 Pakendi suurus (CM): 32*21*22,5 Pakendi suurus (CM): 32,5*21,5*23 Toote kaal: 0,58 kg Pakendi kaal: 1,08 kg Maksimaalne kiirus: 35 km\/h Lennuaeg: 10 minutit Laadimisaeg: 3 tundi Kaugjuhtimispult: 2,4G kaugjuhtimispult Kaugjuhtimispuldi patarei: 4 * AA patarei (ei kuulu komplekti) Kaugkaugus: 100 meetrit + Veomootor: 390 [&hellip;]<\/p>","protected":false},"featured_media":18697,"template":"","meta":[],"product_brand":[],"product_cat":[166],"product_tag":[],"class_list":{"0":"post-18695","1":"product","2":"type-product","3":"status-publish","4":"has-post-thumbnail","6":"product_cat-4x4","8":"first","9":"instock","10":"taxable","11":"shipping-taxable","12":"purchasable","13":"product-type-variable","14":"wvs-archive-product-wrapper"},"_links":{"self":[{"href":"https:\/\/elektrikas.ee\/fi\/wp-json\/wp\/v2\/product\/18695","targetHints":{"allow":["GET"]}}],"collection":[{"href":"https:\/\/elektrikas.ee\/fi\/wp-json\/wp\/v2\/product"}],"about":[{"href":"https:\/\/elektrikas.ee\/fi\/wp-json\/wp\/v2\/types\/product"}],"wp:featuredmedia":[{"embeddable":true,"href":"https:\/\/elektrikas.ee\/fi\/wp-json\/wp\/v2\/media\/18697"}],"wp:attachment":[{"href":"https:\/\/elektrikas.ee\/fi\/wp-json\/wp\/v2\/media?parent=18695"}],"wp:term":[{"taxonomy":"product_brand","embeddable":true,"href":"https:\/\/elektrikas.ee\/fi\/wp-json\/wp\/v2\/product_brand?post=18695"},{"taxonomy":"product_cat","embeddable":true,"href":"https:\/\/elektrikas.ee\/fi\/wp-json\/wp\/v2\/product_cat?post=18695"},{"taxonomy":"product_tag","embeddable":true,"href":"https:\/\/elektrikas.ee\/fi\/wp-json\/wp\/v2\/product_tag?post=18695"}],"curies":[{"name":"wp","href":"https:\/\/api.w.org\/{rel}","templated":true}]}}