{"id":19087,"date":"2025-09-11T20:59:23","date_gmt":"2025-09-11T17:59:23","guid":{"rendered":"https:\/\/elektrikas.ee\/?page_id=19087"},"modified":"2025-09-11T20:59:42","modified_gmt":"2025-09-11T17:59:42","slug":"laste-sunnipaeva-seiklus","status":"publish","type":"page","link":"https:\/\/elektrikas.ee\/fi\/laste-sunnipaeva-seiklus\/","title":{"rendered":"Lasten syntym\u00e4p\u00e4iv\u00e4seikkailu"},"content":{"rendered":"<div data-elementor-type=\"wp-page\" data-elementor-id=\"19087\" class=\"elementor elementor-19087\" data-elementor-post-type=\"page\">\n\t\t\t\t\t\t<section class=\"elementor-section elementor-top-section elementor-element elementor-element-dc34983 elementor-section-boxed elementor-section-height-default elementor-section-height-default\" data-id=\"dc34983\" data-element_type=\"section\">\n\t\t\t\t\t\t<div class=\"elementor-container elementor-column-gap-default\">\n\t\t\t\t\t<div class=\"elementor-column elementor-col-100 elementor-top-column elementor-element elementor-element-2c2f320\" data-id=\"2c2f320\" data-element_type=\"column\">\n\t\t\t<div class=\"elementor-widget-wrap elementor-element-populated\">\n\t\t\t\t\t\t<div class=\"elementor-element elementor-element-6820661 elementor-widget elementor-widget-text-editor\" data-id=\"6820661\" data-element_type=\"widget\" data-widget_type=\"text-editor.default\">\n\t\t\t\t<div class=\"elementor-widget-container\">\n\t\t\t\t\t\t\t\t\t<p class=\"ng-star-inserted\"><span class=\"ng-star-inserted\">Etsitk\u00f6 jotain todella ainutlaatuista ja ikimuistoista lapsesi syntym\u00e4p\u00e4iv\u00e4juhliin tai muuhun tapahtumaan? Tarjoamme Klotsilahing \u2013 Viron ensimm\u00e4isen Lego Battlebots -kokemuksen, joka tuo robotiikan ja rakennustekniikan j\u00e4nnityksen suoraan juhliisi! Se on adrenaliinint\u00e4yteinen kokemus, jossa tehokkailla Technic-moottoreilla varustetut Lego-robotit taistelevat kesken\u00e4\u00e4n erityisesti t\u00e4t\u00e4 tarkoitusta varten rakennetussa areenassa. Unohda tavalliset juhlat \u2013 j\u00e4rjest\u00e4 lapsellesi ja h\u00e4nen yst\u00e4villeen p\u00e4iv\u00e4 t\u00e4ynn\u00e4 strategiaa, rakentelua ja j\u00e4nnitt\u00e4vi\u00e4 taisteluita!<\/span><\/p><h2 class=\"ng-star-inserted\"><span class=\"ng-star-inserted\">Block battle \u2013 mik\u00e4 se on?<\/span><\/h2><p class=\"ng-star-inserted\"><span class=\"ng-star-inserted\">Block Battle on ainutlaatuinen ja interaktiivinen viihdemuoto, joka yhdist\u00e4\u00e4 lasten suosikit \u2013 Legon ja j\u00e4nnitt\u00e4v\u00e4t robottitaistelut. Se on saanut inspiraationsa kuuluisista Battlebots-kilpailuista, mutta on sovitettu lapsille ja rakennettu kokonaan Lego Technic -palikoista. Jokaisella robotilla on tehokkaat moottorit ja vaaralliset aseet, jotka vinkuvat taistelun tuoksinnassa. Lapset voivat valita kuuden eri robotin v\u00e4lill\u00e4, joista jokaisella on omat ainutlaatuiset ominaisuutensa ja aseistuksensa. Taistelut k\u00e4yd\u00e4\u00e4n turvallisella 1,5 x 1,5 metrin areenalla, jossa jokainen liike ja hy\u00f6kk\u00e4ys on ratkaiseva!<\/span><\/p><h2 class=\"ng-star-inserted\"><span class=\"ng-star-inserted\">Miksi valita Klotsilahing syntym\u00e4p\u00e4iv\u00e4ksi tai tapahtumaksi?<\/span><\/h2><p class=\"ng-star-inserted\"><span class=\"ng-star-inserted\">Palikkarakentelu on ihanteellinen valinta, jos haluat tarjota lapsille muutakin kuin pelkk\u00e4\u00e4 leikki\u00e4:<\/span><\/p><ul class=\"ng-star-inserted\"><li class=\"ng-star-inserted\"><p class=\"ng-star-inserted\"><strong class=\"ng-star-inserted\"><span class=\"ng-star-inserted\">Adrenaliini ja j\u00e4nnitys:<\/span><\/strong><span class=\"ng-star-inserted\">\u00a0Nopeat liikkeet, tehokkaat aseet ja odottamattomat k\u00e4\u00e4nteet pit\u00e4v\u00e4t lapset j\u00e4nnityksess\u00e4.<\/span><\/p><\/li><li class=\"ng-star-inserted\"><p class=\"ng-star-inserted\"><strong class=\"ng-star-inserted\"><span class=\"ng-star-inserted\">Kehitystoiminta:<\/span><\/strong><span class=\"ng-star-inserted\">\u00a0Vaikka kyseess\u00e4 on viihde, se kehitt\u00e4\u00e4 my\u00f6s strategista ajattelua, luovuutta ja ongelmanratkaisutaitoja. Lapset voivat osallistua robotiikan maailmaan leikkis\u00e4ll\u00e4 tavalla.<\/span><\/p><\/li><li class=\"ng-star-inserted\"><p class=\"ng-star-inserted\"><strong class=\"ng-star-inserted\"><span class=\"ng-star-inserted\">Ainutlaatuinen kokemus:<\/span><\/strong><span class=\"ng-star-inserted\">\u00a0T\u00e4m\u00e4 on ainutlaatuinen Lego-robottitaistelukonsepti Virossa, joka erottuu muista syntym\u00e4p\u00e4iv\u00e4aktiviteeteista.<\/span><\/p><\/li><li class=\"ng-star-inserted\"><p class=\"ng-star-inserted\"><strong class=\"ng-star-inserted\"><span class=\"ng-star-inserted\">Sopii moniin tapahtumiin:<\/span><\/strong><span class=\"ng-star-inserted\">\u00a0Syntym\u00e4p\u00e4ivien lis\u00e4ksi Klotsilahing sopii erinomaisesti my\u00f6s koulun tapahtumiin, leireille, perhep\u00e4iville, festivaaleille tai yksinkertaisesti hauskana aktiviteettina yst\u00e4v\u00e4porukalle.<\/span><\/p><\/li><\/ul><h2 class=\"ng-star-inserted\"><span class=\"ng-star-inserted\">Miten Klotsilahing toimii?<\/span><\/h2><p class=\"ng-star-inserted\"><span class=\"ng-star-inserted\">Ohjaajamme tuo kaikki tarvittavat v\u00e4lineet \u2013 areenan, robotit ja kaukos\u00e4\u00e4timet \u2013 suoraan valitsemaasi paikkaan. Ennen taistelujen alkua lapsilla on mahdollisuus tutustua robotteihin, oppia ohjaamaan niit\u00e4 ja kehitt\u00e4\u00e4 taistelustrategioita. Sitten alkavat j\u00e4nnitt\u00e4v\u00e4t kaksintaistelut ja turnaukset, joissa selvitet\u00e4\u00e4n paras robottilent\u00e4j\u00e4! Ohjaajamme varmistaa, ett\u00e4 koko tapahtuma sujuu sujuvasti ja turvallisesti, ja tarjoaa lapsille aktiivista ohjausta ja viihdett\u00e4. Kaikki tarvittava on saatavilla paikan p\u00e4\u00e4ll\u00e4, jotta lapsesi ja h\u00e4nen yst\u00e4v\u00e4ns\u00e4 voivat nauttia t\u00e4ydellisest\u00e4 ja huolettomasta taistelukokemuksesta.<\/span><\/p><h2 class=\"ng-star-inserted\"><span class=\"ng-star-inserted\">K\u00e4tev\u00e4 ja joustava palvelu Tartossa ja sen ymp\u00e4rist\u00f6ss\u00e4<\/span><\/h2><p class=\"ng-star-inserted\"><span class=\"ng-star-inserted\">Tarjoamme Klotsilahing-palvelua vuokrapalveluna, joka on ihanteellinen ratkaisu tapahtumaasi. Palvelun hinta on\u00a0<\/span><strong class=\"ng-star-inserted\"><span class=\"ng-star-inserted\">70 euroa tunnilta<\/span><\/strong><span class=\"ng-star-inserted\">, joka sis\u00e4lt\u00e4\u00e4 kaikki laitteet ja ohjeet. Kuljetuskustannukset lis\u00e4t\u00e4\u00e4n hintaan.\u00a0<\/span><strong class=\"ng-star-inserted\"><span class=\"ng-star-inserted\">0,6 euroa kilometrilt\u00e4 Tarton kaupungin rajoista alkaen<\/span><\/strong><span class=\"ng-star-inserted\">. Olemme valmiita tulemaan valitsemaasi paikkaan, olipa se sitten kotisi, vuokrattu sali tai muu sopiva paikka. Varaa Klotsilahing jo t\u00e4n\u00e4\u00e4n ja anna lapsellesi lahja, joka tarjoaa unohtumattomia muistoja ja adrenaliinia!<\/span><\/p><p class=\"ng-star-inserted\"><strong class=\"ng-star-inserted\"><span class=\"ng-star-inserted\">Ota yhteytt\u00e4, niin keskustellaan tapahtumasi yksityiskohdista ja varataan Klotsilahingu-kokemuksesi!<\/span><\/strong><\/p>\t\t\t\t\t\t\t\t<\/div>\n\t\t\t\t<\/div>\n\t\t\t\t\t<\/div>\n\t\t<\/div>\n\t\t\t\t\t<\/div>\n\t\t<\/section>\n\t\t\t\t<\/div>","protected":false},"excerpt":{"rendered":"<p>Kas otsid oma lapse s\u00fcnnip\u00e4evapeole v\u00f5i muule \u00fcritusele midagi t\u00f5eliselt ainulaadset ja meeldej\u00e4\u00e4vat? Pakume Klotsilahingut \u2013 Eesti esimese Lego Battlebots\u2019i elamust, mis toob robootika ja ehituskunsti p\u00f5nevuse otse teie peole! See on adrenaliinirohke kogemus, kus v\u00f5imsate Technic mootoritega varustatud Lego robotid astuvad lahingusse spetsiaalselt ehitatud areenil. Unusta tavalised peod \u2013 korralda oma lapsele ja tema [&hellip;]<\/p>","protected":false},"author":4,"featured_media":0,"parent":0,"menu_order":0,"comment_status":"closed","ping_status":"closed","template":"","meta":{"footnotes":""},"categories":[],"tags":[],"class_list":["post-19087","page","type-page","status-publish","hentry"],"_links":{"self":[{"href":"https:\/\/elektrikas.ee\/fi\/wp-json\/wp\/v2\/pages\/19087","targetHints":{"allow":["GET"]}}],"collection":[{"href":"https:\/\/elektrikas.ee\/fi\/wp-json\/wp\/v2\/pages"}],"about":[{"href":"https:\/\/elektrikas.ee\/fi\/wp-json\/wp\/v2\/types\/page"}],"author":[{"embeddable":true,"href":"https:\/\/elektrikas.ee\/fi\/wp-json\/wp\/v2\/users\/4"}],"replies":[{"embeddable":true,"href":"https:\/\/elektrikas.ee\/fi\/wp-json\/wp\/v2\/comments?post=19087"}],"version-history":[{"count":4,"href":"https:\/\/elektrikas.ee\/fi\/wp-json\/wp\/v2\/pages\/19087\/revisions"}],"predecessor-version":[{"id":19091,"href":"https:\/\/elektrikas.ee\/fi\/wp-json\/wp\/v2\/pages\/19087\/revisions\/19091"}],"wp:attachment":[{"href":"https:\/\/elektrikas.ee\/fi\/wp-json\/wp\/v2\/media?parent=19087"}],"wp:term":[{"taxonomy":"category","embeddable":true,"href":"https:\/\/elektrikas.ee\/fi\/wp-json\/wp\/v2\/categories?post=19087"},{"taxonomy":"post_tag","embeddable":true,"href":"https:\/\/elektrikas.ee\/fi\/wp-json\/wp\/v2\/tags?post=19087"}],"curies":[{"name":"wp","href":"https:\/\/api.w.org\/{rel}","templated":true}]}}