{"id":17030,"date":"2025-02-21T19:37:23","date_gmt":"2025-02-21T17:37:23","guid":{"rendered":"https:\/\/puidunurk.ee\/?page_id=17030"},"modified":"2025-06-03T21:29:13","modified_gmt":"2025-06-03T18:29:13","slug":"privaatsuspoliitika","status":"publish","type":"page","link":"https:\/\/elektrikas.ee\/fi\/privaatsuspoliitika\/","title":{"rendered":"Tietosuojak\u00e4yt\u00e4nt\u00f6"},"content":{"rendered":"<div data-elementor-type=\"wp-page\" data-elementor-id=\"17030\" class=\"elementor elementor-17030\" data-elementor-post-type=\"page\">\n\t\t\t\t\t\t<section class=\"elementor-section elementor-top-section elementor-element elementor-element-2ac8af9 elementor-section-boxed elementor-section-height-default elementor-section-height-default\" data-id=\"2ac8af9\" data-element_type=\"section\">\n\t\t\t\t\t\t<div class=\"elementor-container elementor-column-gap-default\">\n\t\t\t\t\t<div class=\"elementor-column elementor-col-100 elementor-top-column elementor-element elementor-element-7555644\" data-id=\"7555644\" data-element_type=\"column\">\n\t\t\t<div class=\"elementor-widget-wrap elementor-element-populated\">\n\t\t\t\t\t\t<div class=\"elementor-element elementor-element-89b2d1a elementor-widget elementor-widget-heading\" data-id=\"89b2d1a\" data-element_type=\"widget\" data-widget_type=\"heading.default\">\n\t\t\t\t<div class=\"elementor-widget-container\">\n\t\t\t\t\t<h2 class=\"elementor-heading-title elementor-size-default\">Tietosuojak\u00e4yt\u00e4nt\u00f6<\/h2>\t\t\t\t<\/div>\n\t\t\t\t<\/div>\n\t\t\t\t<div class=\"elementor-element elementor-element-2818d7a elementor-widget elementor-widget-text-editor\" data-id=\"2818d7a\" data-element_type=\"widget\" data-widget_type=\"text-editor.default\">\n\t\t\t\t<div class=\"elementor-widget-container\">\n\t\t\t\t\t\t\t\t\t<p><span style=\"font-weight: 400;\">T\u00e4m\u00e4n tietosuojak\u00e4yt\u00e4nn\u00f6n ehdot koskevat STRAT O\u00dc:n verkkosivustoa\/verkkokauppaa. Tietosuojak\u00e4yt\u00e4nt\u00f6\u00e4 sovelletaan asiakkaiden henkil\u00f6tietojen ker\u00e4\u00e4miseen, k\u00e4ytt\u00f6\u00f6n, luovuttamiseen, siirt\u00e4miseen ja s\u00e4ilytt\u00e4miseen (j\u00e4ljemp\u00e4n\u00e4 yhteisesti \u201ek\u00e4sittely\u201c). Henkil\u00f6tietoja k\u00e4sitell\u00e4\u00e4n ainoastaan lains\u00e4\u00e4d\u00e4nn\u00f6ss\u00e4 asetettujen vaatimusten mukaisesti ja noudattaen kaikkia varotoimia henkil\u00f6tietojen suojaamiseksi. K\u00e4ytt\u00e4m\u00e4ll\u00e4 verkkosivustoa asiakas vahvistaa hyv\u00e4ksyv\u00e4ns\u00e4 t\u00e4m\u00e4n tietosuojak\u00e4yt\u00e4nn\u00f6n.<\/span><\/p><p><span style=\"font-weight: 400;\">STRAT O\u00dc on henkil\u00f6tietojen rekisterinpit\u00e4j\u00e4, STRAT O\u00dc siirt\u00e4\u00e4 maksujen suorittamiseksi tarvittavat henkil\u00f6tiedot henkil\u00f6tietojen k\u00e4sittelij\u00e4lle. <a href=\"https:\/\/modena.ee\/et\">Modenale<\/a>.\u00a0<\/span><\/p><p><span style=\"font-weight: 400;\">tunnistettuun tai tunnistettavissa olevaan luonnolliseen henkil\u00f6\u00f6n liittyv\u00e4t henkil\u00f6tiedot:<\/span><\/p><ul><li style=\"font-weight: 400;\" aria-level=\"1\"><span style=\"font-weight: 400;\">etu- ja sukunimi<\/span><\/li><li style=\"font-weight: 400;\" aria-level=\"1\"><span style=\"font-weight: 400;\">osoite<\/span><\/li><li style=\"font-weight: 400;\" aria-level=\"1\"><span style=\"font-weight: 400;\">puhelinnumero<\/span><\/li><li style=\"font-weight: 400;\" aria-level=\"1\"><span style=\"font-weight: 400;\">s\u00e4hk\u00f6postiosoite<\/span><\/li><li style=\"font-weight: 400;\" aria-level=\"1\"><span style=\"font-weight: 400;\">henkil\u00f6tunnus<\/span><\/li><li style=\"font-weight: 400;\" aria-level=\"1\"><span style=\"font-weight: 400;\">tiedot asiakkaan verkkokaupoissa tekemist\u00e4 ostoksista.<\/span><\/li><li style=\"font-weight: 400;\" aria-level=\"1\"><span style=\"font-weight: 400;\">IP-osoite<\/span><\/li><\/ul><p><span style=\"font-weight: 400;\">STRAT O\u00dc l\u00e4hett\u00e4\u00e4 uutiskirjeit\u00e4 ja tarjouksia asiakkailleen vain, jos asiakas on antanut siihen suostumuksensa. Asiakkaalla on oikeus peruuttaa t\u00e4m\u00e4 suostumus milloin tahansa.<\/span><\/p><p><span style=\"font-weight: 400;\">STRAT O\u00dc:ll\u00e4 on oikeus siirt\u00e4\u00e4 henkil\u00f6tietoja:<\/span><\/p><ul><li style=\"font-weight: 400;\" aria-level=\"1\"><span style=\"font-weight: 400;\">kuljetusyritykset, jos se on tarpeen asiakkaan verkkokaupasta tehdyn ostoksen toimittamiseksi asiakkaalle.<\/span><\/li><li style=\"font-weight: 400;\" aria-level=\"1\"><span style=\"font-weight: 400;\">suostumus palveluntarjoajille suoritettavien maksuerien perusteisiin.<\/span><\/li><li style=\"font-weight: 400;\" aria-level=\"1\"><span style=\"font-weight: 400;\">laissa s\u00e4\u00e4detyiss\u00e4 tapauksissa valvonta- ja tutkintaviranomaisille.<\/span><\/li><li style=\"font-weight: 400;\" aria-level=\"1\"><span style=\"font-weight: 400;\">tuomioistuimet, tuomioistuinten ulkopuoliset riidanratkaisuelimet, perint\u00e4yhti\u00f6t.<\/span><\/li><li style=\"font-weight: 400;\" aria-level=\"1\"><span style=\"font-weight: 400;\">suoramarkkinointipalvelujen tarjoajille suostumuksen perusteella.<\/span><\/li><li style=\"font-weight: 400;\" aria-level=\"1\"><span style=\"font-weight: 400;\">kirjanpitopalvelujen tarjoajan lakis\u00e4\u00e4teisten velvoitteiden t\u00e4ytt\u00e4miseksi.<\/span><\/li><\/ul><p><span style=\"font-weight: 400;\">Asiakkaalla on milloin tahansa oikeus tutustua h\u00e4nest\u00e4 ker\u00e4ttyihin tietoihin, pyyt\u00e4\u00e4 henkil\u00f6tietojensa oikaisemista tai henkil\u00f6tietojen k\u00e4sittelyn lopettamista.<\/span><\/p><p><span style=\"font-weight: 400;\">Ker\u00e4\u00e4mme my\u00f6s muita kuin henkil\u00f6kohtaisesti tunnistettavia tietoja (kuten sukupuoli, ik\u00e4, sijainti).<\/span><\/p><p><span style=\"font-weight: 400;\">Henkil\u00f6tietoja ja muita kuin henkil\u00f6tietoja voidaan ker\u00e4t\u00e4 seuraavilla tavoilla:<\/span><\/p><ul><li style=\"font-weight: 400;\" aria-level=\"1\"><span style=\"font-weight: 400;\">annettaessa yhteystietoja verkkokaupassa<\/span><\/li><li style=\"font-weight: 400;\" aria-level=\"1\"><span style=\"font-weight: 400;\">verkkosivustoa k\u00e4ytett\u00e4ess\u00e4 k\u00e4ytt\u00e4j\u00e4n tilitietojen tai ev\u00e4steiden kautta.<\/span><\/li><li style=\"font-weight: 400;\" aria-level=\"1\"><span style=\"font-weight: 400;\">kun teet ostoksen, pyyd\u00e4t tarjouksen tai teet tilauksen verkkokaupassa.<\/span><\/li><\/ul><p><span style=\"font-weight: 400;\">Kaikkia asiakkailta saatuja henkil\u00f6tietoja k\u00e4sitell\u00e4\u00e4n luottamuksellisina tietoina. P\u00e4\u00e4sy henkil\u00f6tietojen k\u00e4sittelyyn ja muuttamiseen on rajoitettu valtuutettuihin henkil\u00f6ihin, ja STRAT Oy toteuttaa kaikki varotoimenpiteet (mukaan lukien hallinnolliset, tekniset ja fyysiset toimenpiteet) asiakkaan henkil\u00f6tietojen suojaamiseksi.<\/span><\/p><p><span style=\"font-weight: 400;\">Pid\u00e4t\u00e4mme oikeuden muuttaa t\u00e4m\u00e4n tietosuojak\u00e4yt\u00e4nn\u00f6n ehtoja julkaisemalla tarkistetun tietosuojak\u00e4yt\u00e4nn\u00f6n verkkosivustollamme.<\/span><\/p>\t\t\t\t\t\t\t\t<\/div>\n\t\t\t\t<\/div>\n\t\t\t\t\t<\/div>\n\t\t<\/div>\n\t\t\t\t\t<\/div>\n\t\t<\/section>\n\t\t\t\t<\/div>","protected":false},"excerpt":{"rendered":"<p>Privaatsuspoliitika K\u00e4esoleva privaatsuspoliitika tingimused kehtivad STRAT O\u00dc kodulehel\/e-poes. Privaatsuspoliitika p\u00f5him\u00f5tted k\u00e4sitlevad klientide isikuandmete kogumist, kasutamist, avaldamist, edastamist ja talletamist (edaspidi koos nimetatud \u201et\u00f6\u00f6tlemine\u201c). Isikuandmeid t\u00f6\u00f6deldakse vaid koosk\u00f5las \u00f5igusaktides kehtestatud n\u00f5uetega ning rakendades k\u00f5iki ettevaatusabin\u00f5usid isikuandmete kaitsmiseks. Veebilehe kasutamisega kinnitab klient oma n\u00f5ustumist k\u00e4esoleva privaatsuspoliitikaga. STRAT O\u00dc on isikuandmete vastutav t\u00f6\u00f6tleja, STRAT O\u00dc edastab maksete teostamiseks [&hellip;]<\/p>","protected":false},"author":4,"featured_media":0,"parent":0,"menu_order":0,"comment_status":"closed","ping_status":"closed","template":"","meta":{"footnotes":""},"categories":[],"tags":[],"class_list":["post-17030","page","type-page","status-publish","hentry"],"_links":{"self":[{"href":"https:\/\/elektrikas.ee\/fi\/wp-json\/wp\/v2\/pages\/17030","targetHints":{"allow":["GET"]}}],"collection":[{"href":"https:\/\/elektrikas.ee\/fi\/wp-json\/wp\/v2\/pages"}],"about":[{"href":"https:\/\/elektrikas.ee\/fi\/wp-json\/wp\/v2\/types\/page"}],"author":[{"embeddable":true,"href":"https:\/\/elektrikas.ee\/fi\/wp-json\/wp\/v2\/users\/4"}],"replies":[{"embeddable":true,"href":"https:\/\/elektrikas.ee\/fi\/wp-json\/wp\/v2\/comments?post=17030"}],"version-history":[{"count":5,"href":"https:\/\/elektrikas.ee\/fi\/wp-json\/wp\/v2\/pages\/17030\/revisions"}],"predecessor-version":[{"id":18132,"href":"https:\/\/elektrikas.ee\/fi\/wp-json\/wp\/v2\/pages\/17030\/revisions\/18132"}],"wp:attachment":[{"href":"https:\/\/elektrikas.ee\/fi\/wp-json\/wp\/v2\/media?parent=17030"}],"wp:term":[{"taxonomy":"category","embeddable":true,"href":"https:\/\/elektrikas.ee\/fi\/wp-json\/wp\/v2\/categories?post=17030"},{"taxonomy":"post_tag","embeddable":true,"href":"https:\/\/elektrikas.ee\/fi\/wp-json\/wp\/v2\/tags?post=17030"}],"curies":[{"name":"wp","href":"https:\/\/api.w.org\/{rel}","templated":true}]}}