{"id":17025,"date":"2025-02-21T19:35:28","date_gmt":"2025-02-21T17:35:28","guid":{"rendered":"https:\/\/puidunurk.ee\/?page_id=17025"},"modified":"2025-06-03T21:28:13","modified_gmt":"2025-06-03T18:28:13","slug":"ostuprotsess","status":"publish","type":"page","link":"https:\/\/elektrikas.ee\/fi\/ostuprotsess\/","title":{"rendered":"Ostoprosessi"},"content":{"rendered":"<div data-elementor-type=\"wp-page\" data-elementor-id=\"17025\" class=\"elementor elementor-17025\" data-elementor-post-type=\"page\">\n\t\t\t\t\t\t<section class=\"elementor-section elementor-top-section elementor-element elementor-element-576b7be elementor-section-boxed elementor-section-height-default elementor-section-height-default\" data-id=\"576b7be\" data-element_type=\"section\">\n\t\t\t\t\t\t<div class=\"elementor-container elementor-column-gap-default\">\n\t\t\t\t\t<div class=\"elementor-column elementor-col-100 elementor-top-column elementor-element elementor-element-882d885\" data-id=\"882d885\" data-element_type=\"column\">\n\t\t\t<div class=\"elementor-widget-wrap elementor-element-populated\">\n\t\t\t\t\t\t<div class=\"elementor-element elementor-element-896ac4a elementor-widget elementor-widget-heading\" data-id=\"896ac4a\" data-element_type=\"widget\" data-widget_type=\"heading.default\">\n\t\t\t\t<div class=\"elementor-widget-container\">\n\t\t\t\t\t<h2 class=\"elementor-heading-title elementor-size-default\">Ostoprosessi<\/h2>\t\t\t\t<\/div>\n\t\t\t\t<\/div>\n\t\t\t\t<div class=\"elementor-element elementor-element-e29e59c elementor-widget elementor-widget-text-editor\" data-id=\"e29e59c\" data-element_type=\"widget\" data-widget_type=\"text-editor.default\">\n\t\t\t\t<div class=\"elementor-widget-container\">\n\t\t\t\t\t\t\t\t\t<p><span style=\"font-weight: 400;\">N\u00e4it\u00e4 ehtoja sovelletaan verkkosivustolla tehtyyn osto- ja myyntisopimukseen. <\/span><b>www.elektrikas.ee<\/b><span style=\"font-weight: 400;\"> STRAT O\u00dc:n ja Ostajan v\u00e4lisen tilauksen perusteella. Osapuolet katsovat, ett\u00e4 ostajan tekem\u00e4 tilaus on ostajan halu tehd\u00e4 sopimus. <\/span><b>www.elektrikas.ee<\/b><span style=\"font-weight: 400;\"> myyntisopimus tilauksessa m\u00e4\u00e4ritellyist\u00e4 tavaroista.<\/span><span style=\"font-weight: 400;\"><br \/><\/span><span style=\"font-weight: 400;\">Voimassa oleva tilaus perustuu ostajan asianmukaisesti tekem\u00e4\u00e4n tilaukseen ja ennakkomaksuun tilatuista tavaroista s\u00e4hk\u00f6isess\u00e4 tilausvahvistuksessa annetun tilausvahvistuksen mukaisesti. Kun summa on hyvitetty electricsin pankkitilille, electrics ryhtyy toteuttamaan tilausta. Jos ostaja ei ole maksanut tilattuja tavaroita viiden p\u00e4iv\u00e4n kuluessa tilausvahvistuksen vastaanottamisesta, tilaus peruutetaan.<\/span><\/p><p><b>www.<span style=\"font-weight: 400;\">s\u00e4hk\u00f6t<\/span>.ee<\/b><span style=\"font-weight: 400;\"> l\u00e4hett\u00e4\u00e4 tilatut tavarat 2-5 ty\u00f6p\u00e4iv\u00e4n kuluessa siit\u00e4, kun rahat ovat saapuneet www.elektrikas.ee pankkitilille. Jos tilattuja tavaroita ei ole Viron varastossa tai jos tilausta ei jostain muusta syyst\u00e4 voida t\u00e4ytt\u00e4\u00e4 2-5 ty\u00f6p\u00e4iv\u00e4n kuluessa, elektrikas ilmoittaa asiasta ostajalle. elektrikas ei vastaa postipalvelun tarjoajan aiheuttamista viiv\u00e4styksist\u00e4 tavaroiden toimittamisessa ostajalle.<\/span><span style=\"font-weight: 400;\"><br \/><\/span><\/p><h5><b>Ostotiedot<\/b><\/h5><p><span style=\"font-weight: 400;\">Valitse haluamasi tuote ja klikkaa \u201eLis\u00e4\u00e4 ostoskoriin\u201c -painiketta. Valittu tuote lis\u00e4t\u00e4\u00e4n ostoskoriin. Kun olet lis\u00e4nnyt haluamasi tuotteet ostoskoriin, tarkista ne uudelleen ennen tilauksen vahvistamista. Voit halutessasi muokata ja lis\u00e4t\u00e4 ostoskorin sis\u00e4lt\u00f6\u00e4 ennen tilauksen vahvistamista. Voit my\u00f6s poistaa tuotteita ostoskorista ennen tilauksen viimeistely\u00e4.<\/span><\/p><p><b>Huomaa!<\/b><\/p><ul><li style=\"font-weight: 400;\" aria-level=\"1\"><span style=\"font-weight: 400;\">Ostoskoriin valittu tuote on muiden ostajien saatavilla, kunnes tilauksesi on vahvistettu, joten et ehk\u00e4 voi tehd\u00e4 tilausta joistakin tuotteista, kun tilauksesi on vahvistettu.<\/span><\/li><li style=\"font-weight: 400;\" aria-level=\"1\"><span style=\"font-weight: 400;\">Tuotteiden hintaan lis\u00e4t\u00e4\u00e4n kertaluonteinen toimitusmaksu (valitun toimituspalvelun tarjoajan mukaan), jonka kustannukset lis\u00e4t\u00e4\u00e4n tilattujen tuotteiden hintaan.<\/span><\/li><li style=\"font-weight: 400;\" aria-level=\"1\"><span style=\"font-weight: 400;\">Lue ehdot huolellisesti ennen tilauksen tekemist\u00e4 ja vahvista hyv\u00e4ksynt\u00e4si.<\/span><\/li><\/ul><h5><b>Miten teen tilauksen verkossa?<\/b><\/h5><ul><li style=\"font-weight: 400;\" aria-level=\"1\"><span style=\"font-weight: 400;\">Valitse haluamasi tuote<\/span><\/li><li style=\"font-weight: 400;\" aria-level=\"1\"><span style=\"font-weight: 400;\">Klikkaamalla \u201eLis\u00e4\u00e4 ostoskoriin\u201d -painiketta valittu tuote lis\u00e4t\u00e4\u00e4n automaattisesti ostoskoriin.<\/span><\/li><li style=\"font-weight: 400;\" aria-level=\"1\"><span style=\"font-weight: 400;\">Voit n\u00e4hd\u00e4 ostoskorisi sis\u00e4ll\u00f6n joko siirtym\u00e4ll\u00e4 suoraan ostoskoriin valitsemastasi tuotteesta tai k\u00e4ytt\u00e4m\u00e4ll\u00e4 sivun yl\u00e4osassa olevaa ostoskoripainiketta.<\/span><\/li><li style=\"font-weight: 400;\" aria-level=\"1\"><span style=\"font-weight: 400;\">\u201cAvaa ostoskori -n\u00e4kym\u00e4ss\u00e4 voit muuttaa tuotteiden m\u00e4\u00e4ri\u00e4 ja tarvittaessa poistaa niit\u00e4 luettelosta.<\/span><\/li><li style=\"font-weight: 400;\" aria-level=\"1\"><span style=\"font-weight: 400;\">Kun tilaus on valmis, napsauta \u201eTee tilaus\u201d -painiketta, anna haluamasi tiedot ja valitse toimitustapa.<\/span><\/li><li style=\"font-weight: 400;\" aria-level=\"1\"><span style=\"font-weight: 400;\">Valitse maksutapa ja maksa tilauksesi. Muista klikata maksun j\u00e4lkeen \u201ePalaa kauppiaalle\u201d -painiketta.<\/span><\/li><\/ul>\t\t\t\t\t\t\t\t<\/div>\n\t\t\t\t<\/div>\n\t\t\t\t\t<\/div>\n\t\t<\/div>\n\t\t\t\t\t<\/div>\n\t\t<\/section>\n\t\t\t\t<\/div>","protected":false},"excerpt":{"rendered":"<p>Ostuprotsess K\u00e4esolevad tellimistingimused kehtivad selle ostu-m\u00fc\u00fcgilepingu kohta, mis s\u00f5lmitakse veebisaidil www.elektrikas.ee esitatud tellimuse alusel STRAT O\u00dc ja Ostja vahel. Pooled loevad Ostja esitatud tellimuse Ostja sooviks s\u00f5lmida www.elektrikas.ee tellimuses esitatud kaupadele ostu-m\u00fc\u00fcgileping.Kehtiva tellimuse aluseks on Ostja poolt n\u00f5uetekohaselt esitatud tellimus ja ettemaks tellitud kauba eest, vastavalt elektrikas esitatud tellimuse kinnitusele. Kui summa on laekunud elektrikas [&hellip;]<\/p>","protected":false},"author":4,"featured_media":0,"parent":0,"menu_order":0,"comment_status":"closed","ping_status":"closed","template":"","meta":{"footnotes":""},"categories":[],"tags":[],"class_list":["post-17025","page","type-page","status-publish","hentry"],"_links":{"self":[{"href":"https:\/\/elektrikas.ee\/fi\/wp-json\/wp\/v2\/pages\/17025","targetHints":{"allow":["GET"]}}],"collection":[{"href":"https:\/\/elektrikas.ee\/fi\/wp-json\/wp\/v2\/pages"}],"about":[{"href":"https:\/\/elektrikas.ee\/fi\/wp-json\/wp\/v2\/types\/page"}],"author":[{"embeddable":true,"href":"https:\/\/elektrikas.ee\/fi\/wp-json\/wp\/v2\/users\/4"}],"replies":[{"embeddable":true,"href":"https:\/\/elektrikas.ee\/fi\/wp-json\/wp\/v2\/comments?post=17025"}],"version-history":[{"count":5,"href":"https:\/\/elektrikas.ee\/fi\/wp-json\/wp\/v2\/pages\/17025\/revisions"}],"predecessor-version":[{"id":18129,"href":"https:\/\/elektrikas.ee\/fi\/wp-json\/wp\/v2\/pages\/17025\/revisions\/18129"}],"wp:attachment":[{"href":"https:\/\/elektrikas.ee\/fi\/wp-json\/wp\/v2\/media?parent=17025"}],"wp:term":[{"taxonomy":"category","embeddable":true,"href":"https:\/\/elektrikas.ee\/fi\/wp-json\/wp\/v2\/categories?post=17025"},{"taxonomy":"post_tag","embeddable":true,"href":"https:\/\/elektrikas.ee\/fi\/wp-json\/wp\/v2\/tags?post=17025"}],"curies":[{"name":"wp","href":"https:\/\/api.w.org\/{rel}","templated":true}]}}